{"id":2727,"date":"2022-04-21T19:02:27","date_gmt":"2022-04-21T17:02:27","guid":{"rendered":"https:\/\/cormac.eu\/?post_type=product&#038;p=2727"},"modified":"2022-04-21T22:38:40","modified_gmt":"2022-04-21T20:38:40","slug":"owijarka-rks","status":"publish","type":"product","link":"https:\/\/cormac.eu\/pl\/product\/rks-wrapping-machine\/","title":{"rendered":"Owijarka RKS ll"},"content":{"rendered":"<p><span lang=\"EN-US\">Szybkobie\u017cna owijarka przeznaczona do produkt\u00f3w z p\u0142askim dnem, owijanie w dolnym sk\u0142adaniu, wraz z systemem podawania SV 4. Maszyna mo\u017ce by\u0107 opcjonalnie wyposa\u017cona w automatyczny system podawania. Zakres wydajno\u015bci: Do 400 sztuk na minut\u0119; Zastosowanie: Produkty z p\u0142askim dnem owijane w wi\u0105zki, zgrzewanie\u00a0<\/span><\/p>\n<p><img decoding=\"async\" class=\"alignnone wp-image-2700\" src=\"https:\/\/cormac.eu\/wp-content\/uploads\/2022\/04\/sample-4.jpg\" alt=\"\" width=\"132\" height=\"95\" \/><img decoding=\"async\" class=\"alignnone wp-image-2701\" src=\"https:\/\/cormac.eu\/wp-content\/uploads\/2022\/04\/sample-5.jpg\" alt=\"\" width=\"99\" height=\"125\" \/><img decoding=\"async\" class=\"alignnone wp-image-2728\" src=\"https:\/\/cormac.eu\/wp-content\/uploads\/2022\/04\/style-Knipsel.jpg\" alt=\"\" width=\"128\" height=\"91\" \/><\/p>\n<table>\n<tbody>\n<tr>\n<td colspan=\"4\" width=\"585\"><strong>Wymiary materia\u0142\u00f3w opakowaniowych<\/strong><\/td>\n<\/tr>\n<tr>\n<td width=\"146\">\n<p style=\"text-align: center\"><strong>Szeroko\u015b\u0107<\/strong><\/p>\n<\/td>\n<td style=\"text-align: center\" width=\"146\"><strong>D\u0142ugo\u015b\u0107 odci\u0119cia<\/strong><\/td>\n<td style=\"text-align: center\" width=\"146\"><strong>Ko\u0142owrotek <\/strong><strong>\u00d8<\/strong><\/td>\n<td style=\"text-align: center\" width=\"146\"><strong>Rdze\u0144 <\/strong><strong>\u00d8<\/strong><\/td>\n<\/tr>\n<tr>\n<td style=\"text-align: center\" width=\"146\">40 - 100 mm<\/td>\n<td style=\"text-align: center\" width=\"146\">40-100 mm<\/td>\n<td style=\"text-align: center\" width=\"146\">250 mm<\/td>\n<td width=\"146\">\n<p style=\"text-align: center\">35 - 78 mm<\/p>\n<\/td>\n<\/tr>\n<\/tbody>\n<\/table>\n<p>&nbsp;<\/p>\n<table style=\"height: 1081px\" width=\"612\">\n<tbody>\n<tr>\n<td width=\"293\">\n<p style=\"text-align: center\"><strong>Funkcje (niekt\u00f3re opcjonalne)<\/strong><\/p>\n<\/td>\n<td width=\"293\">\n<p style=\"text-align: center\"><strong>Korzy\u015bci<\/strong><\/p>\n<\/td>\n<\/tr>\n<tr>\n<td width=\"293\">G\u0142owica steruj\u0105ca rejestru<\/td>\n<td width=\"293\">\n<ul>\n<li>Kontrola wszystkich funkcji maszyny<\/li>\n<\/ul>\n<\/td>\n<\/tr>\n<tr>\n<td width=\"293\">Zamkni\u0119ta skrzynia bieg\u00f3w, scentralizowany system smarowania, ci\u0105g\u0142e filtrowanie oleju<\/td>\n<td width=\"293\">\n<ul>\n<li>Zapobieganie zanieczyszczeniu olejem, niskie koszty utrzymania<\/li>\n<\/ul>\n<\/td>\n<\/tr>\n<tr>\n<td width=\"293\">Bezstopniowa regulacja pr\u0119dko\u015bci z przetwornic\u0105 cz\u0119stotliwo\u015bci<\/td>\n<td width=\"293\">\n<ul>\n<li>Doskona\u0142a kontrola pr\u0119dko\u015bci<\/li>\n<\/ul>\n<p>&nbsp;<\/td>\n<\/tr>\n<tr>\n<td width=\"293\">Silnik nap\u0119dowy 1,1 kW<\/td>\n<td width=\"293\">\n<ul>\n<li>P\u0142ynna praca, mocny i niezawodny nap\u0119d<\/li>\n<\/ul>\n<\/td>\n<\/tr>\n<tr>\n<td width=\"293\">Transport roz\u0142adunkowy<\/td>\n<td width=\"293\">\n<ul>\n<li>Kontrolowany zrzut produktu<\/li>\n<\/ul>\n<\/td>\n<\/tr>\n<tr>\n<td width=\"293\">Ta\u015bma podaj\u0105ca i automatyczne systemy podawania<\/td>\n<td width=\"293\">\n<ul>\n<li>Wy\u017csza wydajno\u015b\u0107<\/li>\n<\/ul>\n<p>&nbsp;<\/td>\n<\/tr>\n<tr>\n<td width=\"293\">Kontrola punktowa fotokom\u00f3rek<\/td>\n<td width=\"293\">\n<ul>\n<li>Kontrola pozycjonowania druku<\/li>\n<\/ul>\n<\/td>\n<\/tr>\n<tr>\n<td width=\"293\">Licznik sztuk i takt\u00f3w<\/td>\n<td width=\"293\">\n<ul>\n<li>Dok\u0142adny pomiar produktu<\/li>\n<\/ul>\n<\/td>\n<\/tr>\n<tr>\n<td width=\"293\">\u0141atwy dost\u0119p do cz\u0119\u015bci formatu, cz\u0119\u015bci wej\u015bciowych, sk\u0142adanych i wy\u0142adowczych<\/td>\n<td width=\"293\">\n<ul>\n<li>Szybkie prze\u0142\u0105czanie<\/li>\n<li>\u0141atwe czyszczenie<\/li>\n<\/ul>\n<\/td>\n<\/tr>\n<tr>\n<td width=\"293\">Automatyczne zatrzymanie podawania folii<\/td>\n<td width=\"293\">\n<ul>\n<li>Brak produktu - brak opakowania<\/li>\n<li>Zapobieganie zaci\u0119ciom folii<\/li>\n<\/ul>\n<\/td>\n<\/tr>\n<tr>\n<td width=\"293\">Drugie urz\u0105dzenie do rozwijania folii<\/td>\n<td width=\"293\">\n<ul>\n<li>Zastosowanie wewn\u0119trznego i zewn\u0119trznego materia\u0142u opakowaniowego<\/li>\n<\/ul>\n<\/td>\n<\/tr>\n<tr>\n<td width=\"293\">Jednostka \u0142\u0105cz\u0105ca<\/td>\n<td width=\"293\">\n<ul>\n<li>Automatyczna wymiana szpuli dla wi\u0119kszej wydajno\u015bci<\/li>\n<\/ul>\n<\/td>\n<\/tr>\n<tr>\n<td width=\"293\">Szafa sterownicza z SPS<\/td>\n<td width=\"293\">\n<ul>\n<li>Doskona\u0142a kontrola nad maszyn\u0105<\/li>\n<\/ul>\n<\/td>\n<\/tr>\n<\/tbody>\n<\/table>","protected":false},"excerpt":{"rendered":"<p>Szybka owijarka do produkt\u00f3w z p\u0142askim dnem.<\/p>","protected":false},"featured_media":2726,"comment_status":"open","ping_status":"closed","template":"","meta":{"uix_meta_title":"","uix_meta_description":"","uix_canonical_url":""},"product_brand":[],"product_cat":[105],"product_tag":[],"class_list":{"0":"post-2727","1":"product","2":"type-product","3":"status-publish","4":"has-post-thumbnail","6":"product_cat-packaging","8":"first","9":"instock","10":"shipping-taxable","11":"product-type-simple"},"_links":{"self":[{"href":"https:\/\/cormac.eu\/pl\/wp-json\/wp\/v2\/product\/2727","targetHints":{"allow":["GET"]}}],"collection":[{"href":"https:\/\/cormac.eu\/pl\/wp-json\/wp\/v2\/product"}],"about":[{"href":"https:\/\/cormac.eu\/pl\/wp-json\/wp\/v2\/types\/product"}],"replies":[{"embeddable":true,"href":"https:\/\/cormac.eu\/pl\/wp-json\/wp\/v2\/comments?post=2727"}],"wp:featuredmedia":[{"embeddable":true,"href":"https:\/\/cormac.eu\/pl\/wp-json\/wp\/v2\/media\/2726"}],"wp:attachment":[{"href":"https:\/\/cormac.eu\/pl\/wp-json\/wp\/v2\/media?parent=2727"}],"wp:term":[{"taxonomy":"product_brand","embeddable":true,"href":"https:\/\/cormac.eu\/pl\/wp-json\/wp\/v2\/product_brand?post=2727"},{"taxonomy":"product_cat","embeddable":true,"href":"https:\/\/cormac.eu\/pl\/wp-json\/wp\/v2\/product_cat?post=2727"},{"taxonomy":"product_tag","embeddable":true,"href":"https:\/\/cormac.eu\/pl\/wp-json\/wp\/v2\/product_tag?post=2727"}],"curies":[{"name":"wp","href":"https:\/\/api.w.org\/{rel}","templated":true}]}}