{"id":2725,"date":"2022-04-21T16:56:38","date_gmt":"2022-04-21T14:56:38","guid":{"rendered":"https:\/\/cormac.eu\/?post_type=product&#038;p=2725"},"modified":"2022-04-21T22:39:30","modified_gmt":"2022-04-21T20:39:30","slug":"owijarka-rge-2","status":"publish","type":"product","link":"https:\/\/cormac.eu\/pl\/product\/rge-wrapping-machine\/","title":{"rendered":"Owijarka RGE"},"content":{"rendered":"<p>Maszyna do owijania produkt\u00f3w takich jak jajka i kulki (puste lub nadziewane) w sk\u0142adanie z przodu, skr\u0119canie w sznurek i podw\u00f3jne skr\u0119canie. Ta maszyna do pakowania czekolady mo\u017ce osi\u0105gn\u0105\u0107 pr\u0119dko\u015b\u0107 do 55 sztuk na minut\u0119. Standardowa wersja RGE mo\u017ce obs\u0142ugiwa\u0107 produkty o \u015brednicy do 70 mm. podczas gdy typ RGE-100 owija produkty o maksymalnej \u015brednicy 100 mm. Maszyna Rasch RGE mo\u017ce by\u0107 podawana r\u0119cznie lub wyposa\u017cona w automatyczny system podawania, kt\u00f3ry mo\u017ce obejmowa\u0107 na przyk\u0142ad ta\u015bmy podaj\u0105ce, systemy wyr\u00f3wnuj\u0105ce, a tak\u017ce zrobotyzowane systemy pick &amp; place. Mo\u017cna zamontowa\u0107 cz\u0119\u015bci o niestandardowym formacie, a przezbrajanie nie jest skomplikowane.<\/p>\n<p>&nbsp;<\/p>\n<table style=\"height: 924px\" width=\"949\">\n<tbody>\n<tr>\n<td width=\"197\"><strong>Cechy<\/strong><\/td>\n<td width=\"197\"><strong>Korzy\u015bci<\/strong><\/td>\n<\/tr>\n<tr>\n<td>St\u00f3\u0142 podawczy i opcjonalne automatyczne systemy podawania<\/p>\n<p>&nbsp;<\/td>\n<td>\n<ul>\n<li>Wy\u017csza wydajno\u015b\u0107<\/li>\n<\/ul>\n<\/td>\n<\/tr>\n<tr>\n<td>G\u0142owica steruj\u0105ca rejestru<\/td>\n<td>\n<ul>\n<li>kontrola drukowania<\/li>\n<\/ul>\n<\/td>\n<\/tr>\n<tr>\n<td>Automatyczne zatrzymanie podawania folii<\/td>\n<td>\n<ul>\n<li>Brak produktu - brak opakowania<\/li>\n<li>Zapobieganie zaci\u0119ciom folii<\/li>\n<\/ul>\n<\/td>\n<\/tr>\n<tr>\n<td>&nbsp;<\/p>\n<p>Bezstopniowa regulacja pr\u0119dko\u015bci z przetwornic\u0105 cz\u0119stotliwo\u015bci<\/td>\n<td>\n<ul>\n<li>Doskona\u0142a kontrola pr\u0119dko\u015bci<\/li>\n<\/ul>\n<\/td>\n<\/tr>\n<tr>\n<td>Drugie urz\u0105dzenie do rozwijania folii<\/td>\n<td>\n<ul>\n<li>Zastosowanie wewn\u0119trznego i zewn\u0119trznego materia\u0142u opakowaniowego<\/li>\n<\/ul>\n<\/td>\n<\/tr>\n<tr>\n<td>Zamkni\u0119ta skrzynia bieg\u00f3w z centralnym systemem smarowania<\/td>\n<td>\n<ul>\n<li>Niskie koszty utrzymania<\/li>\n<\/ul>\n<\/td>\n<\/tr>\n<tr>\n<td>Opcjonalna jednostka \u0142\u0105cz\u0105ca<\/td>\n<td>\n<ul>\n<li>Automatyczna wymiana szpuli<\/li>\n<li>wy\u017csza wydajno\u015b\u0107<\/li>\n<\/ul>\n<\/td>\n<\/tr>\n<tr>\n<td>Szafa sterownicza z SPS<\/td>\n<td>\n<ul>\n<li>Doskona\u0142a kontrola nad maszyn\u0105<\/li>\n<\/ul>\n<\/td>\n<\/tr>\n<\/tbody>\n<\/table>\n<p>&nbsp;<\/p>","protected":false},"excerpt":{"rendered":"<p>Maszyna do owijania czekoladowych jajek i kulek<\/p>","protected":false},"featured_media":2724,"comment_status":"open","ping_status":"closed","template":"","meta":{"uix_meta_title":"","uix_meta_description":"","uix_canonical_url":""},"product_brand":[],"product_cat":[105],"product_tag":[],"class_list":{"0":"post-2725","1":"product","2":"type-product","3":"status-publish","4":"has-post-thumbnail","6":"product_cat-packaging","8":"first","9":"instock","10":"shipping-taxable","11":"product-type-simple"},"_links":{"self":[{"href":"https:\/\/cormac.eu\/pl\/wp-json\/wp\/v2\/product\/2725","targetHints":{"allow":["GET"]}}],"collection":[{"href":"https:\/\/cormac.eu\/pl\/wp-json\/wp\/v2\/product"}],"about":[{"href":"https:\/\/cormac.eu\/pl\/wp-json\/wp\/v2\/types\/product"}],"replies":[{"embeddable":true,"href":"https:\/\/cormac.eu\/pl\/wp-json\/wp\/v2\/comments?post=2725"}],"wp:featuredmedia":[{"embeddable":true,"href":"https:\/\/cormac.eu\/pl\/wp-json\/wp\/v2\/media\/2724"}],"wp:attachment":[{"href":"https:\/\/cormac.eu\/pl\/wp-json\/wp\/v2\/media?parent=2725"}],"wp:term":[{"taxonomy":"product_brand","embeddable":true,"href":"https:\/\/cormac.eu\/pl\/wp-json\/wp\/v2\/product_brand?post=2725"},{"taxonomy":"product_cat","embeddable":true,"href":"https:\/\/cormac.eu\/pl\/wp-json\/wp\/v2\/product_cat?post=2725"},{"taxonomy":"product_tag","embeddable":true,"href":"https:\/\/cormac.eu\/pl\/wp-json\/wp\/v2\/product_tag?post=2725"}],"curies":[{"name":"wp","href":"https:\/\/api.w.org\/{rel}","templated":true}]}}