{"id":2681,"date":"2022-04-12T21:43:50","date_gmt":"2022-04-12T19:43:50","guid":{"rendered":"https:\/\/cormac.eu\/?post_type=product&#038;p=2681"},"modified":"2023-08-16T17:05:39","modified_gmt":"2023-08-16T15:05:39","slug":"linia-do-formowania-kulek","status":"publish","type":"product","link":"https:\/\/cormac.eu\/pl\/product\/ball-forming-line\/","title":{"rendered":"Linia do formowania kulek"},"content":{"rendered":"<p>Linie do formowania kulek Carugil umo\u017cliwiaj\u0105 wytwarzanie produkt\u00f3w cylindrycznych z wype\u0142nieniem sta\u0142ym lub \u015brodkowym. Wype\u0142nieniem mo\u017ce by\u0107 proszek lub p\u00f3\u0142p\u0142ynna ciecz. Linia mo\u017ce rozpoczyna\u0107 si\u0119 od kuchni cukierniczej, po kt\u00f3rej nast\u0119puje ugniatarka, wyt\u0142aczarka, maszyna do formowania kulek i tunel ch\u0142odz\u0105cy, a nast\u0119pnie na przyk\u0142ad miski do powlekania i owijarki przep\u0142ywowe do pierwotnego pakowania. Carugil jest w stanie dostarczy\u0107 kompletne systemy formowania kulek pod klucz, w tym mieszalniki i urz\u0105dzenia do gotowania. Linie te mog\u0105 mie\u0107 wydajno\u015b\u0107 do 380 000 produkt\u00f3w na godzin\u0119. Dzi\u0119ki nowym konfiguracjom podw\u00f3jnych linii mo\u017cna osi\u0105gn\u0105\u0107 wydajno\u015b\u0107 produkcyjn\u0105 do 1500 kg\/godzin\u0119, wykorzystuj\u0105c przestrze\u0144 i si\u0142\u0119 robocz\u0105 zajmowan\u0105 tylko przez jedn\u0105 lini\u0119.<\/p>\n<p>&nbsp;<\/p>\n<p><img decoding=\"async\" class=\"alignnone size-medium wp-image-2683\" src=\"https:\/\/cormac.eu\/wp-content\/uploads\/2022\/04\/Complete-ball-forming-line-Knipsel-300x98.jpg\" alt=\"\" width=\"300\" height=\"98\" srcset=\"https:\/\/cormac.eu\/wp-content\/uploads\/2022\/04\/Complete-ball-forming-line-Knipsel-300x98.jpg 300w, https:\/\/cormac.eu\/wp-content\/uploads\/2022\/04\/Complete-ball-forming-line-Knipsel-1024x335.jpg 1024w, https:\/\/cormac.eu\/wp-content\/uploads\/2022\/04\/Complete-ball-forming-line-Knipsel-768x252.jpg 768w, https:\/\/cormac.eu\/wp-content\/uploads\/2022\/04\/Complete-ball-forming-line-Knipsel-600x197.jpg 600w, https:\/\/cormac.eu\/wp-content\/uploads\/2022\/04\/Complete-ball-forming-line-Knipsel.jpg 1093w\" sizes=\"(max-width: 300px) 100vw, 300px\" \/><\/p>\n<p><img decoding=\"async\" class=\"alignnone wp-image-2641\" src=\"https:\/\/cormac.eu\/wp-content\/uploads\/2022\/04\/Gum-tennis-balls-300x208.jpg\" alt=\"\" width=\"166\" height=\"116\" srcset=\"https:\/\/cormac.eu\/wp-content\/uploads\/2022\/04\/Gum-tennis-balls-300x208.jpg 300w, https:\/\/cormac.eu\/wp-content\/uploads\/2022\/04\/Gum-tennis-balls.jpg 600w\" sizes=\"(max-width: 166px) 100vw, 166px\" \/><img decoding=\"async\" class=\"alignnone wp-image-2516\" src=\"https:\/\/cormac.eu\/wp-content\/uploads\/2022\/04\/Gum-center-filled-300x197.jpg\" alt=\"\" width=\"164\" height=\"108\" srcset=\"https:\/\/cormac.eu\/wp-content\/uploads\/2022\/04\/Gum-center-filled-300x197.jpg 300w, https:\/\/cormac.eu\/wp-content\/uploads\/2022\/04\/Gum-center-filled.jpg 600w\" sizes=\"(max-width: 164px) 100vw, 164px\" \/><img loading=\"lazy\" decoding=\"async\" class=\"alignnone wp-image-2671\" src=\"https:\/\/cormac.eu\/wp-content\/uploads\/2022\/04\/Gum-center-filled2-275x300.jpg\" alt=\"\" width=\"149\" height=\"163\" srcset=\"https:\/\/cormac.eu\/wp-content\/uploads\/2022\/04\/Gum-center-filled2-275x300.jpg 275w, https:\/\/cormac.eu\/wp-content\/uploads\/2022\/04\/Gum-center-filled2.jpg 600w\" sizes=\"(max-width: 149px) 100vw, 149px\" \/><img loading=\"lazy\" decoding=\"async\" class=\"alignnone wp-image-2676\" src=\"https:\/\/cormac.eu\/wp-content\/uploads\/2022\/04\/Gum-barrels2-300x209.jpg\" alt=\"\" width=\"154\" height=\"107\" srcset=\"https:\/\/cormac.eu\/wp-content\/uploads\/2022\/04\/Gum-barrels2-300x209.jpg 300w, https:\/\/cormac.eu\/wp-content\/uploads\/2022\/04\/Gum-barrels2.jpg 600w\" sizes=\"(max-width: 154px) 100vw, 154px\" \/><img loading=\"lazy\" decoding=\"async\" class=\"alignnone wp-image-2395\" src=\"https:\/\/cormac.eu\/wp-content\/uploads\/2022\/03\/Gum-fruits2-2.jpg\" alt=\"\" width=\"169\" height=\"103\" \/><\/p>\n<table style=\"height: 424px\" width=\"616\">\n<tbody>\n<tr>\n<td width=\"243\">\u00a0<strong>Cechy<\/strong><\/td>\n<td width=\"253\">\u00a0<strong>Korzy\u015bci<\/strong><\/td>\n<\/tr>\n<tr>\n<td>Wyt\u0142aczarka STR z urz\u0105dzeniem nape\u0142niaj\u0105cym<\/td>\n<td>\n<ul>\n<li>nape\u0142nianie proszkiem<\/li>\n<li>Wype\u0142nienie p\u00f3\u0142p\u0142ynne<\/li>\n<li>Wysoka precyzja dozowania<\/li>\n<\/ul>\n<\/td>\n<\/tr>\n<tr>\n<td>\u015aruby mieszaj\u0105ce dostosowane do potrzeb klienta<\/td>\n<td>\n<ul>\n<li>Dostosowany do potrzeb klienta<\/li>\n<\/ul>\n<\/td>\n<\/tr>\n<tr>\n<td>Automatyczne sterowanie diemateri\u0105<\/td>\n<td>\n<ul>\n<li>sp\u00f3jny produkt<\/li>\n<\/ul>\n<\/td>\n<\/tr>\n<tr>\n<td>Forma kulowa jest nap\u0119dzana serwomotorem<\/td>\n<td>\n<ul>\n<li>Kontrola pr\u0119dko\u015bci i ruchu<\/li>\n<\/ul>\n<\/td>\n<\/tr>\n<tr>\n<td>Urz\u0105dzenie do wst\u0119pnego sp\u0142aszczania na formie kulowej<\/td>\n<td>\n<ul>\n<li>zapobieganie wyciekom p\u0142ynnego wype\u0142nienia<\/li>\n<\/ul>\n<\/td>\n<\/tr>\n<\/tbody>\n<\/table>\n<p>&nbsp;<\/p>","protected":false},"excerpt":{"rendered":"<p>Linie do formowania kulek do produkcji pe\u0142nych lub wype\u0142nionych \u015brodkiem produkt\u00f3w cylindrycznych o wydajno\u015bci do 380 000 sztuk\/godzin\u0119.<\/p>","protected":false},"featured_media":2680,"comment_status":"open","ping_status":"closed","template":"","meta":{"uix_meta_title":"","uix_meta_description":"","uix_canonical_url":""},"product_brand":[],"product_cat":[104],"product_tag":[],"class_list":{"0":"post-2681","1":"product","2":"type-product","3":"status-publish","4":"has-post-thumbnail","6":"product_cat-processing","8":"first","9":"instock","10":"shipping-taxable","11":"product-type-simple"},"_links":{"self":[{"href":"https:\/\/cormac.eu\/pl\/wp-json\/wp\/v2\/product\/2681","targetHints":{"allow":["GET"]}}],"collection":[{"href":"https:\/\/cormac.eu\/pl\/wp-json\/wp\/v2\/product"}],"about":[{"href":"https:\/\/cormac.eu\/pl\/wp-json\/wp\/v2\/types\/product"}],"replies":[{"embeddable":true,"href":"https:\/\/cormac.eu\/pl\/wp-json\/wp\/v2\/comments?post=2681"}],"wp:featuredmedia":[{"embeddable":true,"href":"https:\/\/cormac.eu\/pl\/wp-json\/wp\/v2\/media\/2680"}],"wp:attachment":[{"href":"https:\/\/cormac.eu\/pl\/wp-json\/wp\/v2\/media?parent=2681"}],"wp:term":[{"taxonomy":"product_brand","embeddable":true,"href":"https:\/\/cormac.eu\/pl\/wp-json\/wp\/v2\/product_brand?post=2681"},{"taxonomy":"product_cat","embeddable":true,"href":"https:\/\/cormac.eu\/pl\/wp-json\/wp\/v2\/product_cat?post=2681"},{"taxonomy":"product_tag","embeddable":true,"href":"https:\/\/cormac.eu\/pl\/wp-json\/wp\/v2\/product_tag?post=2681"}],"curies":[{"name":"wp","href":"https:\/\/api.w.org\/{rel}","templated":true}]}}