{"id":2665,"date":"2022-04-12T20:53:35","date_gmt":"2022-04-12T18:53:35","guid":{"rendered":"https:\/\/cormac.eu\/?post_type=product&#038;p=2665"},"modified":"2022-05-30T16:24:43","modified_gmt":"2022-05-30T14:24:43","slug":"4-sided-seal-wrapper-cwls","status":"publish","type":"product","link":"https:\/\/cormac.eu\/pl\/product\/4-sided-seal-wrapper-cwls\/","title":{"rendered":"4-stronna owijarka zgrzewana CWLS"},"content":{"rendered":"<p>The four sided seal wrapping machine is a special machine to wrap balls, 3D products and flat lollipops. It enables the lollypop producer to offer aan alternative packaging to the market, containing more product label information and visual effects, colours, etc. The CWL-4S 600 model has been designed for entry level and mdium sized producers whereas the CWL-4S 800 model is more suitable for high speed applications in the industry. Since this wrapper is not mechanically connected to the lollypop cooling tunnel it can work independently from its upstream machinery. The wrapping format whereby four sides are sealed ensures a high degree of packaging integrity.<\/p>\n<p><img decoding=\"async\" class=\"alignnone wp-image-2666\" src=\"https:\/\/cormac.eu\/wp-content\/uploads\/2022\/04\/application-Knipsel.jpg\" alt=\"\" width=\"205\" height=\"223\" \/><\/p>\n<p>&nbsp;<\/p>\n<table style=\"height: 231px;\" width=\"619\">\n<tbody>\n<tr>\n<td width=\"302\"><strong>Cechy<\/strong><\/td>\n<td width=\"302\"><strong>Korzy\u015bci<\/strong><\/td>\n<\/tr>\n<tr>\n<td width=\"302\">Wykonanie ze stali nierdzewnej<\/td>\n<td width=\"302\">\n<ul>\n<li>\u0141atwe czyszczenie<\/li>\n<li>Higieniczna konstrukcja<\/li>\n<\/ul>\n<\/td>\n<\/tr>\n<tr>\n<td width=\"302\">Wytrzyma\u0142a rama maszyny<\/td>\n<td width=\"302\">\n<ul>\n<li>Niezawodny<\/li>\n<li>D\u0142uga \u017cywotno\u015b\u0107 techniczna<\/li>\n<\/ul>\n<\/td>\n<\/tr>\n<\/tbody>\n<\/table>\n<p>&nbsp;<\/p>\n<table>\n<tbody>\n<tr>\n<td width=\"201\"><strong>\u00a0 \u00a0 \u00a0 \u00a0 \u00a0 \u00a0 \u00a0 \u00a0 \u00a0 \u00a0 \u00a0 \u00a0 \u00a0 \u00a0 \u00a0 \u00a0 \u00a0 \u00a0\u00a0<\/strong><\/p>\n<p><strong>Model<\/strong><\/td>\n<td width=\"201\">\n<p style=\"text-align: center;\"><strong>CWLS-600<\/strong><\/p>\n<\/td>\n<td width=\"201\">\n<p style=\"text-align: center;\"><strong>CWLS-800<\/strong><\/p>\n<\/td>\n<\/tr>\n<tr>\n<td width=\"201\"><strong>Pojemno\u015b\u0107<\/strong><\/td>\n<td width=\"201\">\n<p style=\"text-align: center;\">600 ppm<\/p>\n<\/td>\n<td width=\"201\">\n<p style=\"text-align: center;\">800 ppm<\/p>\n<\/td>\n<\/tr>\n<tr>\n<td width=\"201\"><strong>Product diameter range<\/strong><\/td>\n<td width=\"201\">\n<p style=\"text-align: center;\">18-35 mm<\/p>\n<\/td>\n<td width=\"201\">\n<p style=\"text-align: center;\">18-35 mm<\/p>\n<\/td>\n<\/tr>\n<tr>\n<td width=\"201\"><strong>Stick diameter range<\/strong><\/td>\n<td width=\"201\">\n<p style=\"text-align: center;\">3,2 \u2013 6,0 mm<\/p>\n<\/td>\n<td width=\"201\">\n<p style=\"text-align: center;\">3,2-6,0 mm<\/p>\n<\/td>\n<\/tr>\n<tr>\n<td width=\"201\"><strong>Moc<\/strong><\/td>\n<td width=\"201\">\n<p style=\"text-align: center;\">8,5 kW<\/p>\n<\/td>\n<td width=\"201\">\n<p style=\"text-align: center;\">9,5 kW<\/p>\n<\/td>\n<\/tr>\n<\/tbody>\n<\/table>","protected":false},"excerpt":{"rendered":"<p>Czterostronna zgrzewarka do owijania kulek, produkt\u00f3w 3D i p\u0142askich lizak\u00f3w, ciastek, herbatnik\u00f3w itp.<\/p>","protected":false},"featured_media":2667,"comment_status":"open","ping_status":"closed","template":"","meta":{"uix_meta_title":"","uix_meta_description":"","uix_canonical_url":""},"product_brand":[],"product_cat":[105],"product_tag":[],"class_list":{"0":"post-2665","1":"product","2":"type-product","3":"status-publish","4":"has-post-thumbnail","6":"product_cat-packaging","8":"first","9":"instock","10":"shipping-taxable","11":"product-type-simple"},"_links":{"self":[{"href":"https:\/\/cormac.eu\/pl\/wp-json\/wp\/v2\/product\/2665","targetHints":{"allow":["GET"]}}],"collection":[{"href":"https:\/\/cormac.eu\/pl\/wp-json\/wp\/v2\/product"}],"about":[{"href":"https:\/\/cormac.eu\/pl\/wp-json\/wp\/v2\/types\/product"}],"replies":[{"embeddable":true,"href":"https:\/\/cormac.eu\/pl\/wp-json\/wp\/v2\/comments?post=2665"}],"wp:featuredmedia":[{"embeddable":true,"href":"https:\/\/cormac.eu\/pl\/wp-json\/wp\/v2\/media\/2667"}],"wp:attachment":[{"href":"https:\/\/cormac.eu\/pl\/wp-json\/wp\/v2\/media?parent=2665"}],"wp:term":[{"taxonomy":"product_brand","embeddable":true,"href":"https:\/\/cormac.eu\/pl\/wp-json\/wp\/v2\/product_brand?post=2665"},{"taxonomy":"product_cat","embeddable":true,"href":"https:\/\/cormac.eu\/pl\/wp-json\/wp\/v2\/product_cat?post=2665"},{"taxonomy":"product_tag","embeddable":true,"href":"https:\/\/cormac.eu\/pl\/wp-json\/wp\/v2\/product_tag?post=2665"}],"curies":[{"name":"wp","href":"https:\/\/api.w.org\/{rel}","templated":true}]}}