{"id":2664,"date":"2022-04-12T19:01:48","date_gmt":"2022-04-12T17:01:48","guid":{"rendered":"https:\/\/cormac.eu\/?post_type=product&#038;p=2664"},"modified":"2022-05-23T11:26:12","modified_gmt":"2022-05-23T09:26:12","slug":"owijarka-wiazek-cwlb-600-800","status":"publish","type":"product","link":"https:\/\/cormac.eu\/pl\/product\/bunch-wrapper-cwlb-600-800\/","title":{"rendered":"Owijarka wi\u0105zek CWLB 600-800"},"content":{"rendered":"<p>Ta szybkobie\u017cna maszyna do owijania paczek lizak\u00f3w mo\u017ce osi\u0105gn\u0105\u0107 pr\u0119dko\u015b\u0107 do 800 sztuk na minut\u0119, zachowuj\u0105c niezawodno\u015b\u0107 mechaniczn\u0105 i jako\u015b\u0107 owijania. Du\u017ca g\u0142owica owijaj\u0105ca jest wyposa\u017cona w 12 stacji owijaj\u0105cych, kt\u00f3re mo\u017cna \u0142atwo od\u0142\u0105czy\u0107. Innowacyjny, trwa\u0142y system zgrzewania wykorzystuje op\u00f3r przy minimalnym zu\u017cyciu energii elektrycznej i pozwala na szybki i prosty demonta\u017c. Maszyna wyposa\u017cona jest w system, kt\u00f3ry stale monitoruje i automatycznie dostosowuje materia\u0142 do owijania, zapobiegaj\u0105c w ten spos\u00f3b niepotrzebnemu zu\u017cyciu rolki podaj\u0105cej. Maszyna mo\u017ce by\u0107 dostarczona z automatycznym systemem podawania i odbierania w celu zmniejszenia koszt\u00f3w pracy i zwi\u0119kszenia wydajno\u015bci.<\/p>\n<p><img fetchpriority=\"high\" decoding=\"async\" class=\"alignnone wp-image-2660\" src=\"https:\/\/cormac.eu\/wp-content\/uploads\/2022\/04\/Bunch-lollies-300x214.jpg\" alt=\"\" width=\"300\" height=\"214\" srcset=\"https:\/\/cormac.eu\/wp-content\/uploads\/2022\/04\/Bunch-lollies-300x214.jpg 300w, https:\/\/cormac.eu\/wp-content\/uploads\/2022\/04\/Bunch-lollies.jpg 600w\" sizes=\"(max-width: 300px) 100vw, 300px\" \/><img decoding=\"async\" class=\"alignnone size-medium wp-image-2661\" src=\"https:\/\/cormac.eu\/wp-content\/uploads\/2022\/04\/Lollipop-with-flag-142x300.jpg\" alt=\"\" width=\"142\" height=\"300\" srcset=\"https:\/\/cormac.eu\/wp-content\/uploads\/2022\/04\/Lollipop-with-flag-142x300.jpg 142w, https:\/\/cormac.eu\/wp-content\/uploads\/2022\/04\/Lollipop-with-flag-486x1024.jpg 486w, https:\/\/cormac.eu\/wp-content\/uploads\/2022\/04\/Lollipop-with-flag.jpg 600w\" sizes=\"(max-width: 142px) 100vw, 142px\" \/><img decoding=\"async\" class=\"alignnone size-medium wp-image-2662\" src=\"https:\/\/cormac.eu\/wp-content\/uploads\/2022\/04\/Lollipop-with-tattoo-300x260.jpg\" alt=\"\" width=\"300\" height=\"260\" srcset=\"https:\/\/cormac.eu\/wp-content\/uploads\/2022\/04\/Lollipop-with-tattoo-300x260.jpg 300w, https:\/\/cormac.eu\/wp-content\/uploads\/2022\/04\/Lollipop-with-tattoo.jpg 600w\" sizes=\"(max-width: 300px) 100vw, 300px\" \/><\/p>\n<p>&nbsp;<\/p>\n<p>&nbsp;<\/p>\n<table width=\"571\">\n<tbody>\n<tr>\n<td width=\"286\"><strong>Cechy<\/strong><\/td>\n<td width=\"286\"><strong>Korzy\u015bci<\/strong><\/td>\n<\/tr>\n<tr>\n<td width=\"286\">Wykonanie ze stali nierdzewnej<\/td>\n<td width=\"286\">\n<ul>\n<li>\u0141atwe czyszczenie<\/li>\n<li>Higieniczna konstrukcja<\/li>\n<\/ul>\n<\/td>\n<\/tr>\n<tr>\n<td width=\"286\">Wytrzyma\u0142a rama maszyny<\/td>\n<td width=\"286\">\n<ul>\n<li>Niezawodny<\/li>\n<li>D\u0142uga \u017cywotno\u015b\u0107 techniczna<\/li>\n<\/ul>\n<\/td>\n<\/tr>\n<tr>\n<td width=\"286\">Zintegrowany system teleskopowy<\/td>\n<td width=\"286\">\n<ul>\n<li>\u0141atwe od\u0142\u0105czanie stacji owijania<\/li>\n<li>\u0141atwa w konserwacji g\u0142owica owijaj\u0105ca<\/li>\n<\/ul>\n<\/td>\n<\/tr>\n<tr>\n<td width=\"286\">Ekran dotykowy<\/td>\n<td width=\"286\">\n<ul>\n<li>\u0141atwa kontrola synchronizacji<\/li>\n<li>wy\u015bwietlacz alarmu<\/li>\n<li>Przechowywanie ustawie\u0144<\/li>\n<\/ul>\n<\/td>\n<\/tr>\n<tr>\n<td width=\"286\">Po\u0142\u0105czenie modemowe<\/td>\n<td width=\"286\">\n<ul>\n<li>Zdalne wsparcie<\/li>\n<li>\u0142atwa integracja z intranetem u\u017cytkownika<\/li>\n<\/ul>\n<\/td>\n<\/tr>\n<tr>\n<td width=\"286\">Opcje automatyzacji<\/td>\n<td width=\"286\">\n<ul>\n<li>Ta\u015bma podaj\u0105ca<\/li>\n<li>ta\u015bma wy\u0142adowcza\/zbieraj\u0105ca<\/li>\n<li>Liczenie produkt\u00f3w sterowane przez PLC<\/li>\n<\/ul>\n<\/td>\n<\/tr>\n<\/tbody>\n<\/table>\n<p>&nbsp;<\/p>\n<table>\n<tbody>\n<tr>\n<td width=\"230\"><\/td>\n<td width=\"115\">\n<p style=\"text-align: center;\"><strong>CLWB 400<\/strong><\/p>\n<\/td>\n<td style=\"text-align: center;\" width=\"115\"><strong>CLWB 600<\/strong><\/td>\n<td width=\"115\">\n<p style=\"text-align: center;\"><strong>CLWB 800<\/strong><\/p>\n<\/td>\n<\/tr>\n<tr>\n<td width=\"230\"><strong>Pojemno\u015b\u0107<\/strong><\/td>\n<td width=\"115\">\n<p style=\"text-align: center;\">400 ppm<\/p>\n<\/td>\n<td style=\"text-align: center;\" width=\"115\">600 ppm<\/td>\n<td width=\"115\">\n<p style=\"text-align: center;\">800 ppm<\/p>\n<\/td>\n<\/tr>\n<tr>\n<td width=\"230\"><strong>lollypop <\/strong><strong>Zakres \u00d8<\/strong><\/td>\n<td width=\"115\">\n<p style=\"text-align: center;\">18 - 35 mm<\/p>\n<\/td>\n<td style=\"text-align: center;\" width=\"115\">18 - 35 mm<\/td>\n<td width=\"115\">\n<p style=\"text-align: center;\">18 - 35 mm<\/p>\n<\/td>\n<\/tr>\n<tr>\n<td width=\"230\"><strong>Maksymalna d\u0142ugo\u015b\u0107 kuli<\/strong><\/td>\n<td width=\"115\">\n<p style=\"text-align: center;\">40 mm<\/p>\n<\/td>\n<td style=\"text-align: center;\" width=\"115\">40 mm<\/td>\n<td width=\"115\">\n<p style=\"text-align: center;\">40 mm<\/p>\n<\/td>\n<\/tr>\n<tr>\n<td width=\"230\"><strong>Kij <\/strong><strong>Zakres \u00d8<\/strong><\/td>\n<td width=\"115\">\n<p style=\"text-align: center;\">3,2 - 6 mm<\/p>\n<\/td>\n<td style=\"text-align: center;\" width=\"115\">3,2 - 6 mm<\/td>\n<td width=\"115\">\n<p style=\"text-align: center;\">3,2 - 6 mm<\/p>\n<\/td>\n<\/tr>\n<tr>\n<td width=\"230\"><strong>Szeroko\u015b\u0107 materia\u0142u owijaj\u0105cego<\/strong><\/td>\n<td width=\"115\">\n<p style=\"text-align: center;\">80 - 135 mm<\/p>\n<\/td>\n<td style=\"text-align: center;\" width=\"115\">80 - 135 mm<\/td>\n<td width=\"115\">\n<p style=\"text-align: center;\">80 - 135 mm<\/p>\n<\/td>\n<\/tr>\n<tr>\n<td width=\"230\"><strong>Maksymalna d\u0142ugo\u015b\u0107 materia\u0142u do owijania<\/strong><\/td>\n<td width=\"115\">\n<p style=\"text-align: center;\">135 mm<\/p>\n<\/td>\n<td style=\"text-align: center;\" width=\"115\">135 mm<\/td>\n<td width=\"115\">\n<p style=\"text-align: center;\">135 mm<\/p>\n<\/td>\n<\/tr>\n<tr>\n<td width=\"230\"><strong>Zakres wagi materia\u0142u do owijania<\/strong><\/td>\n<td width=\"115\">\n<p style=\"text-align: center;\">35-45 gr\/m2<\/p>\n<\/td>\n<td style=\"text-align: center;\" width=\"115\">35-45 gr\/m2<\/td>\n<td width=\"115\">\n<p style=\"text-align: center;\">35-45 gr\/m2<\/p>\n<\/td>\n<\/tr>\n<tr>\n<td width=\"230\"><strong>Maks. zewn.<\/strong><strong> \u00d8 szpuli <\/strong><\/td>\n<td width=\"115\">\n<p style=\"text-align: center;\">300 mm<\/p>\n<\/td>\n<td style=\"text-align: center;\" width=\"115\">300 mm<\/td>\n<td width=\"115\">\n<p style=\"text-align: center;\">300 mm<\/p>\n<\/td>\n<\/tr>\n<tr>\n<td width=\"230\"><strong>Ko\u0142owrotek wewn\u0119trzny <\/strong><strong>Zakres \u00d8<\/strong><\/td>\n<td width=\"115\">\n<p style=\"text-align: center;\">70 - 76 mm<\/p>\n<\/td>\n<td style=\"text-align: center;\" width=\"115\">70 - 76 mm<\/td>\n<td width=\"115\">\n<p style=\"text-align: center;\">70 - 76 mm<\/p>\n<\/td>\n<\/tr>\n<tr>\n<td width=\"230\"><strong>Maszyna wagowa<\/strong><\/td>\n<td width=\"115\">\n<p style=\"text-align: center;\">1100 kg<\/p>\n<\/td>\n<td style=\"text-align: center;\" width=\"115\">1200 kg<\/td>\n<td width=\"115\">\n<p style=\"text-align: center;\">2500 kg<\/p>\n<\/td>\n<\/tr>\n<tr>\n<td width=\"230\"><strong>Moc<\/strong><\/td>\n<td width=\"115\">\n<p style=\"text-align: center;\">5,5 kW<\/p>\n<\/td>\n<td style=\"text-align: center;\" width=\"115\">9,0 kW<\/td>\n<td width=\"115\">\n<p style=\"text-align: center;\">14,0 kW<\/p>\n<\/td>\n<\/tr>\n<\/tbody>\n<\/table>","protected":false},"excerpt":{"rendered":"<p>Szybka maszyna do pakowania lizak\u00f3w w kszta\u0142cie kulek z pr\u0119dko\u015bci\u0105 do 800 ppm.<\/p>","protected":false},"featured_media":2659,"comment_status":"open","ping_status":"closed","template":"","meta":{"uix_meta_title":"","uix_meta_description":"","uix_canonical_url":""},"product_brand":[],"product_cat":[104],"product_tag":[],"class_list":{"0":"post-2664","1":"product","2":"type-product","3":"status-publish","4":"has-post-thumbnail","6":"product_cat-processing","8":"first","9":"instock","10":"shipping-taxable","11":"product-type-simple"},"_links":{"self":[{"href":"https:\/\/cormac.eu\/pl\/wp-json\/wp\/v2\/product\/2664","targetHints":{"allow":["GET"]}}],"collection":[{"href":"https:\/\/cormac.eu\/pl\/wp-json\/wp\/v2\/product"}],"about":[{"href":"https:\/\/cormac.eu\/pl\/wp-json\/wp\/v2\/types\/product"}],"replies":[{"embeddable":true,"href":"https:\/\/cormac.eu\/pl\/wp-json\/wp\/v2\/comments?post=2664"}],"wp:featuredmedia":[{"embeddable":true,"href":"https:\/\/cormac.eu\/pl\/wp-json\/wp\/v2\/media\/2659"}],"wp:attachment":[{"href":"https:\/\/cormac.eu\/pl\/wp-json\/wp\/v2\/media?parent=2664"}],"wp:term":[{"taxonomy":"product_brand","embeddable":true,"href":"https:\/\/cormac.eu\/pl\/wp-json\/wp\/v2\/product_brand?post=2664"},{"taxonomy":"product_cat","embeddable":true,"href":"https:\/\/cormac.eu\/pl\/wp-json\/wp\/v2\/product_cat?post=2664"},{"taxonomy":"product_tag","embeddable":true,"href":"https:\/\/cormac.eu\/pl\/wp-json\/wp\/v2\/product_tag?post=2664"}],"curies":[{"name":"wp","href":"https:\/\/api.w.org\/{rel}","templated":true}]}}