{"id":2643,"date":"2022-04-12T18:11:57","date_gmt":"2022-04-12T16:11:57","guid":{"rendered":"https:\/\/cormac.eu\/?post_type=product&#038;p=2643"},"modified":"2022-05-30T16:24:58","modified_gmt":"2022-05-30T14:24:58","slug":"tunel-chlodzacy-ctm-2","status":"publish","type":"product","link":"https:\/\/cormac.eu\/pl\/product\/coolin-tunnel-ctm\/","title":{"rendered":"Tunel ch\u0142odz\u0105cy CTM"},"content":{"rendered":"<p>Tunel ch\u0142odz\u0105cy Carugil model CTM do ch\u0142odzenia element\u00f3w kulistych i cylindrycznych, pe\u0142nych, pustych i wype\u0142nionych. Podczas procesu ch\u0142odzenia forma produktu pozostaje nienaruszona. Dzi\u0119ki wydajnemu systemowi przep\u0142ywu powietrza ch\u0142odz\u0105cego mo\u017cliwe s\u0105 wysokie wydajno\u015bci, do 1000 kg\/godz. Ten tunel ch\u0142odz\u0105cy mo\u017ce by\u0107 dostarczony z r\u00f3\u017cnymi opcjami, aby spe\u0142ni\u0107 specyficzne wymagania klienta. Ponadto, w zale\u017cno\u015bci od modelu, mo\u017cna je p\u00f3\u017aniej zmodernizowa\u0107 do wy\u017cszych wydajno\u015bci.<br \/>\nTunele ch\u0142odz\u0105ce mog\u0105 by\u0107 skonfigurowane w wersji otwartej lub zamkni\u0119tej, dla ma\u0142ych i \u015brednich producent\u00f3w lub dla wi\u0119kszych obiekt\u00f3w przemys\u0142owych. Ch\u0142odzenie mo\u017ce odbywa\u0107 si\u0119 za pomoc\u0105 gazu lub wody lodowej.<\/p>\n<p><img decoding=\"async\" class=\"alignnone wp-image-2645\" src=\"https:\/\/cormac.eu\/wp-content\/uploads\/2022\/04\/Chewy-candy-lozenges-300x202.jpg\" alt=\"\" width=\"201\" height=\"135\" srcset=\"https:\/\/cormac.eu\/wp-content\/uploads\/2022\/04\/Chewy-candy-lozenges-300x202.jpg 300w, https:\/\/cormac.eu\/wp-content\/uploads\/2022\/04\/Chewy-candy-lozenges.jpg 600w\" sizes=\"(max-width: 201px) 100vw, 201px\" \/><img decoding=\"async\" class=\"alignnone wp-image-2642\" src=\"https:\/\/cormac.eu\/wp-content\/uploads\/2022\/04\/Mentos-Choco.jpg\" alt=\"\" width=\"184\" height=\"135\" \/><\/p>\n<p>&nbsp;<\/p>\n<table>\n<tbody>\n<tr>\n<td width=\"302\"><strong>Cechy<\/strong><\/td>\n<td width=\"302\"><strong>Korzy\u015bci<\/strong><\/td>\n<\/tr>\n<tr>\n<td width=\"302\">Bardzo du\u017ce poziomy produkt\u00f3w<\/td>\n<td width=\"302\">\n<ul>\n<li>Ci\u0105g\u0142e walcowanie produkt\u00f3w<\/li>\n<li>Zapobiega deformacji<\/li>\n<\/ul>\n<\/td>\n<\/tr>\n<tr>\n<td width=\"302\">Optymalny system przep\u0142ywu powietrza ch\u0142odz\u0105cego<\/td>\n<td width=\"302\">\n<ul>\n<li>Wysoka wydajno\u015b\u0107<\/li>\n<li>R\u00f3wnomierne ch\u0142odzenie<\/li>\n<\/ul>\n<\/td>\n<\/tr>\n<tr>\n<td width=\"302\">Po\u0142\u0105czenia modemowe<\/td>\n<td width=\"302\">\n<ul>\n<li>Mo\u017cliwa pomoc zdalna<\/li>\n<\/ul>\n<\/td>\n<\/tr>\n<tr>\n<td width=\"302\">Wykonanie ze stali nierdzewnej<\/td>\n<td width=\"302\">\n<ul>\n<li>Higiena<\/li>\n<li>\u0142atwe czyszczenie<\/li>\n<\/ul>\n<\/td>\n<\/tr>\n<\/tbody>\n<\/table>\n<p>&nbsp;<\/p>\n<table>\n<tbody>\n<tr>\n<td width=\"201\">\n<p style=\"text-align: center;\">\n<\/td>\n<td style=\"text-align: center;\" width=\"201\"><strong>Model CTM-6000<\/strong><\/td>\n<td width=\"201\">\n<p style=\"text-align: center;\"><strong>Model CTM-6000 C<\/strong><\/p>\n<\/td>\n<\/tr>\n<tr>\n<td width=\"201\"><strong>Pojemno\u015b\u0107<\/strong><\/td>\n<td width=\"201\">\n<p style=\"text-align: center;\">Do 1000 kg\/godz.<\/p>\n<\/td>\n<td width=\"201\">\n<p style=\"text-align: center;\">Do 1000 kg\/godz.<\/p>\n<\/td>\n<\/tr>\n<tr>\n<td width=\"201\"><strong>Liczba poziom\u00f3w Poziom\u00f3w<\/strong><\/td>\n<td width=\"201\">\n<p style=\"text-align: center;\">3<\/p>\n<\/td>\n<td width=\"201\">\n<p style=\"text-align: center;\">3<\/p>\n<\/td>\n<\/tr>\n<tr>\n<td width=\"201\"><strong>Wymiary<\/strong><\/td>\n<td width=\"201\">\n<p style=\"text-align: center;\">2985 x 1120 x 965 mm<\/p>\n<\/td>\n<td width=\"201\">\n<p style=\"text-align: center;\">3750 x 1710 x 1800 mm<\/p>\n<\/td>\n<\/tr>\n<tr>\n<td width=\"201\"><strong>Uk\u0142ad ch\u0142odzenia<\/strong><\/td>\n<td width=\"201\">\n<p style=\"text-align: center;\">Powietrze otoczenia<\/p>\n<\/td>\n<td width=\"201\">\n<p style=\"text-align: center;\">Do 30 kW<\/p>\n<\/td>\n<\/tr>\n<tr>\n<td width=\"201\"><strong>Moc<\/strong><\/td>\n<td width=\"201\">\n<p style=\"text-align: center;\">1,05 kW<\/p>\n<\/td>\n<td width=\"201\">\n<p style=\"text-align: center;\">1,05 kW + jednostka ch\u0142odz\u0105ca<\/p>\n<\/td>\n<\/tr>\n<\/tbody>\n<\/table>","protected":false},"excerpt":{"rendered":"<p>Tunel ch\u0142odz\u0105cy do ch\u0142odzenia kulek i element\u00f3w cylindrycznych, pe\u0142nych, pustych i wype\u0142nionych.<\/p>","protected":false},"featured_media":2644,"comment_status":"open","ping_status":"closed","template":"","meta":{"uix_meta_title":"","uix_meta_description":"","uix_canonical_url":""},"product_brand":[],"product_cat":[104],"product_tag":[],"class_list":{"0":"post-2643","1":"product","2":"type-product","3":"status-publish","4":"has-post-thumbnail","6":"product_cat-processing","8":"first","9":"instock","10":"shipping-taxable","11":"product-type-simple"},"_links":{"self":[{"href":"https:\/\/cormac.eu\/pl\/wp-json\/wp\/v2\/product\/2643","targetHints":{"allow":["GET"]}}],"collection":[{"href":"https:\/\/cormac.eu\/pl\/wp-json\/wp\/v2\/product"}],"about":[{"href":"https:\/\/cormac.eu\/pl\/wp-json\/wp\/v2\/types\/product"}],"replies":[{"embeddable":true,"href":"https:\/\/cormac.eu\/pl\/wp-json\/wp\/v2\/comments?post=2643"}],"wp:featuredmedia":[{"embeddable":true,"href":"https:\/\/cormac.eu\/pl\/wp-json\/wp\/v2\/media\/2644"}],"wp:attachment":[{"href":"https:\/\/cormac.eu\/pl\/wp-json\/wp\/v2\/media?parent=2643"}],"wp:term":[{"taxonomy":"product_brand","embeddable":true,"href":"https:\/\/cormac.eu\/pl\/wp-json\/wp\/v2\/product_brand?post=2643"},{"taxonomy":"product_cat","embeddable":true,"href":"https:\/\/cormac.eu\/pl\/wp-json\/wp\/v2\/product_cat?post=2643"},{"taxonomy":"product_tag","embeddable":true,"href":"https:\/\/cormac.eu\/pl\/wp-json\/wp\/v2\/product_tag?post=2643"}],"curies":[{"name":"wp","href":"https:\/\/api.w.org\/{rel}","templated":true}]}}