{"id":2488,"date":"2022-04-07T23:03:37","date_gmt":"2022-04-07T21:03:37","guid":{"rendered":"https:\/\/cormac.eu\/?post_type=product&#038;p=2488"},"modified":"2022-05-30T16:26:45","modified_gmt":"2022-05-30T14:26:45","slug":"pompa-do-czekolady-bch","status":"publish","type":"product","link":"https:\/\/cormac.eu\/pl\/product\/bch-chocolate-pump\/","title":{"rendered":"Pompka do czekolady BCH"},"content":{"rendered":"<p>Pompy do czekolady Lloveras BCH s\u0105 idealne do przenoszenia czekolady, mas, krem\u00f3w i podobnych mas w jednolitych przep\u0142ywach bez zmiany wewn\u0119trznej temperatury i warto\u015bci lepko\u015bci. Ta pompa z\u0119bata sk\u0142ada si\u0119 z korpusu z podw\u00f3jnym p\u0142aszczem, przygotowanego do pod\u0142\u0105czenia do obiegu wody grzewczej.  Masa jest transportowana za pomoc\u0105 reduktora pr\u0119dko\u015bci silnika, kt\u00f3rego si\u0142a jest przenoszona przez sprz\u0119g\u0142o mechaniczne na korpus pompy. Wewn\u0119trzne ko\u0142a z\u0119bate przepompowuj\u0105 mas\u0119. Pompy wielobiegowe, zar\u00f3wno mechaniczne, jak i elektroniczne, umo\u017cliwiaj\u0105 pompowanie produkt\u00f3w takich jak miazga kakaowa i mas\u0142o, p\u0142ynne t\u0142uszcze i inne masy o stosunkowo wysokiej zawarto\u015bci t\u0142uszczu. Pompa Lloveras typu BCH jest wyposa\u017cona w odpowiednie ko\u0142nierze wlotowe i wylotowe oraz z\u0142\u0105cza u\u0142atwiaj\u0105ce instalacj\u0119. Dost\u0119pne s\u0105 r\u00f3wnie\u017c cz\u0119\u015bci zamienne do tych pomp.<\/p>\n<p><strong>Rodzaje <\/strong>(<em>Dost\u0119pno\u015b\u0107 zostanie potwierdzona na \u017cyczenie<\/em>)<\/p>\n<table style=\"height: 265px;\" width=\"754\">\n<tbody>\n<tr>\n<td width=\"144\"><\/td>\n<td width=\"153\">\n<p style=\"text-align: center;\"><strong>BCH-40<\/strong><\/p>\n<\/td>\n<td style=\"text-align: center;\" width=\"153\"><strong>BCH-55<\/strong><\/td>\n<td width=\"153\">\n<p style=\"text-align: center;\"><strong>BCH-70<\/strong><\/p>\n<\/td>\n<\/tr>\n<tr>\n<td width=\"144\">\n<p style=\"text-align: center;\"><strong>kW<\/strong><\/p>\n<\/td>\n<td width=\"153\">\n<p style=\"text-align: center;\">0,55 - 0,75<\/p>\n<\/td>\n<td style=\"text-align: center;\" width=\"153\">1,1 - 1,5 - 2,2<\/td>\n<td width=\"153\">\n<p style=\"text-align: center;\">3 - 4 - 5,5 - 11<\/p>\n<\/td>\n<\/tr>\n<tr>\n<td width=\"144\">\n<p style=\"text-align: center;\"><strong>obr.<\/strong><\/p>\n<\/td>\n<td width=\"153\">\u00a0120\u00a0 \u00a0~ \u00a0\u00a0\u00a0200 \u00a0~ \u00a0\u00a0\u00a0250<\/td>\n<td width=\"153\">120\u00a0\u00a0 ~ \u00a0\u00a0\u00a0200 \u00a0~\u00a0 \u00a0250<\/td>\n<td width=\"153\">\u00a0\u00a0155 \u00a0~ \u00a0\u00a0205 ~ \u00a0\u00a0\u00a0\u00a0255<\/td>\n<\/tr>\n<tr>\n<td width=\"144\">\n<p style=\"text-align: center;\"><strong>l\/h<\/strong><\/p>\n<\/td>\n<td width=\"153\">\u00a0 870\u00a0 ~ \u00a01140 \u00a0~ \u00a01800<\/td>\n<td width=\"153\">2400 ~ \u00a04000 ~ \u00a05000<\/td>\n<td width=\"153\">7500 \u00a0~ 9900 ~ 12300<\/td>\n<\/tr>\n<\/tbody>\n<\/table>\n<p>&nbsp;<\/p>\n<table width=\"604\">\n<tbody>\n<tr>\n<td width=\"302\">\n<p style=\"text-align: center;\"><strong>Cechy<\/strong><\/p>\n<\/td>\n<td width=\"302\">\n<p style=\"text-align: center;\"><strong>Korzy\u015bci<\/strong><\/p>\n<\/td>\n<\/tr>\n<tr>\n<td width=\"302\">Silnik izolowany<\/td>\n<td width=\"302\">\n<ul>\n<li>Brak zanieczyszczenia produktu<\/li>\n<\/ul>\n<\/td>\n<\/tr>\n<tr>\n<td width=\"302\">Wysokiej jako\u015bci \u0142o\u017cyska i uszczelki<\/td>\n<td width=\"302\">\n<ul>\n<li>Zapobieganie wyciekom zewn\u0119trznym<\/li>\n<\/ul>\n<\/td>\n<\/tr>\n<tr>\n<td width=\"302\">Boczne pozycjonowanie wlotu i wylotu produktu<\/td>\n<td width=\"302\">\n<ul>\n<li>\u00a0Brak zmian w\u0142a\u015bciwo\u015bci fizycznych masy<\/li>\n<\/ul>\n<\/td>\n<\/tr>\n<tr>\n<td width=\"302\">Korpus pompy z podw\u00f3jnym p\u0142aszczem<\/td>\n<td width=\"302\">\n<ul>\n<li>Doskona\u0142a kontrola temperatury<\/li>\n<li>sta\u0142y jednolity przep\u0142yw<\/li>\n<\/ul>\n<\/td>\n<\/tr>\n<\/tbody>\n<\/table>\n<p>&nbsp;<\/p>","protected":false},"excerpt":{"rendered":"<p>Pompa do przenoszenia czekolady, mas, krem\u00f3w i podobnych mas.<\/p>","protected":false},"featured_media":2486,"comment_status":"open","ping_status":"closed","template":"","meta":{"uix_meta_title":"","uix_meta_description":"","uix_canonical_url":""},"product_brand":[],"product_cat":[104],"product_tag":[],"class_list":{"0":"post-2488","1":"product","2":"type-product","3":"status-publish","4":"has-post-thumbnail","6":"product_cat-processing","8":"first","9":"instock","10":"shipping-taxable","11":"product-type-simple"},"_links":{"self":[{"href":"https:\/\/cormac.eu\/pl\/wp-json\/wp\/v2\/product\/2488","targetHints":{"allow":["GET"]}}],"collection":[{"href":"https:\/\/cormac.eu\/pl\/wp-json\/wp\/v2\/product"}],"about":[{"href":"https:\/\/cormac.eu\/pl\/wp-json\/wp\/v2\/types\/product"}],"replies":[{"embeddable":true,"href":"https:\/\/cormac.eu\/pl\/wp-json\/wp\/v2\/comments?post=2488"}],"wp:featuredmedia":[{"embeddable":true,"href":"https:\/\/cormac.eu\/pl\/wp-json\/wp\/v2\/media\/2486"}],"wp:attachment":[{"href":"https:\/\/cormac.eu\/pl\/wp-json\/wp\/v2\/media?parent=2488"}],"wp:term":[{"taxonomy":"product_brand","embeddable":true,"href":"https:\/\/cormac.eu\/pl\/wp-json\/wp\/v2\/product_brand?post=2488"},{"taxonomy":"product_cat","embeddable":true,"href":"https:\/\/cormac.eu\/pl\/wp-json\/wp\/v2\/product_cat?post=2488"},{"taxonomy":"product_tag","embeddable":true,"href":"https:\/\/cormac.eu\/pl\/wp-json\/wp\/v2\/product_tag?post=2488"}],"curies":[{"name":"wp","href":"https:\/\/api.w.org\/{rel}","templated":true}]}}