{"id":2478,"date":"2022-04-03T13:47:42","date_gmt":"2022-04-03T11:47:42","guid":{"rendered":"https:\/\/cormac.eu\/?post_type=product&#038;p=2478"},"modified":"2023-10-27T15:21:33","modified_gmt":"2023-10-27T13:21:33","slug":"kruszarka-do-ziaren-kakaowca","status":"publish","type":"product","link":"https:\/\/cormac.eu\/pl\/product\/cocoa-bean-crusher\/","title":{"rendered":"Kruszarka do ziaren kakaowca"},"content":{"rendered":"<p>Kompaktowa kruszarka i separator Cocoabean kruszy ziarna kakaowca i oddziela je od \u0142upin za pomoc\u0105 powietrza. Maszyna sk\u0142ada si\u0119 ze zbiornika i mechanizmu obrotowego, kt\u00f3ry mia\u017cd\u017cy ziarna kakaowca. Ziarna i \u0142upiny s\u0105 nast\u0119pnie oddzielane za pomoc\u0105 strumieni powietrza. Rozdzielaj\u0105 one strumie\u0144 cz\u0105stek o mniejszej g\u0119sto\u015bci do cyklonu, a oddzielone \u015bruty do pojemnika odbiorczego, aby mog\u0142y by\u0107 dalej przetwarzane.<\/p>\n<p>&nbsp;<\/p>\n<table width=\"604\">\n<tbody>\n<tr>\n<td width=\"302\"><strong>Cechy<\/strong><\/td>\n<td width=\"302\"><strong>Korzy\u015bci<\/strong><\/td>\n<\/tr>\n<tr>\n<td width=\"302\">Kompaktowy<\/td>\n<td width=\"302\">\n<ul>\n<li>Zmniejszona powierzchnia podstawy<\/li>\n<\/ul>\n<\/td>\n<\/tr>\n<tr>\n<td width=\"302\">\u0141atwa obs\u0142uga<\/td>\n<td width=\"302\">\n<ul>\n<li>Nie jest potrzebny specjalnie wykwalifikowany personel<\/li>\n<\/ul>\n<\/td>\n<\/tr>\n<\/tbody>\n<\/table>","protected":false},"excerpt":{"rendered":"<p>Kompaktowa maszyna do rozdrabniania ziaren kokosowych i oddzielania ich od \u0142upin.<\/p>","protected":false},"featured_media":2475,"comment_status":"open","ping_status":"closed","template":"","meta":{"uix_meta_title":"","uix_meta_description":"","uix_canonical_url":""},"product_brand":[],"product_cat":[104],"product_tag":[],"class_list":{"0":"post-2478","1":"product","2":"type-product","3":"status-publish","4":"has-post-thumbnail","6":"product_cat-processing","8":"first","9":"instock","10":"shipping-taxable","11":"product-type-simple"},"_links":{"self":[{"href":"https:\/\/cormac.eu\/pl\/wp-json\/wp\/v2\/product\/2478","targetHints":{"allow":["GET"]}}],"collection":[{"href":"https:\/\/cormac.eu\/pl\/wp-json\/wp\/v2\/product"}],"about":[{"href":"https:\/\/cormac.eu\/pl\/wp-json\/wp\/v2\/types\/product"}],"replies":[{"embeddable":true,"href":"https:\/\/cormac.eu\/pl\/wp-json\/wp\/v2\/comments?post=2478"}],"wp:featuredmedia":[{"embeddable":true,"href":"https:\/\/cormac.eu\/pl\/wp-json\/wp\/v2\/media\/2475"}],"wp:attachment":[{"href":"https:\/\/cormac.eu\/pl\/wp-json\/wp\/v2\/media?parent=2478"}],"wp:term":[{"taxonomy":"product_brand","embeddable":true,"href":"https:\/\/cormac.eu\/pl\/wp-json\/wp\/v2\/product_brand?post=2478"},{"taxonomy":"product_cat","embeddable":true,"href":"https:\/\/cormac.eu\/pl\/wp-json\/wp\/v2\/product_cat?post=2478"},{"taxonomy":"product_tag","embeddable":true,"href":"https:\/\/cormac.eu\/pl\/wp-json\/wp\/v2\/product_tag?post=2478"}],"curies":[{"name":"wp","href":"https:\/\/api.w.org\/{rel}","templated":true}]}}