{"id":2439,"date":"2022-04-02T15:02:33","date_gmt":"2022-04-02T13:02:33","guid":{"rendered":"https:\/\/cormac.eu\/?post_type=product&#038;p=2439"},"modified":"2022-06-06T00:44:06","modified_gmt":"2022-06-05T22:44:06","slug":"rack-washer","status":"publish","type":"product","link":"https:\/\/cormac.eu\/pl\/product\/rack-washer\/","title":{"rendered":"Myjka do stela\u017cy"},"content":{"rendered":"<p>This flexible rack washer can handle racks, large vessles and trolleys with ultimate cleaning result. It can be executed with door widths and cabinet sizes according to the customers specific requirements. Also the washing area is customizable. This efficient machine is suitable to be operated by one person. The machine can be equipped with a ramp when placed on a higher floor level. Also it can be executed for mounting in a pit.<\/p>\n<table width=\"604\">\n<tbody>\n<tr>\n<td width=\"302\"><strong>Cechy<\/strong><\/td>\n<td width=\"302\"><strong>Korzy\u015bci<\/strong><\/td>\n<\/tr>\n<tr>\n<td width=\"302\">Konstrukcja ze stali nierdzewnej<\/td>\n<td width=\"302\">\n<ul>\n<li>Sztywny<\/li>\n<li>Higieniczny<\/li>\n<\/ul>\n<\/td>\n<\/tr>\n<tr>\n<td width=\"302\">Rotary spray jets<\/td>\n<td width=\"302\">\n<ul>\n<li>Intense washing power<\/li>\n<\/ul>\n<\/td>\n<\/tr>\n<tr>\n<td width=\"302\">Mycie pojemnika z recyrkulacj\u0105<\/td>\n<td width=\"302\">\n<ul>\n<li>Zmniejszenie zu\u017cycia wody<\/li>\n<\/ul>\n<\/td>\n<\/tr>\n<tr>\n<td width=\"302\">Sterowanie za pomoc\u0105 ekranu dotykowego<\/td>\n<td width=\"302\">\n<ul>\n<li>Wyb\u00f3r parametr\u00f3w<\/li>\n<li>Rejestrowanie i przechowywanie danych<\/li>\n<li>Kontrola czasu mycia i p\u0142ukania<\/li>\n<li>Wiele program\u00f3w cyklu prania<\/li>\n<\/ul>\n<\/td>\n<\/tr>\n<tr>\n<td width=\"302\">Energooszcz\u0119dna konstrukcja<\/td>\n<td width=\"302\">\n<ul>\n<li>Zmniejszone zu\u017cycie detergent\u00f3w<\/li>\n<li>Ni\u017csze koszty eksploatacji<\/li>\n<li>Mniejszy wp\u0142yw na \u015brodowisko<\/li>\n<\/ul>\n<\/td>\n<\/tr>\n<tr>\n<td width=\"302\">Cykle prania, p\u0142ukania i suszenia<\/td>\n<td width=\"302\">\n<ul>\n<li>Doskona\u0142e wyniki czyszczenia<\/li>\n<\/ul>\n<\/td>\n<\/tr>\n<tr>\n<td width=\"302\">Opcjonalnie<\/td>\n<td width=\"302\">\n<ul>\n<li>Auto heating rinse tank<\/li>\n<li>Rinse booster pump<\/li>\n<li>Steam extract fan<\/li>\n<li>Two door pass through design<\/li>\n<li>Steam, electric or gas heating<\/li>\n<\/ul>\n<\/td>\n<\/tr>\n<\/tbody>\n<\/table>","protected":false},"excerpt":{"rendered":"<p>Elastyczna myjka do rega\u0142\u00f3w, du\u017cych naczy\u0144 i w\u00f3zk\u00f3w.<\/p>","protected":false},"featured_media":2438,"comment_status":"open","ping_status":"closed","template":"","meta":{"uix_meta_title":"","uix_meta_description":"","uix_canonical_url":""},"product_brand":[],"product_cat":[108],"product_tag":[],"class_list":{"0":"post-2439","1":"product","2":"type-product","3":"status-publish","4":"has-post-thumbnail","6":"product_cat-hygiene","8":"first","9":"instock","10":"shipping-taxable","11":"product-type-simple"},"_links":{"self":[{"href":"https:\/\/cormac.eu\/pl\/wp-json\/wp\/v2\/product\/2439","targetHints":{"allow":["GET"]}}],"collection":[{"href":"https:\/\/cormac.eu\/pl\/wp-json\/wp\/v2\/product"}],"about":[{"href":"https:\/\/cormac.eu\/pl\/wp-json\/wp\/v2\/types\/product"}],"replies":[{"embeddable":true,"href":"https:\/\/cormac.eu\/pl\/wp-json\/wp\/v2\/comments?post=2439"}],"wp:featuredmedia":[{"embeddable":true,"href":"https:\/\/cormac.eu\/pl\/wp-json\/wp\/v2\/media\/2438"}],"wp:attachment":[{"href":"https:\/\/cormac.eu\/pl\/wp-json\/wp\/v2\/media?parent=2439"}],"wp:term":[{"taxonomy":"product_brand","embeddable":true,"href":"https:\/\/cormac.eu\/pl\/wp-json\/wp\/v2\/product_brand?post=2439"},{"taxonomy":"product_cat","embeddable":true,"href":"https:\/\/cormac.eu\/pl\/wp-json\/wp\/v2\/product_cat?post=2439"},{"taxonomy":"product_tag","embeddable":true,"href":"https:\/\/cormac.eu\/pl\/wp-json\/wp\/v2\/product_tag?post=2439"}],"curies":[{"name":"wp","href":"https:\/\/api.w.org\/{rel}","templated":true}]}}