{"id":2437,"date":"2022-04-01T23:08:48","date_gmt":"2022-04-01T21:08:48","guid":{"rendered":"https:\/\/cormac.eu\/?post_type=product&#038;p=2437"},"modified":"2022-06-06T00:35:29","modified_gmt":"2022-06-05T22:35:29","slug":"myjka-pojemnikow","status":"publish","type":"product","link":"https:\/\/cormac.eu\/pl\/product\/bin-washer\/","title":{"rendered":"Myjka do pojemnik\u00f3w"},"content":{"rendered":"<p>Myjki pojemnik\u00f3w mog\u0105 by\u0107 u\u017cywane do mycia i czyszczenia r\u00f3\u017cnego rodzaju pojemnik\u00f3w na k\u00f3\u0142kach lub bez k\u00f3\u0142ek. Doskonale nadaj\u0105 si\u0119 r\u00f3wnie\u017c do mycia palet i pojemnik\u00f3w IBC. Maszyny s\u0105 wykonywane na wymiar w zale\u017cno\u015bci od wymiar\u00f3w i charakterystyki pojemnik\u00f3w \/ kontener\u00f3w na \u017cywno\u015b\u0107 i odpady. Maszyna mo\u017ce by\u0107 wyposa\u017cona w ramp\u0119 w przypadku podniesionej pod\u0142ogi. W przeciwnym razie mo\u017cliwe jest r\u00f3wnie\u017c dostarczenie konstrukcji odpowiedniej do zainstalowania w wykopie. Pojemnik jest obracany za pomoc\u0105 wzorca indeksowania sterowanego przez PLC, co zapewnia niesko\u0144czon\u0105 zmienno\u015b\u0107 cyklu. W ten spos\u00f3b dezynfekowane s\u0105 wszystkie powierzchnie wewn\u0105trz i na zewn\u0105trz pojemnik\u00f3w. Maszyna mo\u017ce by\u0107 obs\u0142ugiwana przez jedn\u0105 osob\u0119.<\/p>\n<p>&nbsp;<\/p>\n<table width=\"604\">\n<tbody>\n<tr>\n<td width=\"302\"><strong>Cechy<\/strong><\/td>\n<td width=\"302\"><strong>Korzy\u015bci<\/strong><\/td>\n<\/tr>\n<tr>\n<td width=\"302\">Konstrukcja ze stali nierdzewnej<\/td>\n<td width=\"302\">\n<ul>\n<li>Sztywny<\/li>\n<li>Higieniczny<\/li>\n<\/ul>\n<\/td>\n<\/tr>\n<tr>\n<td width=\"302\">Wysokowydajny system natryskowy<\/td>\n<td width=\"302\">\n<ul>\n<li>Intensywna wydajno\u015b\u0107 czyszczenia<\/li>\n<\/ul>\n<\/td>\n<\/tr>\n<tr>\n<td width=\"302\">Mycie pojemnika z recyrkulacj\u0105<\/td>\n<td width=\"302\">\n<ul>\n<li>Zmniejszenie zu\u017cycia wody<\/li>\n<\/ul>\n<\/td>\n<\/tr>\n<tr>\n<td width=\"302\">Sterowanie za pomoc\u0105 ekranu dotykowego<\/td>\n<td width=\"302\">\n<ul>\n<li>Wyb\u00f3r parametr\u00f3w<\/li>\n<li>Rejestrowanie i przechowywanie danych<\/li>\n<li>Kontrola czasu mycia i p\u0142ukania<\/li>\n<li>Wiele program\u00f3w cyklu prania<\/li>\n<\/ul>\n<\/td>\n<\/tr>\n<tr>\n<td width=\"302\">Energooszcz\u0119dna konstrukcja<\/td>\n<td width=\"302\">\n<ul>\n<li>Zmniejszone zu\u017cycie detergent\u00f3w<\/li>\n<li>Ni\u017csze koszty eksploatacji<\/li>\n<li>Mniejszy wp\u0142yw na \u015brodowisko<\/li>\n<\/ul>\n<\/td>\n<\/tr>\n<tr>\n<td width=\"302\">Cykle prania, p\u0142ukania i suszenia<\/td>\n<td width=\"302\">\n<ul>\n<li>Doskona\u0142e wyniki czyszczenia<\/li>\n<\/ul>\n<\/td>\n<\/tr>\n<tr>\n<td width=\"302\">Wyposa\u017cenie opcjonalne<\/td>\n<td width=\"302\">\n<ul>\n<li>Zbiornik wspomagaj\u0105cy p\u0142ukanie (z pomp\u0105)<\/li>\n<li>Ogrzewanie parowe, gazowe lub elektryczne<\/li>\n<li>Wykonanie dwudrzwiowe<\/li>\n<li>Wentylator wyci\u0105gowy pary (stal nierdzewna)<\/li>\n<li>Dozownik detergentu do prania i p\u0142ukania<\/li>\n<li>Automatyczne podawanie i roz\u0142adowywanie przeno\u015bnika<\/li>\n<li>Automatyczny odka\u017cacz pojemnik\u00f3w<\/li>\n<li>Specjalny stojak do mycia pokryw<\/li>\n<li>Ko\u0144cowe p\u0142ukanie \u015bwie\u017c\u0105 wod\u0105<\/li>\n<\/ul>\n<\/td>\n<\/tr>\n<\/tbody>\n<\/table>","protected":false},"excerpt":{"rendered":"<p>Maszyna do mycia pojemnik\u00f3w na k\u00f3\u0142kach lub bez k\u00f3\u0142ek, palet i kontener\u00f3w IBC.<\/p>","protected":false},"featured_media":2436,"comment_status":"open","ping_status":"closed","template":"","meta":{"uix_meta_title":"","uix_meta_description":"","uix_canonical_url":""},"product_brand":[],"product_cat":[108],"product_tag":[],"class_list":{"0":"post-2437","1":"product","2":"type-product","3":"status-publish","4":"has-post-thumbnail","6":"product_cat-hygiene","8":"first","9":"instock","10":"shipping-taxable","11":"product-type-simple"},"_links":{"self":[{"href":"https:\/\/cormac.eu\/pl\/wp-json\/wp\/v2\/product\/2437","targetHints":{"allow":["GET"]}}],"collection":[{"href":"https:\/\/cormac.eu\/pl\/wp-json\/wp\/v2\/product"}],"about":[{"href":"https:\/\/cormac.eu\/pl\/wp-json\/wp\/v2\/types\/product"}],"replies":[{"embeddable":true,"href":"https:\/\/cormac.eu\/pl\/wp-json\/wp\/v2\/comments?post=2437"}],"wp:featuredmedia":[{"embeddable":true,"href":"https:\/\/cormac.eu\/pl\/wp-json\/wp\/v2\/media\/2436"}],"wp:attachment":[{"href":"https:\/\/cormac.eu\/pl\/wp-json\/wp\/v2\/media?parent=2437"}],"wp:term":[{"taxonomy":"product_brand","embeddable":true,"href":"https:\/\/cormac.eu\/pl\/wp-json\/wp\/v2\/product_brand?post=2437"},{"taxonomy":"product_cat","embeddable":true,"href":"https:\/\/cormac.eu\/pl\/wp-json\/wp\/v2\/product_cat?post=2437"},{"taxonomy":"product_tag","embeddable":true,"href":"https:\/\/cormac.eu\/pl\/wp-json\/wp\/v2\/product_tag?post=2437"}],"curies":[{"name":"wp","href":"https:\/\/api.w.org\/{rel}","templated":true}]}}