{"id":2418,"date":"2022-04-01T17:30:31","date_gmt":"2022-04-01T15:30:31","guid":{"rendered":"https:\/\/cormac.eu\/?post_type=product&#038;p=2418"},"modified":"2022-06-06T00:37:12","modified_gmt":"2022-06-05T22:37:12","slug":"spryskiwacz-kosza-2","status":"publish","type":"product","link":"https:\/\/cormac.eu\/pl\/product\/basket-washer\/","title":{"rendered":"Podk\u0142adka pod kosz"},"content":{"rendered":"<p>Maszyny do mycia koszy, kt\u00f3re mog\u0105 by\u0107 dostarczone zgodnie ze specyfikacj\u0105 klienta, zapewniaj\u0105c klientowi skuteczne i wszechstronne rozwi\u0105zanie do mycia wszystkich rodzaj\u00f3w skrzynek, pojemnik\u00f3w i koszy. Maszyny te mog\u0105 by\u0107 dostarczane z wydajno\u015bci\u0105 od 100 do 8000 koszy na godzin\u0119. Myjki te mog\u0105 mie\u0107 r\u00f3\u017cne opcje filtracji w zale\u017cno\u015bci od bran\u017cy i stopnia zabrudzenia. Cykle maszyny obejmuj\u0105 mycie wst\u0119pne, mycie, p\u0142ukanie (nadaj\u0105ce si\u0119 do recyklingu), p\u0142ukanie kosza i cykl suszenia. Ogrzewanie, kt\u00f3re jest sterowane termostatem, mo\u017ce odbywa\u0107 si\u0119 za pomoc\u0105 energii elektrycznej, pary lub gazu.<\/p>\n<p>&nbsp;<\/p>\n<table>\n<tbody>\n<tr>\n<td width=\"302\"><strong>Cechy<\/strong><\/td>\n<td width=\"302\"><strong>Korzy\u015bci<\/strong><\/td>\n<\/tr>\n<tr>\n<td width=\"302\">Du\u017cy wyb\u00f3r wyj\u015b\u0107<\/td>\n<td width=\"302\">\n<ul>\n<li>forma 100 koszy\/godz.<\/li>\n<li>do 8.000 koszy\/h<\/li>\n<\/ul>\n<\/td>\n<\/tr>\n<tr>\n<td width=\"302\">Modu\u0142owy format konstrukcji<\/td>\n<td width=\"302\">\n<ul>\n<li>wszechstronny<\/li>\n<li>mo\u017ce my\u0107 wszystkie rodzaje koszy<\/li>\n<li>Niestandardowe opcje filtracji<\/li>\n<li>Maszyny jedno- i wielopasmowe<\/li>\n<\/ul>\n<\/td>\n<\/tr>\n<tr>\n<td width=\"302\">Suszenie no\u017ca powietrzem<\/p>\n<p>&nbsp;<\/td>\n<td width=\"302\">\n<ul>\n<li>Doskona\u0142a zdolno\u015b\u0107 suszenia<\/li>\n<\/ul>\n<\/td>\n<\/tr>\n<tr>\n<td width=\"302\">Ekran dotykowy<\/td>\n<td width=\"302\">\n<ul>\n<li>Regulowana kontrola parametr\u00f3w<\/li>\n<li>przechowywanie przepis\u00f3w<\/li>\n<\/ul>\n<\/td>\n<\/tr>\n<tr>\n<td width=\"302\">Integracja<\/td>\n<td width=\"302\">\n<ul>\n<li>mog\u0105 by\u0107 zintegrowane z rozbudowanymi systemami z automatycznym uk\u0142adaniem i roz\u0142adowywaniem<\/li>\n<\/ul>\n<\/td>\n<\/tr>\n<tr>\n<td width=\"302\">Brak narz\u0119dzi do konserwacji<\/td>\n<td width=\"302\">\n<ul>\n<li>\u0141atwy dost\u0119p na potrzeby konserwacji<\/li>\n<\/ul>\n<\/td>\n<\/tr>\n<\/tbody>\n<\/table>\n<p>&nbsp;<\/p>","protected":false},"excerpt":{"rendered":"<p>Wszechstronna maszyna do mycia koszy, pojemnik\u00f3w i skrzynek o wydajno\u015bci od 100 do 8000 koszy na godzin\u0119, wykonana zgodnie ze specyfikacj\u0105 klienta.<\/p>","protected":false},"featured_media":2420,"comment_status":"open","ping_status":"closed","template":"","meta":{"uix_meta_title":"","uix_meta_description":"","uix_canonical_url":""},"product_brand":[],"product_cat":[108],"product_tag":[],"class_list":{"0":"post-2418","1":"product","2":"type-product","3":"status-publish","4":"has-post-thumbnail","6":"product_cat-hygiene","8":"first","9":"instock","10":"shipping-taxable","11":"product-type-simple"},"_links":{"self":[{"href":"https:\/\/cormac.eu\/pl\/wp-json\/wp\/v2\/product\/2418","targetHints":{"allow":["GET"]}}],"collection":[{"href":"https:\/\/cormac.eu\/pl\/wp-json\/wp\/v2\/product"}],"about":[{"href":"https:\/\/cormac.eu\/pl\/wp-json\/wp\/v2\/types\/product"}],"replies":[{"embeddable":true,"href":"https:\/\/cormac.eu\/pl\/wp-json\/wp\/v2\/comments?post=2418"}],"wp:featuredmedia":[{"embeddable":true,"href":"https:\/\/cormac.eu\/pl\/wp-json\/wp\/v2\/media\/2420"}],"wp:attachment":[{"href":"https:\/\/cormac.eu\/pl\/wp-json\/wp\/v2\/media?parent=2418"}],"wp:term":[{"taxonomy":"product_brand","embeddable":true,"href":"https:\/\/cormac.eu\/pl\/wp-json\/wp\/v2\/product_brand?post=2418"},{"taxonomy":"product_cat","embeddable":true,"href":"https:\/\/cormac.eu\/pl\/wp-json\/wp\/v2\/product_cat?post=2418"},{"taxonomy":"product_tag","embeddable":true,"href":"https:\/\/cormac.eu\/pl\/wp-json\/wp\/v2\/product_tag?post=2418"}],"curies":[{"name":"wp","href":"https:\/\/api.w.org\/{rel}","templated":true}]}}