{"id":2390,"date":"2022-03-20T12:25:04","date_gmt":"2022-03-20T11:25:04","guid":{"rendered":"https:\/\/cormac.eu\/?post_type=product&#038;p=2390"},"modified":"2022-05-30T16:25:08","modified_gmt":"2022-05-30T14:25:08","slug":"maszyna-do-formowania-kulek-cbf","status":"publish","type":"product","link":"https:\/\/cormac.eu\/pl\/product\/ball-forming-machine-cbf\/","title":{"rendered":"Maszyna do formowania kulek CBF"},"content":{"rendered":"<p>Maszyny do formowania kulek z serii CBF nadaj\u0105 si\u0119 do produkcji produkt\u00f3w o cylindrycznym kszta\u0142cie, takich jak mi\u0119kkie cukierki, pasty owocowe, gumy b\u0105belkowe i por\u00f3wnywalne masy, zar\u00f3wno z wype\u0142nieniem \u015brodkowym, jak i pe\u0142ne lub puste. Te maszyny do formowania kulek wytwarzaj\u0105 wysokiej jako\u015bci produkty z du\u017c\u0105 pr\u0119dko\u015bci\u0105 do 6500 ppm. Maszyny s\u0105 nap\u0119dzane serwomotorem, a wszystkie parametry produkcyjne mo\u017cna ustawi\u0107 i zapisa\u0107 na przyjaznym dla operatora ekranie dotykowym. Podczas pracy maszyny mo\u017cna kontrolowa\u0107 pr\u0119dko\u015b\u0107 obrotu i przesuwania rolek formuj\u0105cych. Nowo zaprojektowany system sortowania i ci\u0119cia umo\u017cliwia produkcj\u0119 kawa\u0142k\u00f3w o wysokiej zawarto\u015bci nadzienia do 20%.  Maszyna ta umo\u017cliwia cukiernikom wytwarzanie szerokiej gamy produkt\u00f3w przy niskich kosztach, aby obs\u0142ugiwa\u0107 rynek w kreatywny spos\u00f3b i osi\u0105gn\u0105\u0107 szybki czas zwrotu i wysoki zwrot z inwestycji. Model CBF-8000 z podw\u00f3jn\u0105 form\u0105 kulow\u0105 obejmuje 2 fazy formowania przy u\u017cyciu rolek o d\u0142ugo\u015bci 1000 mm. Maszyna ta mo\u017ce pracowa\u0107 z pr\u0119dko\u015bci\u0105 80 metr\u00f3w\/min. W ten spos\u00f3b mo\u017ce zast\u0105pi\u0107 do 6 konwencjonalnych maszyn do formowania pojedynczych kulek, jednocze\u015bnie zapewniaj\u0105c jeszcze lepsz\u0105 jako\u015b\u0107 produktu z wy\u017csz\u0105 zawarto\u015bci\u0105 \u015brodkowego wype\u0142nienia. Mo\u017cliwe jest dostarczenie kompletnych linii do formowania kulek.<\/p>\n<p><img decoding=\"async\" class=\"alignnone wp-image-2516\" src=\"https:\/\/cormac.eu\/wp-content\/uploads\/2022\/04\/Gum-center-filled-300x197.jpg\" alt=\"\" width=\"192\" height=\"126\" srcset=\"https:\/\/cormac.eu\/wp-content\/uploads\/2022\/04\/Gum-center-filled-300x197.jpg 300w, https:\/\/cormac.eu\/wp-content\/uploads\/2022\/04\/Gum-center-filled.jpg 600w\" sizes=\"(max-width: 192px) 100vw, 192px\" \/><img decoding=\"async\" class=\"alignnone wp-image-2642\" src=\"https:\/\/cormac.eu\/wp-content\/uploads\/2022\/04\/Mentos-Choco.jpg\" alt=\"\" width=\"175\" height=\"128\" \/><img decoding=\"async\" class=\"alignnone wp-image-2641\" src=\"https:\/\/cormac.eu\/wp-content\/uploads\/2022\/04\/Gum-tennis-balls-300x208.jpg\" alt=\"\" width=\"202\" height=\"141\" srcset=\"https:\/\/cormac.eu\/wp-content\/uploads\/2022\/04\/Gum-tennis-balls-300x208.jpg 300w, https:\/\/cormac.eu\/wp-content\/uploads\/2022\/04\/Gum-tennis-balls.jpg 600w\" sizes=\"(max-width: 202px) 100vw, 202px\" \/><img loading=\"lazy\" decoding=\"async\" class=\"alignnone wp-image-2640\" src=\"https:\/\/cormac.eu\/wp-content\/uploads\/2022\/04\/Gum-dinosaur-eggs.jpg\" alt=\"\" width=\"189\" height=\"138\" \/><\/p>\n<p>&nbsp;<\/p>\n<table>\n<tbody>\n<tr>\n<td width=\"158\">\u00a0<strong>\u00a0\u00a0\u00a0\u00a0\u00a0\u00a0\u00a0\u00a0\u00a0\u00a0\u00a0\u00a0\u00a0\u00a0\u00a0\u00a0\u00a0\u00a0\u00a0\u00a0\u00a0\u00a0\u00a0\u00a0\u00a0\u00a0\u00a0\u00a0 \u00a0\u00a0\u00a0\u00a0\u00a0\u00a0\u00a0\u00a0<\/strong><\/td>\n<td width=\"153\">\n<p style=\"text-align: center;\"><strong>CBF 4000<\/strong><\/p>\n<\/td>\n<td style=\"text-align: center;\" width=\"140\"><strong>CBF 6000<\/strong><\/td>\n<td width=\"153\">\n<p style=\"text-align: center;\"><strong>CBF 8000<\/strong><\/p>\n<\/td>\n<\/tr>\n<tr>\n<td width=\"158\"><strong>pr\u0119dko\u015b\u0107<\/strong><\/td>\n<td width=\"153\">\n<p style=\"text-align: center;\">40 metr\u00f3w\/min<\/p>\n<\/td>\n<td style=\"text-align: center;\" width=\"140\">60 metr\u00f3w\/min<\/td>\n<td width=\"153\">\n<p style=\"text-align: center;\">80 metr\u00f3w\/min<\/p>\n<\/td>\n<\/tr>\n<tr>\n<td width=\"158\"><strong>Liczba rolek<\/strong><\/td>\n<td width=\"153\">\n<p style=\"text-align: center;\">1<\/p>\n<\/td>\n<td width=\"140\">\n<p style=\"text-align: center;\">1, 2<\/p>\n<\/td>\n<td width=\"153\">\n<p style=\"text-align: center;\">2<\/p>\n<\/td>\n<\/tr>\n<tr>\n<td width=\"158\"><strong>Produkt <\/strong><strong>Zakres \u00d8<\/strong><\/td>\n<td width=\"153\">\n<p style=\"text-align: center;\">10 - 30 mm<\/p>\n<\/td>\n<td style=\"text-align: center;\" width=\"140\">10-30 mm<\/td>\n<td width=\"153\">\n<p style=\"text-align: center;\">10-30 mm<\/p>\n<\/td>\n<\/tr>\n<tr>\n<td width=\"158\"><strong>Moc<\/strong><\/td>\n<td width=\"153\">\n<p style=\"text-align: center;\">3,9 kW<\/p>\n<\/td>\n<td style=\"text-align: center;\" width=\"140\">4,2 kW<\/td>\n<td width=\"153\">\n<p style=\"text-align: center;\">4,8 kW<\/p>\n<\/td>\n<\/tr>\n<\/tbody>\n<\/table>\n<p>&nbsp;<\/p>\n<table style=\"height: 505px;\" width=\"625\">\n<tbody>\n<tr>\n<td width=\"302\">\n<p style=\"text-align: center;\"><strong>Cechy<\/strong><\/p>\n<\/td>\n<td width=\"302\">\n<p style=\"text-align: center;\"><strong>Korzy\u015bci<\/strong><\/p>\n<\/td>\n<\/tr>\n<tr>\n<td width=\"302\">Wykonanie ze stali nierdzewnej<\/td>\n<td width=\"302\">\n<ul>\n<li>\u0141atwe czyszczenie<\/li>\n<li>Higieniczna konstrukcja<\/li>\n<\/ul>\n<\/td>\n<\/tr>\n<tr>\n<td width=\"302\">Wytrzyma\u0142a rama maszyny<\/td>\n<td width=\"302\">\n<ul>\n<li>Niezawodny<\/li>\n<li>D\u0142uga \u017cywotno\u015b\u0107 techniczna<\/li>\n<\/ul>\n<\/td>\n<\/tr>\n<tr>\n<td width=\"302\">1 lub 2 zestawy rolek (d\u0142ugo\u015b\u0107 1000 mm)<\/td>\n<td width=\"302\">\n<ul>\n<li>Wysokie pr\u0119dko\u015bci<\/li>\n<\/ul>\n<\/td>\n<\/tr>\n<tr>\n<td width=\"302\">Ruchy nap\u0119dzane serwomechanizmem<\/td>\n<td width=\"302\">\n<ul>\n<li>Wysoki poziom kontroli procesu<\/li>\n<\/ul>\n<\/td>\n<\/tr>\n<tr>\n<td width=\"302\">Specjalny system ci\u0119cia z no\u017cem nap\u0119dzanym serwomechanizmem<\/td>\n<td width=\"302\">\n<ul>\n<li>Zapobieganie wyciekom<\/li>\n<li>Precyzyjne ci\u0119cie dopasowane do pr\u0119dko\u015bci liny<\/li>\n<\/ul>\n<\/td>\n<\/tr>\n<tr>\n<td width=\"302\">Szybka zmiana<\/td>\n<td width=\"302\">\n<ul>\n<li>&lt; 10 minut na zmian\u0119<\/li>\n<\/ul>\n<\/td>\n<\/tr>\n<\/tbody>\n<\/table>","protected":false},"excerpt":{"rendered":"<p>Ci\u0105g\u0142e formierki kulek do produkcji produkt\u00f3w o cylindrycznym kszta\u0142cie, takich jak mi\u0119kkie cukierki, pasty owocowe, gumy b\u0105belkowe i podobne masy.<\/p>","protected":false},"featured_media":2515,"comment_status":"open","ping_status":"closed","template":"","meta":{"uix_meta_title":"","uix_meta_description":"","uix_canonical_url":""},"product_brand":[],"product_cat":[104],"product_tag":[],"class_list":{"0":"post-2390","1":"product","2":"type-product","3":"status-publish","4":"has-post-thumbnail","6":"product_cat-processing","8":"first","9":"instock","10":"shipping-taxable","11":"product-type-simple"},"_links":{"self":[{"href":"https:\/\/cormac.eu\/pl\/wp-json\/wp\/v2\/product\/2390","targetHints":{"allow":["GET"]}}],"collection":[{"href":"https:\/\/cormac.eu\/pl\/wp-json\/wp\/v2\/product"}],"about":[{"href":"https:\/\/cormac.eu\/pl\/wp-json\/wp\/v2\/types\/product"}],"replies":[{"embeddable":true,"href":"https:\/\/cormac.eu\/pl\/wp-json\/wp\/v2\/comments?post=2390"}],"wp:featuredmedia":[{"embeddable":true,"href":"https:\/\/cormac.eu\/pl\/wp-json\/wp\/v2\/media\/2515"}],"wp:attachment":[{"href":"https:\/\/cormac.eu\/pl\/wp-json\/wp\/v2\/media?parent=2390"}],"wp:term":[{"taxonomy":"product_brand","embeddable":true,"href":"https:\/\/cormac.eu\/pl\/wp-json\/wp\/v2\/product_brand?post=2390"},{"taxonomy":"product_cat","embeddable":true,"href":"https:\/\/cormac.eu\/pl\/wp-json\/wp\/v2\/product_cat?post=2390"},{"taxonomy":"product_tag","embeddable":true,"href":"https:\/\/cormac.eu\/pl\/wp-json\/wp\/v2\/product_tag?post=2390"}],"curies":[{"name":"wp","href":"https:\/\/api.w.org\/{rel}","templated":true}]}}