{"id":1911,"date":"2021-08-12T16:01:33","date_gmt":"2021-08-12T14:01:33","guid":{"rendered":"https:\/\/cormac.tijdelijk.org\/?post_type=product&#038;p=1911"},"modified":"2022-06-06T00:45:26","modified_gmt":"2022-06-05T22:45:26","slug":"newsmith-batch-galaxy","status":"publish","type":"product","link":"https:\/\/cormac.eu\/pl\/product\/newsmith-batch-galaxy\/","title":{"rendered":"Batch Galaxy"},"content":{"rendered":"<p>Compact multi-purpose high output washing machine, ideal for facilities with little space. Powerful yet simple machine, constructed entirely of stainless steel. The continuous action of the rotary washer provides a \u201cscrubbing like\u201d action. The rotating table ensures the items being cleaned are exposed to the high-pressure hot detergent sprays at various angles. The Batch Galaxy comes in various sizes, capable of taking diverse loads, in accordance with our customers&#8217; requirements. Its cycles include washing, rinsing and drying. This machine is often used for chocolate moulds and utensils in confectionery or bakery plants but also suitable for other food industries.<\/p>\n<p>&nbsp;<\/p>\n<h3>Zakres wydajno\u015bci<\/h3>\n<p>Depending on the size and shape of the objects to be washed<\/p>\n<p>&nbsp;<\/p>\n<table class=\"features\" border=\"0\">\n<tbody>\n<tr>\n<td><strong>Cechy<\/strong><\/td>\n<td><strong>Korzy\u015bci<\/strong><\/td>\n<\/tr>\n<tr>\n<td>Compact machine<\/td>\n<td>\n<ul>\n<li>space saving<\/li>\n<li>\u0142atwa obs\u0142uga<\/li>\n<\/ul>\n<\/td>\n<\/tr>\n<tr>\n<td>\u00a05.5 kW wash pump<\/td>\n<td>\n<ul>\n<li>High cleaning power<\/li>\n<\/ul>\n<\/td>\n<\/tr>\n<tr>\n<td>Automatically controlled machine cycles<\/td>\n<td>\n<ul>\n<li>Minimize consumption of energy, water and detergent<\/li>\n<\/ul>\n<\/td>\n<\/tr>\n<tr>\n<td>Removable panels<\/td>\n<td>\n<ul>\n<li>Total access<\/li>\n<\/ul>\n<\/td>\n<\/tr>\n<tr>\n<td>Big door<\/td>\n<td>\n<ul>\n<li>Easy to load<\/li>\n<\/ul>\n<\/td>\n<\/tr>\n<\/tbody>\n<\/table>","protected":false},"excerpt":{"rendered":"<p>Wydajna, a jednocze\u015bnie prosta, kompaktowa i wszechstronna wielofunkcyjna pralka o wysokiej wydajno\u015bci, idealna do obiekt\u00f3w o ma\u0142ej przestrzeni, wykonana w ca\u0142o\u015bci ze stali nierdzewnej.<\/p>","protected":false},"featured_media":2417,"comment_status":"open","ping_status":"closed","template":"","meta":{"uix_meta_title":"","uix_meta_description":"","uix_canonical_url":""},"product_brand":[],"product_cat":[108],"product_tag":[],"class_list":{"0":"post-1911","1":"product","2":"type-product","3":"status-publish","4":"has-post-thumbnail","6":"product_cat-hygiene","8":"first","9":"instock","10":"shipping-taxable","11":"purchasable","12":"product-type-simple"},"_links":{"self":[{"href":"https:\/\/cormac.eu\/pl\/wp-json\/wp\/v2\/product\/1911","targetHints":{"allow":["GET"]}}],"collection":[{"href":"https:\/\/cormac.eu\/pl\/wp-json\/wp\/v2\/product"}],"about":[{"href":"https:\/\/cormac.eu\/pl\/wp-json\/wp\/v2\/types\/product"}],"replies":[{"embeddable":true,"href":"https:\/\/cormac.eu\/pl\/wp-json\/wp\/v2\/comments?post=1911"}],"wp:featuredmedia":[{"embeddable":true,"href":"https:\/\/cormac.eu\/pl\/wp-json\/wp\/v2\/media\/2417"}],"wp:attachment":[{"href":"https:\/\/cormac.eu\/pl\/wp-json\/wp\/v2\/media?parent=1911"}],"wp:term":[{"taxonomy":"product_brand","embeddable":true,"href":"https:\/\/cormac.eu\/pl\/wp-json\/wp\/v2\/product_brand?post=1911"},{"taxonomy":"product_cat","embeddable":true,"href":"https:\/\/cormac.eu\/pl\/wp-json\/wp\/v2\/product_cat?post=1911"},{"taxonomy":"product_tag","embeddable":true,"href":"https:\/\/cormac.eu\/pl\/wp-json\/wp\/v2\/product_tag?post=1911"}],"curies":[{"name":"wp","href":"https:\/\/api.w.org\/{rel}","templated":true}]}}