{"id":1904,"date":"2021-08-12T15:51:32","date_gmt":"2021-08-12T13:51:32","guid":{"rendered":"https:\/\/cormac.tijdelijk.org\/?post_type=product&#038;p=1904"},"modified":"2022-04-21T22:28:06","modified_gmt":"2022-04-21T20:28:06","slug":"rasch-fi-wrapper-2","status":"publish","type":"product","link":"https:\/\/cormac.eu\/pl\/product\/rasch-fi-wrapper\/","title":{"rendered":"Maszyna do owijania figurek FI"},"content":{"rendered":"<p>Specjalnie zaprojektowana maszyna do owijania pustych figurek (symetrycznych i asymetrycznych), takich jak kr\u00f3liki, siedz\u0105ce kr\u00f3liki, \u015awi\u0119ty Miko\u0142aj i podobne figurki. Specjalnie opracowany przez Rasch jest tak zwany Z-fold, kt\u00f3ry jest w rzeczywisto\u015bci potr\u00f3jnym zagi\u0119ciem z ty\u0142u figurki, zapobiegaj\u0105cym widoczno\u015bci niezadrukowanej b\u0142yszcz\u0105cej cz\u0119\u015bci folii na szwie. W po\u0142\u0105czeniu z precyzyjn\u0105 technik\u0105 zgrzewania daje to idealnie owini\u0119te produkty, w kt\u00f3rych zachowane s\u0105 wszystkie szczeg\u00f3\u0142y reliefu.  Podawanie maszyny mo\u017ce odbywa\u0107 si\u0119 r\u0119cznie lub automatycznie za pomoc\u0105 kilku dost\u0119pnych system\u00f3w podawania. Waga ok. 3400 kg; moc 3,5 kVA;<\/p>\n<p>Zastosowanie: figurki, wszelkiego rodzaju puste figurki, takie jak: \u015awi\u0119ty Miko\u0142aj, Anio\u0142ek, Kurczak, Mi\u015b, Pingwin, Kr\u00f3lik , Zaj\u0105c, Figurki komiksowe itp.<br \/>\nSpos\u00f3b pakowania: sk\u0142adanie z przodu, zgrzewanie, etykietowanie, foliowanie, szew tylny;<\/p>\n<p><img decoding=\"async\" class=\"alignnone wp-image-2698\" src=\"https:\/\/cormac.eu\/wp-content\/uploads\/2022\/04\/sample-2.jpg\" alt=\"\" width=\"120\" height=\"129\" \/><img decoding=\"async\" class=\"alignnone wp-image-2741\" src=\"https:\/\/cormac.eu\/wp-content\/uploads\/2022\/04\/Product-Knipsel.jpg\" alt=\"\" width=\"107\" height=\"148\" \/><img decoding=\"async\" class=\"alignnone wp-image-2697\" src=\"https:\/\/cormac.eu\/wp-content\/uploads\/2022\/04\/sample-1.jpg\" alt=\"\" width=\"163\" height=\"118\" \/><\/p>\n<p>Zakres wydajno\u015bci: Do 33, 50 lub 60 produkt\u00f3w na minut\u0119, w zale\u017cno\u015bci od modelu i charakterystyki produktu.<\/p>\n<table>\n<tbody>\n<tr>\n<td width=\"293\">\n<p style=\"text-align: center\"><strong>Funkcje (niekt\u00f3re opcjonalne)<\/strong><\/p>\n<\/td>\n<td width=\"293\">\n<p style=\"text-align: center\"><strong>Korzy\u015bci<\/strong><\/p>\n<\/td>\n<\/tr>\n<tr>\n<td width=\"293\">Nap\u0119dzany serwomotorem<\/td>\n<td width=\"293\">\n<ul>\n<li>Dok\u0142adna synchronizacja modu\u0142\u00f3w<\/li>\n<\/ul>\n<\/td>\n<\/tr>\n<tr>\n<td width=\"293\">Systemy szybkiego prze\u0142\u0105czania<\/td>\n<td width=\"293\">\n<ul>\n<li>Mniej przestoj\u00f3w<\/li>\n<\/ul>\n<\/td>\n<\/tr>\n<tr>\n<td width=\"293\">Specjalne bezobs\u0142ugowe pier\u015bcienie \u0142o\u017cyskowe<\/td>\n<td width=\"293\">\n<ul>\n<li>Niskie koszty utrzymania<\/li>\n<\/ul>\n<\/td>\n<\/tr>\n<tr>\n<td width=\"293\">Ogniwo fotoelektryczne<\/td>\n<td width=\"293\">\n<ul>\n<li>Brak kontaktu z produktem<\/li>\n<\/ul>\n<\/td>\n<\/tr>\n<tr>\n<td width=\"293\">Programowalny kontroler sps i system monitorowania<\/td>\n<td width=\"293\">\n<ul>\n<li>Nieprzerwana produkcja<\/li>\n<\/ul>\n<\/td>\n<\/tr>\n<tr>\n<td width=\"293\">System podawania typu \"podnie\u015b i umie\u015b\u0107<\/td>\n<td width=\"293\">\n<ul>\n<li>Zwi\u0119kszona wydajno\u015b\u0107 i lepsza higiena<\/li>\n<\/ul>\n<\/td>\n<\/tr>\n<tr>\n<td width=\"293\">Wytrzyma\u0142a konstrukcja<\/td>\n<td width=\"293\">\n<ul>\n<li>Stabilna praca Wysoka warto\u015b\u0107 spoczynkowa maszyny<\/li>\n<\/ul>\n<\/td>\n<\/tr>\n<tr>\n<td width=\"293\">Z-Fold \/ Potr\u00f3jne zagi\u0119cie<\/td>\n<td width=\"293\">\n<ul>\n<li>Brak b\u0142yszcz\u0105cych, niezadrukowanych cz\u0119\u015bci folii widocznych na szwie<\/li>\n<\/ul>\n<\/td>\n<\/tr>\n<tr>\n<td width=\"293\">Stacja wyg\u0142adzania rysunk\u00f3w<\/td>\n<td width=\"293\">\n<ul>\n<li>G\u0142adki wygl\u0105d i mi\u0119kki dotyk<\/li>\n<\/ul>\n<\/td>\n<\/tr>\n<tr>\n<td width=\"293\">Urz\u0105dzenie do mocowania etykiet<\/td>\n<td width=\"293\">\n<ul>\n<li>Wi\u0119cej informacji o produkcie<\/li>\n<\/ul>\n<\/td>\n<\/tr>\n<\/tbody>\n<\/table>","protected":false},"excerpt":{"rendered":"<p>Rasch serii FI-14, FI-15 i FI-16 to dedykowane maszyny do owijania pustych figurek (symetrycznych i asymetrycznych), takich jak kr\u00f3liki, siedz\u0105ce kr\u00f3liki, \u015awi\u0119ty Miko\u0142aj i podobne figurki.<\/p>","protected":false},"featured_media":2742,"comment_status":"open","ping_status":"closed","template":"","meta":{"uix_meta_title":"","uix_meta_description":"","uix_canonical_url":""},"product_brand":[],"product_cat":[105],"product_tag":[],"class_list":{"0":"post-1904","1":"product","2":"type-product","3":"status-publish","4":"has-post-thumbnail","6":"product_cat-packaging","8":"first","9":"instock","10":"shipping-taxable","11":"product-type-simple"},"_links":{"self":[{"href":"https:\/\/cormac.eu\/pl\/wp-json\/wp\/v2\/product\/1904","targetHints":{"allow":["GET"]}}],"collection":[{"href":"https:\/\/cormac.eu\/pl\/wp-json\/wp\/v2\/product"}],"about":[{"href":"https:\/\/cormac.eu\/pl\/wp-json\/wp\/v2\/types\/product"}],"replies":[{"embeddable":true,"href":"https:\/\/cormac.eu\/pl\/wp-json\/wp\/v2\/comments?post=1904"}],"wp:featuredmedia":[{"embeddable":true,"href":"https:\/\/cormac.eu\/pl\/wp-json\/wp\/v2\/media\/2742"}],"wp:attachment":[{"href":"https:\/\/cormac.eu\/pl\/wp-json\/wp\/v2\/media?parent=1904"}],"wp:term":[{"taxonomy":"product_brand","embeddable":true,"href":"https:\/\/cormac.eu\/pl\/wp-json\/wp\/v2\/product_brand?post=1904"},{"taxonomy":"product_cat","embeddable":true,"href":"https:\/\/cormac.eu\/pl\/wp-json\/wp\/v2\/product_cat?post=1904"},{"taxonomy":"product_tag","embeddable":true,"href":"https:\/\/cormac.eu\/pl\/wp-json\/wp\/v2\/product_tag?post=1904"}],"curies":[{"name":"wp","href":"https:\/\/api.w.org\/{rel}","templated":true}]}}