{"id":1892,"date":"2021-08-12T15:34:50","date_gmt":"2021-08-12T13:34:50","guid":{"rendered":"https:\/\/cormac.tijdelijk.org\/?post_type=product&#038;p=1892"},"modified":"2022-06-06T00:46:13","modified_gmt":"2022-06-05T22:46:13","slug":"myjka-do-palet-newsmith-2","status":"publish","type":"product","link":"https:\/\/cormac.eu\/pl\/product\/newsmith-pallet-washer\/","title":{"rendered":"Myjka do palet"},"content":{"rendered":"<p>Gama myjni palet Newsmith obejmuje maszyny do obs\u0142ugi pojedynczych palet jednocze\u015bnie z prostym myciem i p\u0142ukaniem, a tak\u017ce w pe\u0142ni automatyczne systemy mycia palet. Te ostatnie s\u0105 w stanie automatycznie roz\u0142adowywa\u0107, my\u0107, suszy\u0107 i ponownie uk\u0142ada\u0107 znaczne ilo\u015bci palet na godzin\u0119. Maszyny mog\u0105 by\u0107 opcjonalnie wykonane jako w pe\u0142ni zautomatyzowane przeno\u015bnikowe myjnie palet, oferuj\u0105ce przej\u015bcie od brudnych do czystych. Szybkoz\u0142\u0105czne rury strumieniowe u\u0142atwiaj\u0105 czyszczenie. Opcje system\u00f3w grzewczych, zasilanych przeno\u015bnik\u00f3w podaj\u0105cych i wy\u0142adowczych w celu u\u0142atwienia obs\u0142ugi.<\/p>\n<p>&nbsp;<\/p>\n<table width=\"604\">\n<tbody>\n<tr>\n<td width=\"302\"><strong>Cechy<\/strong><\/td>\n<td width=\"302\"><strong>Korzy\u015bci<\/strong><\/td>\n<\/tr>\n<tr>\n<td width=\"302\">Konstrukcja ze stali nierdzewnej<\/td>\n<td width=\"302\">\n<ul>\n<li>Sztywny<\/li>\n<li>Higieniczny<\/li>\n<\/ul>\n<\/td>\n<\/tr>\n<tr>\n<td width=\"302\">Termostatyczna kontrola temperatury<\/td>\n<td width=\"302\">\n<ul>\n<li>Kontrola temperatury w zbiorniku<\/li>\n<\/ul>\n<\/td>\n<\/tr>\n<tr>\n<td width=\"302\">\u0141atwo demontowalne przewody strumieniowe<\/td>\n<td width=\"302\">\n<ul>\n<li>Nie s\u0105 potrzebne \u017cadne narz\u0119dzia<\/li>\n<li>\u0141atwa kontrola i czyszczenie<\/li>\n<\/ul>\n<\/td>\n<\/tr>\n<tr>\n<td width=\"302\">Opcjonalne suszenie no\u017cem powietrznym<\/td>\n<td width=\"302\">\n<ul>\n<li>dodatkowe suche palety<\/li>\n<\/ul>\n<\/td>\n<\/tr>\n<tr>\n<td width=\"302\">Cykle prania, p\u0142ukania i suszenia<\/td>\n<td width=\"302\">\n<ul>\n<li>Doskona\u0142e wyniki czyszczenia<\/li>\n<\/ul>\n<\/td>\n<\/tr>\n<tr>\n<td width=\"302\">Pochy\u0142e dna zbiornik\u00f3w<\/td>\n<td width=\"302\">\n<ul>\n<li>Higiena zbiornika<\/li>\n<\/ul>\n<\/td>\n<\/tr>\n<tr>\n<td width=\"302\">Opcjonalnie<\/td>\n<td width=\"302\">\n<ul>\n<li>Suszenie no\u017ca powietrzem<\/li>\n<li>Ogrzewanie parowe, gazowe lub elektryczne<\/li>\n<li>Zbiornik wspomagaj\u0105cy do p\u0142ukania<\/li>\n<li>Sterowanie PLC\/HMI<\/li>\n<li>Uzdatnianie wody<\/li>\n<li>R\u0119czne przepychanie<\/li>\n<li>Przeno\u015bny<\/li>\n<\/ul>\n<\/td>\n<\/tr>\n<\/tbody>\n<\/table>\n<p>&nbsp;<\/p>","protected":false},"excerpt":{"rendered":"<p>W pe\u0142ni automatyczna myjnia przeno\u015bnikowa do pojedynczych palet lub jako kompletny system do w pe\u0142ni automatycznego mycia palet o wydajno\u015bci do 100 palet na godzin\u0119.<\/p>","protected":false},"featured_media":2425,"comment_status":"open","ping_status":"closed","template":"","meta":{"uix_meta_title":"","uix_meta_description":"","uix_canonical_url":""},"product_brand":[],"product_cat":[108],"product_tag":[],"class_list":{"0":"post-1892","1":"product","2":"type-product","3":"status-publish","4":"has-post-thumbnail","6":"product_cat-hygiene","8":"first","9":"instock","10":"shipping-taxable","11":"product-type-simple"},"_links":{"self":[{"href":"https:\/\/cormac.eu\/pl\/wp-json\/wp\/v2\/product\/1892","targetHints":{"allow":["GET"]}}],"collection":[{"href":"https:\/\/cormac.eu\/pl\/wp-json\/wp\/v2\/product"}],"about":[{"href":"https:\/\/cormac.eu\/pl\/wp-json\/wp\/v2\/types\/product"}],"replies":[{"embeddable":true,"href":"https:\/\/cormac.eu\/pl\/wp-json\/wp\/v2\/comments?post=1892"}],"wp:featuredmedia":[{"embeddable":true,"href":"https:\/\/cormac.eu\/pl\/wp-json\/wp\/v2\/media\/2425"}],"wp:attachment":[{"href":"https:\/\/cormac.eu\/pl\/wp-json\/wp\/v2\/media?parent=1892"}],"wp:term":[{"taxonomy":"product_brand","embeddable":true,"href":"https:\/\/cormac.eu\/pl\/wp-json\/wp\/v2\/product_brand?post=1892"},{"taxonomy":"product_cat","embeddable":true,"href":"https:\/\/cormac.eu\/pl\/wp-json\/wp\/v2\/product_cat?post=1892"},{"taxonomy":"product_tag","embeddable":true,"href":"https:\/\/cormac.eu\/pl\/wp-json\/wp\/v2\/product_tag?post=1892"}],"curies":[{"name":"wp","href":"https:\/\/api.w.org\/{rel}","templated":true}]}}