{"id":184,"date":"2021-02-02T11:30:23","date_gmt":"2021-02-02T11:30:23","guid":{"rendered":"https:\/\/cormac.tijdelijk.org\/?post_type=product&#038;p=184"},"modified":"2022-05-30T16:27:13","modified_gmt":"2022-05-30T14:27:13","slug":"lloveras-sire-enrobing-line-2","status":"publish","type":"product","link":"https:\/\/cormac.eu\/pl\/product\/lloveras-sire-enrobing-line\/","title":{"rendered":"Linia do obci\u0105gania Lloveras Sire"},"content":{"rendered":"<p>Oblewarki Lloveras Sire-N(N) oferuj\u0105 linie pe\u0142nego i cz\u0119\u015bciowego powlekania. S\u0105 one dost\u0119pne w sze\u015bciu szeroko\u015bciach oczek od 400 do 12000 mm i oferuj\u0105 szeroki zakres mo\u017cliwo\u015bci oblewania. Oblewarki Sire-N mog\u0105 oblewa\u0107 ka\u017cdy rodzaj produktu, od wyrob\u00f3w cukierniczych po wafle, herbatniki i inne produkty piekarnicze. Linie mo\u017cna dostosowa\u0107 do indywidualnych potrzeb, dodaj\u0105c opcjonalne komponenty, takie jak wst\u0119pne butelki, podw\u00f3jne g\u0142owice oblewaj\u0105ce, zraszacze do nakr\u0119tek i dekoratory sznurkowe. Tunele ch\u0142odz\u0105ce linii mog\u0105 by\u0107 ustawione na ch\u0142odzenie produkt\u00f3w przez konwekcj\u0119 i\/lub promieniowanie, zgodnie z wymaganiami danego produktu, a tak\u017ce mo\u017cna doda\u0107 jedn\u0105 lub wi\u0119cej niezale\u017cnych jednostek ch\u0142odz\u0105cych. Wszystkie funkcje s\u0105 kontrolowane za pomoc\u0105 kompleksowego panelu sterowania. We wszystkich mechanizmach wymagaj\u0105cych sterowania ruchem zastosowano nowe komponenty silnikowe w celu osi\u0105gni\u0119cia standaryzacji i \u0142atwo\u015bci wymiany. Zastosowanie si\u0142ownik\u00f3w liniowych i obrotowych eliminuje potrzeb\u0119 zasilania spr\u0119\u017conym powietrzem.<\/p>\n<h3>Zastosowanie<\/h3>\n<p>Powlekanie wyrob\u00f3w cukierniczych i piekarniczych czekolad\u0105 lub mas\u0105, a nast\u0119pnie nak\u0142adanie orzech\u00f3w, dekorowanie sznurkiem i ch\u0142odzenie.<\/p>\n<p>&nbsp;<\/p>\n<h3>Zakres wydajno\u015bci<\/h3>\n<p>Szeroko\u015bci 400, 500, 600, 800 i 12000 MM<br \/>\nWydajno\u015b\u0107 zale\u017cy od produktu, grubo\u015bci warstwy pow\u0142oki, rodzaju materia\u0142u powlekaj\u0105cego i wymaganego czasu ch\u0142odzenia.<\/p>\n<p>&nbsp;<\/p>\n<table class=\"features\" border=\"0\">\n<tbody>\n<tr>\n<td><strong>Cechy<\/strong><\/td>\n<td><strong>Korzy\u015bci<\/strong><\/td>\n<\/tr>\n<tr>\n<td>Cantylever design<\/td>\n<td>\n<ul>\n<li>\u0141atwy dost\u0119p na potrzeby konserwacji<\/li>\n<li>\u0141atwe czyszczenie<\/li>\n<\/ul>\n<\/td>\n<\/tr>\n<tr>\n<td>Wykonanie w ca\u0142o\u015bci ze stali nierdzewnej i materia\u0142\u00f3w zatwierdzonych przez FDA<\/td>\n<td>\n<ul>\n<li>Kompaktowa koncepcja \"wszystko w jednym<\/li>\n<\/ul>\n<\/td>\n<\/tr>\n<tr>\n<td>Od\u0142\u0105czany dolny zbiornik i przeno\u015bnik<\/td>\n<td>\n<ul>\n<li>Zapobieganie zanieczyszczeniu pod\u0142ogi<\/li>\n<li>\u0141atwa zmiana na inny rodzaj czekolady<\/li>\n<li>Sp\u0142ukiwany dolny modu\u0142 (basin czekoladowy)<\/li>\n<\/ul>\n<\/td>\n<\/tr>\n<tr>\n<td>Wbudowany panel sterowania<\/td>\n<td>\n<ul>\n<li>Pe\u0142na kontrola procesu<\/li>\n<li>Przyjazny dla operatora<\/li>\n<\/ul>\n<\/td>\n<\/tr>\n<tr>\n<td>Elektrycznie regulowany st\u00f3\u0142 siatkowy<\/td>\n<td>\n<ul>\n<li>dobra ergonomia<\/li>\n<\/ul>\n<\/td>\n<\/tr>\n<tr>\n<td>Wykorzystanie si\u0142ownik\u00f3w liniowych i obrotowych<\/td>\n<td>\n<ul>\n<li>Wysoki poziom personalizacji<\/li>\n<\/ul>\n<\/td>\n<\/tr>\n<\/tbody>\n<\/table>","protected":false},"excerpt":{"rendered":"<p>Obrabiarki Lloveras Sire-N(N) oferuj\u0105 najnowocze\u015bniejsze linie do pe\u0142nego i cz\u0119\u015bciowego powlekania. Dost\u0119pne s\u0105 w sze\u015bciu szeroko\u015bciach oczek od 400 do 12000 MM i oferuj\u0105 szeroki zakres mo\u017cliwo\u015bci powlekania.<\/p>","protected":false},"featured_media":995,"comment_status":"open","ping_status":"closed","template":"","meta":{"uix_meta_title":"","uix_meta_description":"","uix_canonical_url":""},"product_brand":[],"product_cat":[104],"product_tag":[],"class_list":{"0":"post-184","1":"product","2":"type-product","3":"status-publish","4":"has-post-thumbnail","6":"product_cat-processing","8":"first","9":"instock","10":"downloadable","11":"virtual","12":"product-type-simple"},"_links":{"self":[{"href":"https:\/\/cormac.eu\/pl\/wp-json\/wp\/v2\/product\/184","targetHints":{"allow":["GET"]}}],"collection":[{"href":"https:\/\/cormac.eu\/pl\/wp-json\/wp\/v2\/product"}],"about":[{"href":"https:\/\/cormac.eu\/pl\/wp-json\/wp\/v2\/types\/product"}],"replies":[{"embeddable":true,"href":"https:\/\/cormac.eu\/pl\/wp-json\/wp\/v2\/comments?post=184"}],"wp:featuredmedia":[{"embeddable":true,"href":"https:\/\/cormac.eu\/pl\/wp-json\/wp\/v2\/media\/995"}],"wp:attachment":[{"href":"https:\/\/cormac.eu\/pl\/wp-json\/wp\/v2\/media?parent=184"}],"wp:term":[{"taxonomy":"product_brand","embeddable":true,"href":"https:\/\/cormac.eu\/pl\/wp-json\/wp\/v2\/product_brand?post=184"},{"taxonomy":"product_cat","embeddable":true,"href":"https:\/\/cormac.eu\/pl\/wp-json\/wp\/v2\/product_cat?post=184"},{"taxonomy":"product_tag","embeddable":true,"href":"https:\/\/cormac.eu\/pl\/wp-json\/wp\/v2\/product_tag?post=184"}],"curies":[{"name":"wp","href":"https:\/\/api.w.org\/{rel}","templated":true}]}}