{"id":183,"date":"2021-02-02T11:30:04","date_gmt":"2021-02-02T11:30:04","guid":{"rendered":"https:\/\/cormac.tijdelijk.org\/?post_type=product&#038;p=183"},"modified":"2022-05-30T16:27:39","modified_gmt":"2022-05-30T14:27:39","slug":"tunel-chlodzacy-lloveras","status":"publish","type":"product","link":"https:\/\/cormac.eu\/pl\/product\/lloveras-cooling-tunnel\/","title":{"rendered":"Tunel ch\u0142odz\u0105cy Lloveras"},"content":{"rendered":"<p>Tunel ch\u0142odz\u0105cy Lloveras jest wykonany z mocnej ramy maszynowej. Pokrywy s\u0105 pokryte stalow\u0105 p\u0142yt\u0105 dekoracyjn\u0105 z laminowan\u0105 powierzchni\u0105 PCV i izolacj\u0105 poliuretanow\u0105, co ma t\u0119 zalet\u0119, \u017ce s\u0105 lekkie. D\u0142ugo\u015b\u0107 tunelu ch\u0142odz\u0105cego jest elastyczna i sk\u0142ada si\u0119 z sekcji o standardowych rozmiarach. Pokrywa ka\u017cdej sekcji mo\u017ce by\u0107 ca\u0142kowicie otwarta w celu inspekcji i czyszczenia. Cyrkulacja powietrza wewn\u0105trz tunelu jest wzd\u0142u\u017cna, a urz\u0105dzenie zawiera wszystkie kana\u0142y niezb\u0119dne do zapewnienia optymalnego przep\u0142ywu powietrza wzd\u0142u\u017c tunelu i r\u00f3wnomiernego rozk\u0142adu temperatury. Tunel ch\u0142odz\u0105cy jest przygotowany do pracy z przep\u0142ywem zimnego powietrza w trybie konwekcyjnym (ch\u0142odzenie bezpo\u015brednie) lub radiacyjnym (ch\u0142odzenie po\u015brednie). Parownik i turbiny znajduj\u0105 si\u0119 w dolnej cz\u0119\u015bci tunelu. Spr\u0119\u017carka i skraplacz s\u0105 dostarczane jako niezale\u017cne jednostki, kt\u00f3re mog\u0105 by\u0107 umieszczone zgodnie z preferencjami klienta. Zaleca si\u0119, aby tunel ch\u0142odz\u0105cy by\u0142 zainstalowany w klimatyzowanym pomieszczeniu, w kt\u00f3rym temperatura wynosi 20-22 \u00b0C, a maksymalna wilgotno\u015b\u0107 wynosi 55%.<\/p>\n<p>&nbsp;<\/p>\n<h3>Zastosowanie<\/h3>\n<p>Ch\u0142odzenie czekolady lub produktu oblanego mieszank\u0105<\/p>\n<p>&nbsp;<\/p>\n<h3>Zakres wydajno\u015bci<\/h3>\n<p>Wydajno\u015b\u0107 zale\u017cy od d\u0142ugo\u015bci tunelu ch\u0142odz\u0105cego<\/p>\n<p>&nbsp;<\/p>\n<table class=\"features\" border=\"0\">\n<tbody>\n<tr>\n<td><strong>Cechy<\/strong><\/td>\n<td><strong>Korzy\u015bci<\/strong><\/td>\n<\/tr>\n<tr>\n<td>Ok\u0142adzina ze stali nierdzewnej laminowana PVC<\/td>\n<td>\n<ul>\n<li>Higieniczna konstrukcja<\/li>\n<li>\u0141atwa kontrola i czyszczenie<\/li>\n<\/ul>\n<\/td>\n<\/tr>\n<tr>\n<td>Izolacja PU<\/td>\n<td>\n<ul>\n<li>ni\u017csze zu\u017cycie energii<\/li>\n<\/ul>\n<\/td>\n<\/tr>\n<tr>\n<td>Ch\u0142odzenie konwekcyjne lub radiacyjne<\/td>\n<td>\n<ul>\n<li>Doskona\u0142a kontrola przep\u0142ywu powietrza<\/li>\n<li>Doskona\u0142e mo\u017cliwo\u015bci ch\u0142odzenia<\/li>\n<\/ul>\n<\/td>\n<\/tr>\n<tr>\n<td>System automatycznego centrowania ta\u015bmy<\/td>\n<td>\n<ul>\n<li>niezawodny ruch ta\u015bmy<\/li>\n<li>Mniejsze zanieczyszczenie pasa<\/li>\n<\/ul>\n<\/td>\n<\/tr>\n<tr>\n<td>Niezale\u017cna zmiana pr\u0119dko\u015bci ta\u015bmy i siatki<\/td>\n<td>\n<ul>\n<li>Dobra kontrola procesu<\/li>\n<\/ul>\n<\/td>\n<\/tr>\n<tr>\n<td>PLC plus LCD<\/td>\n<td>\n<ul>\n<li>przyjazny dla operatora<\/li>\n<\/ul>\n<\/td>\n<\/tr>\n<\/tbody>\n<\/table>","protected":false},"excerpt":{"rendered":"<p>Tunel ch\u0142odz\u0105cy Lloveras jest wykonany z mocnej ramy maszynowej. Pokrywy s\u0105 pokryte stalow\u0105 p\u0142yt\u0105 dekoracyjn\u0105 z laminowan\u0105 powierzchni\u0105 PCV i izolacj\u0105 poliuretanow\u0105, co ma t\u0119 zalet\u0119, \u017ce s\u0105 lekkie.<\/p>","protected":false},"featured_media":996,"comment_status":"open","ping_status":"closed","template":"","meta":{"uix_meta_title":"","uix_meta_description":"","uix_canonical_url":""},"product_brand":[],"product_cat":[104],"product_tag":[],"class_list":{"0":"post-183","1":"product","2":"type-product","3":"status-publish","4":"has-post-thumbnail","6":"product_cat-processing","8":"first","9":"instock","10":"downloadable","11":"virtual","12":"product-type-simple"},"_links":{"self":[{"href":"https:\/\/cormac.eu\/pl\/wp-json\/wp\/v2\/product\/183","targetHints":{"allow":["GET"]}}],"collection":[{"href":"https:\/\/cormac.eu\/pl\/wp-json\/wp\/v2\/product"}],"about":[{"href":"https:\/\/cormac.eu\/pl\/wp-json\/wp\/v2\/types\/product"}],"replies":[{"embeddable":true,"href":"https:\/\/cormac.eu\/pl\/wp-json\/wp\/v2\/comments?post=183"}],"wp:featuredmedia":[{"embeddable":true,"href":"https:\/\/cormac.eu\/pl\/wp-json\/wp\/v2\/media\/996"}],"wp:attachment":[{"href":"https:\/\/cormac.eu\/pl\/wp-json\/wp\/v2\/media?parent=183"}],"wp:term":[{"taxonomy":"product_brand","embeddable":true,"href":"https:\/\/cormac.eu\/pl\/wp-json\/wp\/v2\/product_brand?post=183"},{"taxonomy":"product_cat","embeddable":true,"href":"https:\/\/cormac.eu\/pl\/wp-json\/wp\/v2\/product_cat?post=183"},{"taxonomy":"product_tag","embeddable":true,"href":"https:\/\/cormac.eu\/pl\/wp-json\/wp\/v2\/product_tag?post=183"}],"curies":[{"name":"wp","href":"https:\/\/api.w.org\/{rel}","templated":true}]}}