{"id":172,"date":"2021-02-02T11:27:41","date_gmt":"2021-02-02T11:27:41","guid":{"rendered":"https:\/\/cormac.tijdelijk.org\/?post_type=product&#038;p=172"},"modified":"2022-05-30T16:25:18","modified_gmt":"2022-05-30T14:25:18","slug":"carugil-omnia-bunch-wrapper","status":"publish","type":"product","link":"https:\/\/cormac.eu\/pl\/product\/carugil-omnia-bunch-wrapper\/","title":{"rendered":"Owijka Carugil Omnia Bunch"},"content":{"rendered":"<p>Seria owijarek do lizak\u00f3w Omnia to nowe i innowacyjne maszyny do owijania firmy Carugil. Maszyna Omnia jest wynikiem wielu lat do\u015bwiadcze\u0144, bada\u0144 i rozwoju oraz zosta\u0142a opracowana z uwzgl\u0119dnieniem sugestii i do\u015bwiadcze\u0144 produkcyjnych klient\u00f3w Carugil na ca\u0142ym \u015bwiecie. Ta nowa maszyna zapewnia niezawodno\u015b\u0107, elastyczno\u015b\u0107, wydajno\u015b\u0107, wysok\u0105 wydajno\u015b\u0107 i oferuje producentom dodatkowe funkcje, kt\u00f3re wzmocni\u0105 ich lizaki warto\u015bci\u0105 dodan\u0105, kt\u00f3ra wyr\u00f3\u017cnia je na rynku. Maszyna integruje etykieciarki, drukark\u0119 atramentow\u0105, komputerow\u0105 kontrol\u0119 jako\u015bci, zintegrowane sterowanie i komunikacj\u0119, automatyczne urz\u0105dzenie nape\u0142niaj\u0105ce, system samoczyszcz\u0105cy do usuwania wszelkich proszk\u00f3w z obszaru podawania, rezerwowy uchwyt szpuli, automatyczny splicer, systemy centrowania i wiele innych. Maszyna mo\u017ce wykona\u0107 szczelne uszczelnienie wok\u00f3\u0142 sztyftu lub pozostawi\u0107 ma\u0142\u0105, \u0142atwo otwieraj\u0105c\u0105 si\u0119 warg\u0119. Elementy uszczelniaj\u0105ce wykorzystuj\u0105 elektryczne grza\u0142ki oporowe o niskim zu\u017cyciu energii.<\/p>\n<p>&nbsp;<\/p>\n<h3>Zastosowanie<\/h3>\n<p>Pojedyncza owijka do lizak\u00f3w w kszta\u0142cie kulek.<\/p>\n<p>&nbsp;<\/p>\n<h3>Zakres wydajno\u015bci<\/h3>\n<p>Omnia 600: do 600 ppm<br \/>\nOmnia 2000: do 1500 ppm<\/p>\n<p>&nbsp;<\/p>\n<table class=\"features\" border=\"0\">\n<tbody>\n<tr>\n<td><strong>Cechy<\/strong><\/td>\n<td><strong>Korzy\u015bci<\/strong><\/td>\n<\/tr>\n<tr>\n<td>Konstrukcja ze stali nierdzewnej<\/td>\n<td>\n<ul>\n<li>Higiena<\/li>\n<li>\u0141atwe czyszczenie<\/li>\n<\/ul>\n<\/td>\n<\/tr>\n<tr>\n<td>Bezszczotkowy serwonap\u0119d o niskiej bezw\u0142adno\u015bci<\/td>\n<td>\n<ul>\n<li>precyzyjne ci\u0119cia filmowe<\/li>\n<li>Dok\u0142adne pozycjonowanie folii podczas pracy z du\u017c\u0105 pr\u0119dko\u015bci\u0105<\/li>\n<\/ul>\n<\/td>\n<\/tr>\n<tr>\n<td>\u0141atwy demonta\u017c szcz\u0119k uszczelniaj\u0105cych<\/td>\n<td>\n<ul>\n<li>szybkie czyszczenie<\/li>\n<\/ul>\n<\/td>\n<\/tr>\n<tr>\n<td>Zintegrowane WIFI + SCADA + RFID + kontrola wizyjna<\/td>\n<td>\n<ul>\n<li>integracja z intranetem klienta<\/li>\n<li>prowadzenie dziennik\u00f3w i statystyk dla ka\u017cdego operatora<\/li>\n<li>\u0141atwe funkcje ekranu dotykowego<\/li>\n<li>Wykrywanie i odrzucanie niecentrycznych lolly po splicingu<\/li>\n<li>Zdalna diagnostyka<\/li>\n<\/ul>\n<\/td>\n<\/tr>\n<tr>\n<td>Ergonomiczna konstrukcja<\/td>\n<td>\n<ul>\n<li>wszystko widoczne<\/li>\n<li>\u0142atwy dost\u0119p do wn\u0119trza maszyny<\/li>\n<\/ul>\n<\/td>\n<\/tr>\n<tr>\n<td>System wy\u0142adowa\u0144 elektrostatycznych<\/td>\n<td>\n<ul>\n<li>eliminacja \u0142adunk\u00f3w elektrostatycznych folii<\/li>\n<\/ul>\n<\/td>\n<\/tr>\n<tr>\n<td>Automatyczny sprz\u0119t do podawania i nape\u0142niania<\/td>\n<td>\n<ul>\n<li>Wysoka wydajno\u015b\u0107 i redukcja inwestycji<\/li>\n<\/ul>\n<\/td>\n<\/tr>\n<\/tbody>\n<\/table>\n<p>&nbsp;<\/p>","protected":false},"excerpt":{"rendered":"<p>Seria owijarek do lizak\u00f3w Omnia to nowe i innowacyjne maszyny do owijania firmy Carugil. Maszyna Omnia jest wynikiem wielu lat do\u015bwiadcze\u0144, bada\u0144 i rozwoju.<\/p>","protected":false},"featured_media":997,"comment_status":"open","ping_status":"closed","template":"","meta":{"uix_meta_title":"","uix_meta_description":"","uix_canonical_url":""},"product_brand":[],"product_cat":[105],"product_tag":[],"class_list":{"0":"post-172","1":"product","2":"type-product","3":"status-publish","4":"has-post-thumbnail","6":"product_cat-packaging","8":"first","9":"instock","10":"shipping-taxable","11":"product-type-simple"},"_links":{"self":[{"href":"https:\/\/cormac.eu\/pl\/wp-json\/wp\/v2\/product\/172","targetHints":{"allow":["GET"]}}],"collection":[{"href":"https:\/\/cormac.eu\/pl\/wp-json\/wp\/v2\/product"}],"about":[{"href":"https:\/\/cormac.eu\/pl\/wp-json\/wp\/v2\/types\/product"}],"replies":[{"embeddable":true,"href":"https:\/\/cormac.eu\/pl\/wp-json\/wp\/v2\/comments?post=172"}],"wp:featuredmedia":[{"embeddable":true,"href":"https:\/\/cormac.eu\/pl\/wp-json\/wp\/v2\/media\/997"}],"wp:attachment":[{"href":"https:\/\/cormac.eu\/pl\/wp-json\/wp\/v2\/media?parent=172"}],"wp:term":[{"taxonomy":"product_brand","embeddable":true,"href":"https:\/\/cormac.eu\/pl\/wp-json\/wp\/v2\/product_brand?post=172"},{"taxonomy":"product_cat","embeddable":true,"href":"https:\/\/cormac.eu\/pl\/wp-json\/wp\/v2\/product_cat?post=172"},{"taxonomy":"product_tag","embeddable":true,"href":"https:\/\/cormac.eu\/pl\/wp-json\/wp\/v2\/product_tag?post=172"}],"curies":[{"name":"wp","href":"https:\/\/api.w.org\/{rel}","templated":true}]}}