{"id":2915,"date":"2022-04-24T14:28:14","date_gmt":"2022-04-24T12:28:14","guid":{"rendered":"https:\/\/cormac.eu\/?post_type=product&#038;p=2915"},"modified":"2022-06-01T12:24:06","modified_gmt":"2022-06-01T10:24:06","slug":"chocoladedeponeerder-kcm-beta","status":"publish","type":"product","link":"https:\/\/cormac.eu\/nl\/product\/chocolate-depositer-kcm-beta\/","title":{"rendered":"Chocoladebesteller KCM Beta"},"content":{"rendered":"<p>Dankzij het cantilever ontwerp wordt het \u00e9\u00e9nrijige model Beta vaak gebruikt als retrofit doseermachine in bestaande industri\u00eble chocoladevormlijnen.  Hij werd speciaal ontworpen om over bestaande transportbanden geplaatst te worden of om ge\u00efntegreerd te worden in productielijnen van derden. Dit biedt de klant een aantrekkelijke optie voor het eenvoudig vervangen van versleten doseermachines. Deze machine is zowel geschikt voor het doseren van vaste producten als voor decoratietoepassingen. Het voordeel ten opzichte van modellen met twee rijen zoals Eta\/Theta is het slanke ontwerp van de behuizing, waardoor deze Beta-machine ge\u00efnstalleerd kan worden op plaatsen met beperkte ruimte. De Beta-modellen zijn uitgerust met de nieuwste servotechnologie en het cantileverontwerp zorgt voor eenvoudige bediening, reiniging en een snelle omschakeling naar andere producten. Dankzij het unieke draaizuigersysteem kan een zeer nauwkeurig volume worden bereikt.<\/p>\n<p><img fetchpriority=\"high\" decoding=\"async\" class=\"alignnone size-medium wp-image-2920\" src=\"https:\/\/cormac.eu\/wp-content\/uploads\/2022\/04\/Knobel-Piston-system-pic_800031-300x200.jpg\" alt=\"\" width=\"300\" height=\"200\" srcset=\"https:\/\/cormac.eu\/wp-content\/uploads\/2022\/04\/Knobel-Piston-system-pic_800031-300x200.jpg 300w, https:\/\/cormac.eu\/wp-content\/uploads\/2022\/04\/Knobel-Piston-system-pic_800031.jpg 540w\" sizes=\"(max-width: 300px) 100vw, 300px\" \/><\/p>\n<p>Met de optionele notenuitvoering kan de Beta ook worden gebruikt voor het storten van hele noten en andere insluitsels. De noten, rozijnen, droge rijstvruchten of andere insluitsels worden in de gewenste mix in de KCM-trechter gevoerd. Het programmeerbare horizontale roersysteem in de trechter zorgt ervoor dat de ingredi\u00ebnten goed verdeeld worden in de mix. Verschillende ingredi\u00ebnten kunnen tegelijkertijd gemengd worden.<\/p>\n<div data-row=\"1\">\n<div>\n<p>\u00a0 <img decoding=\"async\" class=\"alignnone wp-image-2921\" src=\"https:\/\/cormac.eu\/wp-content\/uploads\/2022\/04\/chocolate-with-nuts-pic_809973-300x225.jpg\" alt=\"\" width=\"263\" height=\"197\" srcset=\"https:\/\/cormac.eu\/wp-content\/uploads\/2022\/04\/chocolate-with-nuts-pic_809973-300x225.jpg 300w, https:\/\/cormac.eu\/wp-content\/uploads\/2022\/04\/chocolate-with-nuts-pic_809973.jpg 540w\" sizes=\"(max-width: 263px) 100vw, 263px\" \/> <img decoding=\"async\" class=\"alignnone wp-image-2917\" src=\"https:\/\/cormac.eu\/wp-content\/uploads\/2022\/04\/Bij-KCM-beta-pic_800033-300x200.png\" alt=\"\" width=\"327\" height=\"218\" srcset=\"https:\/\/cormac.eu\/wp-content\/uploads\/2022\/04\/Bij-KCM-beta-pic_800033-300x200.png 300w, https:\/\/cormac.eu\/wp-content\/uploads\/2022\/04\/Bij-KCM-beta-pic_800033.png 540w\" sizes=\"(max-width: 327px) 100vw, 327px\" \/><\/p>\n<\/div>\n<p>&nbsp;<\/p>\n<p>Alle Beta-modellen kunnen worden uitgerust met 3-assige beweging (CAD), waardoor de doseerkop in alle richtingen kan bewegen.<\/p>\n<\/div>\n<table style=\"height: 544px\" width=\"792\">\n<tbody>\n<tr>\n<td width=\"226\">\u00a0<strong>Kenmerken<\/strong><\/td>\n<td width=\"227\">\u00a0<strong>Voordelen<\/strong><\/td>\n<\/tr>\n<tr>\n<td>Volledig elektrisch aangedreven<\/td>\n<td>\n<ul>\n<li>nauwkeurig<\/li>\n<li>snel<\/li>\n<li>betrouwbare<\/li>\n<\/ul>\n<\/td>\n<\/tr>\n<tr>\n<td>\u00a0Ontworpen voor lijnintegratie<\/td>\n<td>\n<ul>\n<li>geschikt voor retrofits<\/li>\n<li>onderdeel van modulaire Knobel systemen<\/li>\n<li>maakt gebruik van bestaande productieapparatuur mogelijk<\/li>\n<\/ul>\n<\/td>\n<\/tr>\n<tr>\n<td>\u00a0Gepatenteerd draaiend zuigersysteem<\/td>\n<td>\n<ul>\n<li>eenvoudige reiniging<\/li>\n<li>snelle omschakeling<\/li>\n<li>Uitstekende nauwkeurigheid bij het storten<\/li>\n<\/ul>\n<\/td>\n<\/tr>\n<tr>\n<td>Gebouwd voor gevarieerde actieradius<\/td>\n<td>\n<ul>\n<li>Gratis aankleedmogelijkheden<\/li>\n<li>Productie van gelaagde producten<\/li>\n<\/ul>\n<\/td>\n<\/tr>\n<\/tbody>\n<\/table>\n<div data-row=\"1\">\n<p>&nbsp;<\/p>\n<\/div>","protected":false},"excerpt":{"rendered":"<p>Industri\u00eble chocolade doseermachine met 3-assige beweging voor het produceren van vast product en vast met ingredi\u00ebnten. Deze doseermachine is bijzonder geschikt om achteraf te worden ge\u00efnstalleerd op bestaande lijnen, ook van andere fabrikanten.<\/p>","protected":false},"featured_media":2916,"comment_status":"open","ping_status":"closed","template":"","meta":{"uix_meta_title":"","uix_meta_description":"","uix_canonical_url":""},"product_brand":[],"product_cat":[104],"product_tag":[206,217,208,218],"class_list":{"0":"post-2915","1":"product","2":"type-product","3":"status-publish","4":"has-post-thumbnail","6":"product_cat-processing","7":"product_tag-chocolate-tablets","8":"product_tag-chocolate-tablets-with-whole-nuts","9":"product_tag-chocolates","10":"product_tag-chocolates-with-inclusions","12":"first","13":"instock","14":"shipping-taxable","15":"product-type-simple"},"_links":{"self":[{"href":"https:\/\/cormac.eu\/nl\/wp-json\/wp\/v2\/product\/2915","targetHints":{"allow":["GET"]}}],"collection":[{"href":"https:\/\/cormac.eu\/nl\/wp-json\/wp\/v2\/product"}],"about":[{"href":"https:\/\/cormac.eu\/nl\/wp-json\/wp\/v2\/types\/product"}],"replies":[{"embeddable":true,"href":"https:\/\/cormac.eu\/nl\/wp-json\/wp\/v2\/comments?post=2915"}],"wp:featuredmedia":[{"embeddable":true,"href":"https:\/\/cormac.eu\/nl\/wp-json\/wp\/v2\/media\/2916"}],"wp:attachment":[{"href":"https:\/\/cormac.eu\/nl\/wp-json\/wp\/v2\/media?parent=2915"}],"wp:term":[{"taxonomy":"product_brand","embeddable":true,"href":"https:\/\/cormac.eu\/nl\/wp-json\/wp\/v2\/product_brand?post=2915"},{"taxonomy":"product_cat","embeddable":true,"href":"https:\/\/cormac.eu\/nl\/wp-json\/wp\/v2\/product_cat?post=2915"},{"taxonomy":"product_tag","embeddable":true,"href":"https:\/\/cormac.eu\/nl\/wp-json\/wp\/v2\/product_tag?post=2915"}],"curies":[{"name":"wp","href":"https:\/\/api.w.org\/{rel}","templated":true}]}}