{"id":2897,"date":"2022-04-24T12:40:29","date_gmt":"2022-04-24T10:40:29","guid":{"rendered":"https:\/\/cormac.eu\/?post_type=product&#038;p=2897"},"modified":"2022-04-24T12:40:29","modified_gmt":"2022-04-24T10:40:29","slug":"uitgebreide-laboratorium-coatingmachine","status":"publish","type":"product","link":"https:\/\/cormac.eu\/nl\/product\/extended-laboratory-coating-machine\/","title":{"rendered":"Uitgebreide laboratorium coatingmachine"},"content":{"rendered":"<p>Coatingmachine ADG is een laboratoriummachine die is uitgerust met een apparaat voor het verwarmen en\/of koelen van proceslucht. Het hele airconditioningsysteem is ingesloten in een basiseenheid waarop de laboratoriumcoatingpan is bevestigd. Het bedieningspaneel is vlakbij de coatingmachine ge\u00efnstalleerd, zodat bedieningspaneel en machine \u00e9\u00e9n gebruiksvriendelijke eenheid vormen. Net als de coatingmachine ADO hebben alle pannen dezelfde flensverbinding. Ze zijn dus gemakkelijk uitwisselbaar. De panhoek ligt tussen 0\u00b0 en 50\u00b0 ten opzichte van de horizontale lijn en kan worden gewijzigd met een handbediende hendel. Daarom kan de panhoek worden aangepast aan verschillende producten.<\/p>\n<p>&nbsp;<\/p>\n<table style=\"height: 356px\" width=\"633\">\n<tbody>\n<tr>\n<td width=\"171\">\u00a0<strong>Kenmerken<\/strong><\/td>\n<td width=\"171\">\u00a0<strong>Voordelen<\/strong><\/td>\n<\/tr>\n<tr>\n<td>Roestvrij staal 1.4301<\/td>\n<td>\n<ul>\n<li>Hygenische uitvoering<\/li>\n<\/ul>\n<\/td>\n<\/tr>\n<tr>\n<td>\u00a0Frequentiegeregelde aandrijving<\/td>\n<td>\n<ul>\n<li>snelheidsregeling<\/li>\n<\/ul>\n<\/td>\n<\/tr>\n<tr>\n<td>\u00a0Digitale snelheidsmeter<\/td>\n<td>\n<ul>\n<li>procesbeheersing<\/li>\n<\/ul>\n<\/td>\n<\/tr>\n<tr>\n<td>Receptuurcontrole op aanvraag<\/td>\n<td>\n<ul>\n<li>divers laboratoriumwerk<\/li>\n<\/ul>\n<\/td>\n<\/tr>\n<\/tbody>\n<\/table>","protected":false},"excerpt":{"rendered":"<p>Coatingpan voor laboratoriumgebruik, volledig uitgerust met procesluchtverwarming en\/of -koeling.<\/p>","protected":false},"featured_media":2896,"comment_status":"open","ping_status":"closed","template":"","meta":{"uix_meta_title":"","uix_meta_description":"","uix_canonical_url":""},"product_brand":[],"product_cat":[107,135,104],"product_tag":[],"class_list":{"0":"post-2897","1":"product","2":"type-product","3":"status-publish","4":"has-post-thumbnail","6":"product_cat-artisanal","7":"product_cat-laboratory","8":"product_cat-processing","10":"first","11":"instock","12":"shipping-taxable","13":"product-type-simple"},"_links":{"self":[{"href":"https:\/\/cormac.eu\/nl\/wp-json\/wp\/v2\/product\/2897","targetHints":{"allow":["GET"]}}],"collection":[{"href":"https:\/\/cormac.eu\/nl\/wp-json\/wp\/v2\/product"}],"about":[{"href":"https:\/\/cormac.eu\/nl\/wp-json\/wp\/v2\/types\/product"}],"replies":[{"embeddable":true,"href":"https:\/\/cormac.eu\/nl\/wp-json\/wp\/v2\/comments?post=2897"}],"wp:featuredmedia":[{"embeddable":true,"href":"https:\/\/cormac.eu\/nl\/wp-json\/wp\/v2\/media\/2896"}],"wp:attachment":[{"href":"https:\/\/cormac.eu\/nl\/wp-json\/wp\/v2\/media?parent=2897"}],"wp:term":[{"taxonomy":"product_brand","embeddable":true,"href":"https:\/\/cormac.eu\/nl\/wp-json\/wp\/v2\/product_brand?post=2897"},{"taxonomy":"product_cat","embeddable":true,"href":"https:\/\/cormac.eu\/nl\/wp-json\/wp\/v2\/product_cat?post=2897"},{"taxonomy":"product_tag","embeddable":true,"href":"https:\/\/cormac.eu\/nl\/wp-json\/wp\/v2\/product_tag?post=2897"}],"curies":[{"name":"wp","href":"https:\/\/api.w.org\/{rel}","templated":true}]}}