{"id":2840,"date":"2022-04-24T09:05:50","date_gmt":"2022-04-24T07:05:50","guid":{"rendered":"https:\/\/cormac.eu\/?post_type=product&#038;p=2840"},"modified":"2022-04-24T09:12:47","modified_gmt":"2022-04-24T07:12:47","slug":"continu-kooksysteem-2","status":"publish","type":"product","link":"https:\/\/cormac.eu\/nl\/product\/continuous-cooking-system\/","title":{"rendered":"Continu kooksysteem"},"content":{"rendered":"<p>De Vomadiss is een revolutionair kooksysteem ontwikkeld en gepatenteerd door Vomatec. Het is een horizontaal kooksysteem dat bestaat uit een cilindrisch kookvat met daarin een aantal buizen. De buizen zijn voorzien van statische mixers die zorgen voor een snelle opwarming van de massa die door de buizen wordt gepompt.<\/p>\n<p><img decoding=\"async\" class=\"alignnone size-medium wp-image-2841\" src=\"https:\/\/cormac.eu\/wp-content\/uploads\/2022\/04\/Vomadiss-internal-2-300x153.jpg\" alt=\"\" width=\"300\" height=\"153\" srcset=\"https:\/\/cormac.eu\/wp-content\/uploads\/2022\/04\/Vomadiss-internal-2-300x153.jpg 300w, https:\/\/cormac.eu\/wp-content\/uploads\/2022\/04\/Vomadiss-internal-2.jpg 400w\" sizes=\"(max-width: 300px) 100vw, 300px\" \/><\/p>\n<p>Deze uitvinding verkort de kooktijden tot ongeveer 30% van de gebruikelijke kooktijden, waardoor energie en kosten worden bespaard. De gemiddelde verblijftijd in de cooker is tussen de 60 en 90 seconden. Deze korte verblijftijd draagt bij aan de omkering van het gegaarde product. Hierdoor kunnen warmtegevoelige ingredi\u00ebnten zoals gelatine met de massa worden meegekookt. De Vomadiss kan eenvoudig worden geopend en gereinigd met water en stoom. Dit is een groot voordeel in vergelijking met andere systemen.<\/p>\n<p><img fetchpriority=\"high\" decoding=\"async\" class=\"alignnone  wp-image-2842\" src=\"https:\/\/cormac.eu\/wp-content\/uploads\/2022\/04\/Vomadiss-showing-static-mixers-3.jpg\" alt=\"\" width=\"267\" height=\"215\" \/><\/p>\n<p>Er zijn extra voorzieningen aangebracht in de producttoevoerleidingen van de pan, zodat de pan bij een stroomonderbreking schoongeblazen kan worden en er geen verbranding optreedt. De binnenkant van de pan kan eenvoudig worden gecontroleerd door de roestvrijstalen kopplaten te verwijderen. De Vomadiss is geschikt voor de meeste suikerproducten of suikervervangers en wordt afhankelijk van het product geleverd met of zonder vacu\u00fcmkamer. De vacu\u00fcmkamer dient om de kookdamp af te voeren door middel van vacu\u00fcm. De damp wordt gecondenseerd in een condensor. Tegelijkertijd wordt de gekookte massa in temperatuur afgekoeld.<\/p>\n<p>&nbsp;<\/p>\n<table style=\"height: 578px\" width=\"634\">\n<tbody>\n<tr>\n<td width=\"182\">\u00a0<strong>Kenmerken<\/strong><\/td>\n<td width=\"182\">\u00a0<strong>Voordelen<\/strong><\/td>\n<\/tr>\n<tr>\n<td>\u00a0gemonteerd op frame<\/td>\n<td>\n<ul>\n<li>compact<\/li>\n<li>eenvoudige installatie<\/li>\n<\/ul>\n<\/td>\n<\/tr>\n<tr>\n<td>\u00a0geboute zijplaat<\/td>\n<td>\n<ul>\n<li>eenvoudige opening<\/li>\n<li>extractie van statische mengers<\/li>\n<li>eenvoudige reiniging<\/li>\n<\/ul>\n<\/td>\n<\/tr>\n<tr>\n<td>\u00a0buizen en statische mengers<\/td>\n<td>\n<ul>\n<li>korte kooktijden<\/li>\n<li>geen productverbranding<\/li>\n<li>energiebesparing<\/li>\n<\/ul>\n<\/td>\n<\/tr>\n<tr>\n<td>\u00a0aangesloten vacu\u00fcmkamer<\/td>\n<td>\n<ul>\n<li>effici\u00ebnte afkoeling van de massa<\/li>\n<li>snelle extractie van damp<\/li>\n<li>hard &amp; zacht snoep executies<\/li>\n<\/ul>\n<\/td>\n<\/tr>\n<\/tbody>\n<\/table>","protected":false},"excerpt":{"rendered":"<p>Continu cooker voor suikergoed zoals gelei en gom, marshmallows, kauwsnoepjes, drop, fondant, nougat, hard Candy, suikervrije producten.<\/p>","protected":false},"featured_media":2839,"comment_status":"open","ping_status":"closed","template":"","meta":{"uix_meta_title":"","uix_meta_description":"","uix_canonical_url":""},"product_brand":[],"product_cat":[104],"product_tag":[],"class_list":{"0":"post-2840","1":"product","2":"type-product","3":"status-publish","4":"has-post-thumbnail","6":"product_cat-processing","8":"first","9":"instock","10":"shipping-taxable","11":"product-type-simple"},"_links":{"self":[{"href":"https:\/\/cormac.eu\/nl\/wp-json\/wp\/v2\/product\/2840","targetHints":{"allow":["GET"]}}],"collection":[{"href":"https:\/\/cormac.eu\/nl\/wp-json\/wp\/v2\/product"}],"about":[{"href":"https:\/\/cormac.eu\/nl\/wp-json\/wp\/v2\/types\/product"}],"replies":[{"embeddable":true,"href":"https:\/\/cormac.eu\/nl\/wp-json\/wp\/v2\/comments?post=2840"}],"wp:featuredmedia":[{"embeddable":true,"href":"https:\/\/cormac.eu\/nl\/wp-json\/wp\/v2\/media\/2839"}],"wp:attachment":[{"href":"https:\/\/cormac.eu\/nl\/wp-json\/wp\/v2\/media?parent=2840"}],"wp:term":[{"taxonomy":"product_brand","embeddable":true,"href":"https:\/\/cormac.eu\/nl\/wp-json\/wp\/v2\/product_brand?post=2840"},{"taxonomy":"product_cat","embeddable":true,"href":"https:\/\/cormac.eu\/nl\/wp-json\/wp\/v2\/product_cat?post=2840"},{"taxonomy":"product_tag","embeddable":true,"href":"https:\/\/cormac.eu\/nl\/wp-json\/wp\/v2\/product_tag?post=2840"}],"curies":[{"name":"wp","href":"https:\/\/api.w.org\/{rel}","templated":true}]}}