{"id":4063,"date":"2023-11-10T14:34:54","date_gmt":"2023-11-10T13:34:54","guid":{"rendered":"https:\/\/cormac.eu\/?post_type=product&#038;p=4063"},"modified":"2023-11-10T14:38:03","modified_gmt":"2023-11-10T13:38:03","slug":"macchina-di-rivestimento","status":"publish","type":"product","link":"https:\/\/cormac.eu\/it\/product\/lidding-machine\/","title":{"rendered":"Macchina per il rivestimento"},"content":{"rendered":"<p>Le macchine per coperchi sono dedicate al posizionamento e all'incollaggio di coperchi di cartone su vassoi o scatole da esposizione. I coperchi sono formati da fustelle piatte. La velocit\u00e0 \u00e8 regolabile elettronicamente fino a un massimo di 20 scatole al minuto per le macchine con una sola testa di chiusura. \u00c8 possibile progettare macchine con doppia testa per una velocit\u00e0 superiore (fino a 40 pezzi\/min), a seconda della velocit\u00e0 richiesta e delle caratteristiche dei fustellati.<\/p>\n<p><img fetchpriority=\"high\" decoding=\"async\" class=\"alignnone size-medium wp-image-4038\" src=\"https:\/\/cormac.eu\/wp-content\/uploads\/2023\/11\/lidding-process-300x232.jpg\" alt=\"\" width=\"300\" height=\"232\" srcset=\"https:\/\/cormac.eu\/wp-content\/uploads\/2023\/11\/lidding-process-300x232.jpg 300w, https:\/\/cormac.eu\/wp-content\/uploads\/2023\/11\/lidding-process.jpg 453w\" sizes=\"(max-width: 300px) 100vw, 300px\" \/><\/p>\n<p>&nbsp;<\/p>\n<p>MODELLI DISPONIBILI:<\/p>\n<ul>\n<li>Macchina di rivestimento dell'ascensore verticale, velocit\u00e0 massima 20pcs\/min per testa<\/li>\n<li>Macchina di rivestimento, velocit\u00e0 massima 18 pz\/min per testa<\/li>\n<li>SPECIALI: Macchina di rivestimento speciale su misura per le esigenze del cliente<\/li>\n<\/ul>\n<p>&nbsp;<\/p>\n<table style=\"height: 522px\" width=\"843\">\n<tbody>\n<tr>\n<td width=\"264\"><strong>F<\/strong><strong>caratteristiche<\/strong><\/td>\n<td width=\"340\"><strong>Vantaggi<\/strong><\/td>\n<\/tr>\n<tr>\n<td width=\"264\">Testa di copertura singola o doppia<\/td>\n<td width=\"340\">Scelta della gamma di velocit\u00e0<\/td>\n<\/tr>\n<tr>\n<td width=\"264\">Controllo elettrico della velocit\u00e0<\/td>\n<td width=\"340\">Velocit\u00e0 regolabile<\/td>\n<\/tr>\n<tr>\n<td width=\"264\">Chiusura con colla a caldo<\/td>\n<td width=\"340\">Sistema di incollaggio sicuro<\/td>\n<\/tr>\n<tr>\n<td width=\"264\">Cambio rapido<\/td>\n<td width=\"340\">Cambio formato medio 5-10 minuti<\/td>\n<\/tr>\n<tr>\n<td width=\"264\">Integrazione possibile<\/td>\n<td width=\"340\">Per formare linee di confezionamento complete<\/td>\n<\/tr>\n<tr>\n<td width=\"264\">Ingegneria speciale<\/td>\n<td width=\"340\">Sono possibili diverse configurazioni<\/td>\n<\/tr>\n<tr>\n<td width=\"264\">Struttura in acciaio inox o verniciato<\/td>\n<td width=\"340\">Adatto a diversi settori industriali<\/td>\n<\/tr>\n<\/tbody>\n<\/table>","protected":false},"excerpt":{"rendered":"<p>La macchina per coperchi \u00e8 progettata per posizionare e incollare coperchi di cartone su vassoi o scatole da esposizione.<\/p>","protected":false},"featured_media":4037,"comment_status":"open","ping_status":"closed","template":"","meta":{"uix_meta_title":"","uix_meta_description":"","uix_canonical_url":""},"product_brand":[],"product_cat":[114],"product_tag":[],"class_list":{"0":"post-4063","1":"product","2":"type-product","3":"status-publish","4":"has-post-thumbnail","6":"product_cat-secondary-packaging","8":"first","9":"instock","10":"shipping-taxable","11":"product-type-simple"},"_links":{"self":[{"href":"https:\/\/cormac.eu\/it\/wp-json\/wp\/v2\/product\/4063","targetHints":{"allow":["GET"]}}],"collection":[{"href":"https:\/\/cormac.eu\/it\/wp-json\/wp\/v2\/product"}],"about":[{"href":"https:\/\/cormac.eu\/it\/wp-json\/wp\/v2\/types\/product"}],"replies":[{"embeddable":true,"href":"https:\/\/cormac.eu\/it\/wp-json\/wp\/v2\/comments?post=4063"}],"wp:featuredmedia":[{"embeddable":true,"href":"https:\/\/cormac.eu\/it\/wp-json\/wp\/v2\/media\/4037"}],"wp:attachment":[{"href":"https:\/\/cormac.eu\/it\/wp-json\/wp\/v2\/media?parent=4063"}],"wp:term":[{"taxonomy":"product_brand","embeddable":true,"href":"https:\/\/cormac.eu\/it\/wp-json\/wp\/v2\/product_brand?post=4063"},{"taxonomy":"product_cat","embeddable":true,"href":"https:\/\/cormac.eu\/it\/wp-json\/wp\/v2\/product_cat?post=4063"},{"taxonomy":"product_tag","embeddable":true,"href":"https:\/\/cormac.eu\/it\/wp-json\/wp\/v2\/product_tag?post=4063"}],"curies":[{"name":"wp","href":"https:\/\/api.w.org\/{rel}","templated":true}]}}