{"id":4058,"date":"2023-11-10T13:26:28","date_gmt":"2023-11-10T12:26:28","guid":{"rendered":"https:\/\/cormac.eu\/?post_type=product&#038;p=4058"},"modified":"2023-11-10T13:36:51","modified_gmt":"2023-11-10T12:36:51","slug":"linea-completa-di-imballaggio-secondario","status":"publish","type":"product","link":"https:\/\/cormac.eu\/it\/product\/complete-secondary-packaging-line\/","title":{"rendered":"Linea completa di confezionamento secondario"},"content":{"rendered":"<p>Tutte le singole macchine della gamma disponibile di confezionatrici secondarie per diverse applicazioni possono essere combinate in una linea di confezionamento completa chiavi in mano. In queste linee complete utilizziamo robot a due e tre assi di nostra progettazione per il posizionamento e l'orientamento dei prodotti in varie configurazioni di scatole. Le unit\u00e0 di carico possono essere robotizzate o automatiche. Il nostro reparto di ricerca e sviluppo progetta e sviluppa linee complete creando soluzioni che hanno come obiettivo il prodotto e l'imballaggio del cliente. Queste linee possono essere interamente personalizzate e progettate per soddisfare le esigenze del cliente, utilizzando le tecnologie pi\u00f9 avanzate. Fornendo linee complete, garantiamo uniformit\u00e0 nelle logiche delle diverse macchine, uniformit\u00e0 nella gestione del progetto, un rapido servizio post-vendita e un team dedicato per rispondere prontamente alle esigenze di supporto del cliente.<\/p>\n<p>&nbsp;<\/p>\n<p><img fetchpriority=\"high\" decoding=\"async\" class=\"alignnone size-medium wp-image-4039\" src=\"https:\/\/cormac.eu\/wp-content\/uploads\/2023\/11\/Robotic-loading-process-288x300.jpg\" alt=\"\" width=\"288\" height=\"300\" srcset=\"https:\/\/cormac.eu\/wp-content\/uploads\/2023\/11\/Robotic-loading-process-288x300.jpg 288w, https:\/\/cormac.eu\/wp-content\/uploads\/2023\/11\/Robotic-loading-process.jpg 407w\" sizes=\"(max-width: 288px) 100vw, 288px\" \/><\/p>\n<p><strong>\u00a0<\/strong><\/p>\n<p><u>SISTEMI CHE POSSONO ESSERE INTEGRATI NELLE LINEE COMPLETE:<\/u><\/p>\n<ul>\n<li>Sistemi di controllo del peso<\/li>\n<li>Sistemi di visione<\/li>\n<li>Sistemi di espulsione per prodotti non conformi<\/li>\n<li>Sistemi di etichettatura<\/li>\n<li>Sistemi di codifica e stampa<\/li>\n<li>Sistemi di pallettizzazione<\/li>\n<\/ul>\n<p>&nbsp;<\/p>\n<table style=\"height: 307px\" width=\"805\">\n<tbody>\n<tr>\n<td width=\"264\"><strong>F<\/strong><strong>caratteristiche<\/strong><\/td>\n<td width=\"340\"><strong>Vantaggi<\/strong><\/td>\n<\/tr>\n<tr>\n<td width=\"264\">\u00a0Ingegneria totale di linee complete<\/td>\n<td width=\"340\">Diverse soluzioni di imballaggio<\/td>\n<\/tr>\n<tr>\n<td width=\"264\">Caricamento robotizzato<\/td>\n<td width=\"340\">Veloce, efficiente, affidabile<\/td>\n<\/tr>\n<tr>\n<td width=\"264\">Fornitura chiavi in mano<\/td>\n<td width=\"340\">Fornitore unico con responsabilit\u00e0 di progetto<\/td>\n<\/tr>\n<tr>\n<td width=\"264\">Costruzioni in acciaio inox o acciaio al carbonio<\/td>\n<td width=\"340\">Affidabile nel settore<\/td>\n<\/tr>\n<\/tbody>\n<\/table>","protected":false},"excerpt":{"rendered":"<p>Formatura automatica dei cartoni, caricamento dei prodotti mediante celle di prelievo e posizionamento robotizzate o altri sistemi, incorporando soluzioni di fine linea, compresa la pallettizzazione.<\/p>","protected":false},"featured_media":4032,"comment_status":"open","ping_status":"closed","template":"","meta":{"uix_meta_title":"","uix_meta_description":"","uix_canonical_url":""},"product_brand":[],"product_cat":[114],"product_tag":[],"class_list":{"0":"post-4058","1":"product","2":"type-product","3":"status-publish","4":"has-post-thumbnail","6":"product_cat-secondary-packaging","8":"first","9":"instock","10":"shipping-taxable","11":"product-type-simple"},"_links":{"self":[{"href":"https:\/\/cormac.eu\/it\/wp-json\/wp\/v2\/product\/4058","targetHints":{"allow":["GET"]}}],"collection":[{"href":"https:\/\/cormac.eu\/it\/wp-json\/wp\/v2\/product"}],"about":[{"href":"https:\/\/cormac.eu\/it\/wp-json\/wp\/v2\/types\/product"}],"replies":[{"embeddable":true,"href":"https:\/\/cormac.eu\/it\/wp-json\/wp\/v2\/comments?post=4058"}],"wp:featuredmedia":[{"embeddable":true,"href":"https:\/\/cormac.eu\/it\/wp-json\/wp\/v2\/media\/4032"}],"wp:attachment":[{"href":"https:\/\/cormac.eu\/it\/wp-json\/wp\/v2\/media?parent=4058"}],"wp:term":[{"taxonomy":"product_brand","embeddable":true,"href":"https:\/\/cormac.eu\/it\/wp-json\/wp\/v2\/product_brand?post=4058"},{"taxonomy":"product_cat","embeddable":true,"href":"https:\/\/cormac.eu\/it\/wp-json\/wp\/v2\/product_cat?post=4058"},{"taxonomy":"product_tag","embeddable":true,"href":"https:\/\/cormac.eu\/it\/wp-json\/wp\/v2\/product_tag?post=4058"}],"curies":[{"name":"wp","href":"https:\/\/api.w.org\/{rel}","templated":true}]}}