{"id":4054,"date":"2023-11-10T13:13:17","date_gmt":"2023-11-10T12:13:17","guid":{"rendered":"https:\/\/cormac.eu\/?post_type=product&#038;p=4054"},"modified":"2023-11-10T13:26:17","modified_gmt":"2023-11-10T12:26:17","slug":"macchina-per-la-chiusura-delle-scatole","status":"publish","type":"product","link":"https:\/\/cormac.eu\/it\/product\/box-closing-machine\/","title":{"rendered":"Macchina per la chiusura delle scatole"},"content":{"rendered":"<p>Le macchine di chiusura sono progettate per chiudere le scatole con coperchio dopo averle riempite con i prodotti. Le macchine di chiusura possono essere lineari per soluzioni ad alta velocit\u00e0 o se le scatole sono dotate di coperchi a 1 lembo.<br \/>\nLe macchine possono essere angolari nel caso di scatole con 3 coperchi. Queste macchine hanno un movimento continuo. Le scatole possono essere chiuse con colla a caldo o con un sistema a incastro.<br \/>\nLa velocit\u00e0 \u00e8 regolabile elettronicamente fino a un massimo di 200 scatole al minuto. Il cambio di formato \u00e8 facile e veloce.<\/p>\n<p>Capacit\u00e0: Fino a 200 scatole al minuto.<\/p>\n<p><img decoding=\"async\" class=\"alignnone size-medium wp-image-4055\" src=\"https:\/\/cormac.eu\/wp-content\/uploads\/2023\/11\/closing-process-300x123.jpg\" alt=\"\" width=\"300\" height=\"123\" srcset=\"https:\/\/cormac.eu\/wp-content\/uploads\/2023\/11\/closing-process-300x123.jpg 300w, https:\/\/cormac.eu\/wp-content\/uploads\/2023\/11\/closing-process-600x245.jpg 600w, https:\/\/cormac.eu\/wp-content\/uploads\/2023\/11\/closing-process.jpg 644w\" sizes=\"(max-width: 300px) 100vw, 300px\" \/><\/p>\n<p>&nbsp;<\/p>\n<p>&nbsp;<\/p>\n<table style=\"height: 395px\" width=\"841\">\n<tbody>\n<tr>\n<td width=\"264\"><strong>F<\/strong><strong>caratteristiche<\/strong><\/td>\n<td width=\"340\"><strong>Vantaggi<\/strong><\/td>\n<\/tr>\n<tr>\n<td width=\"264\">Movimento intermittente o continuo<\/td>\n<td width=\"340\">Integrazione del sistema<\/td>\n<\/tr>\n<tr>\n<td width=\"264\">Controllo della velocit\u00e0<\/td>\n<td width=\"340\">Velocit\u00e0 regolabile<\/td>\n<\/tr>\n<tr>\n<td width=\"264\">Chiusura con colla a caldo o con ganci<\/td>\n<td width=\"340\">Chiusura sicura e design creativo della scatola<\/td>\n<\/tr>\n<tr>\n<td width=\"264\">Cambio rapido<\/td>\n<td width=\"340\">Variazione media nel tempo 5-10 minuti<\/td>\n<\/tr>\n<tr>\n<td width=\"264\">Struttura in acciaio inox o verniciato<\/td>\n<td width=\"340\">Adatto a diversi settori industriali<\/td>\n<\/tr>\n<\/tbody>\n<\/table>\n<p>&nbsp;<\/p>\n<p>&nbsp;<\/p>","protected":false},"excerpt":{"rendered":"<p>Macchina per chiudere scatole e cartoni riempiti con un coperchio.<\/p>","protected":false},"featured_media":4057,"comment_status":"open","ping_status":"closed","template":"","meta":{"uix_meta_title":"","uix_meta_description":"","uix_canonical_url":""},"product_brand":[],"product_cat":[114],"product_tag":[],"class_list":{"0":"post-4054","1":"product","2":"type-product","3":"status-publish","4":"has-post-thumbnail","6":"product_cat-secondary-packaging","8":"first","9":"instock","10":"shipping-taxable","11":"product-type-simple"},"_links":{"self":[{"href":"https:\/\/cormac.eu\/it\/wp-json\/wp\/v2\/product\/4054","targetHints":{"allow":["GET"]}}],"collection":[{"href":"https:\/\/cormac.eu\/it\/wp-json\/wp\/v2\/product"}],"about":[{"href":"https:\/\/cormac.eu\/it\/wp-json\/wp\/v2\/types\/product"}],"replies":[{"embeddable":true,"href":"https:\/\/cormac.eu\/it\/wp-json\/wp\/v2\/comments?post=4054"}],"wp:featuredmedia":[{"embeddable":true,"href":"https:\/\/cormac.eu\/it\/wp-json\/wp\/v2\/media\/4057"}],"wp:attachment":[{"href":"https:\/\/cormac.eu\/it\/wp-json\/wp\/v2\/media?parent=4054"}],"wp:term":[{"taxonomy":"product_brand","embeddable":true,"href":"https:\/\/cormac.eu\/it\/wp-json\/wp\/v2\/product_brand?post=4054"},{"taxonomy":"product_cat","embeddable":true,"href":"https:\/\/cormac.eu\/it\/wp-json\/wp\/v2\/product_cat?post=4054"},{"taxonomy":"product_tag","embeddable":true,"href":"https:\/\/cormac.eu\/it\/wp-json\/wp\/v2\/product_tag?post=4054"}],"curies":[{"name":"wp","href":"https:\/\/api.w.org\/{rel}","templated":true}]}}