{"id":3936,"date":"2023-05-19T10:38:59","date_gmt":"2023-05-19T08:38:59","guid":{"rendered":"https:\/\/cormac.eu\/?post_type=product&#038;p=3936"},"modified":"2023-05-25T21:11:43","modified_gmt":"2023-05-25T19:11:43","slug":"alimentatore-automatico-di-rotoli-2","status":"publish","type":"product","link":"https:\/\/cormac.eu\/it\/product\/automatic-roll-feeder\/","title":{"rendered":"Alimentatore automatico di rulli"},"content":{"rendered":"<p>L'alimentatore automatico di rotoli appartiene alla categoria dei sistemi di alimentazione per la movimentazione. Viene installato tra l'estremit\u00e0 di uscita di una linea di produzione e la macchina di confezionamento \/ flowpack.<br \/>\nRiceve il prodotto e lo alimenta alla macchina flowpack nel numero e nelle dimensioni richieste. L'unit\u00e0 dispone di un certo numero di tramogge per il prodotto, progettate in base alla forma specifica del prodotto e alla velocit\u00e0 di uscita necessaria. Ogni tramoggia \u00e8 dotata di uno sportello di rilascio e il numero di confezioni \u00e8 determinato da fotocellule di rilevamento. I trasportatori con supporti in acciaio inox passano davanti alle fotocellule e contano il numero corretto di prodotti da inserire in ogni tramoggia.<\/p>\n<p><strong>Gamma di capacit\u00e0 <\/strong>: Su misura\/ su richiesta<\/p>","protected":false},"excerpt":{"rendered":"<p>Macchina per il conteggio, il raggruppamento e l'alimentazione automatica del nastro di alimentazione di una flowpacker.<\/p>","protected":false},"featured_media":3898,"comment_status":"open","ping_status":"closed","template":"","meta":{"uix_meta_title":"","uix_meta_description":"","uix_canonical_url":""},"product_brand":[],"product_cat":[105],"product_tag":[277,278,271],"class_list":{"0":"post-3936","1":"product","2":"type-product","3":"status-publish","4":"has-post-thumbnail","6":"product_cat-packaging","7":"product_tag-bread-roll-feeder","8":"product_tag-feeding-system","9":"product_tag-packaging-lines","11":"first","12":"instock","13":"shipping-taxable","14":"product-type-simple"},"_links":{"self":[{"href":"https:\/\/cormac.eu\/it\/wp-json\/wp\/v2\/product\/3936","targetHints":{"allow":["GET"]}}],"collection":[{"href":"https:\/\/cormac.eu\/it\/wp-json\/wp\/v2\/product"}],"about":[{"href":"https:\/\/cormac.eu\/it\/wp-json\/wp\/v2\/types\/product"}],"replies":[{"embeddable":true,"href":"https:\/\/cormac.eu\/it\/wp-json\/wp\/v2\/comments?post=3936"}],"wp:featuredmedia":[{"embeddable":true,"href":"https:\/\/cormac.eu\/it\/wp-json\/wp\/v2\/media\/3898"}],"wp:attachment":[{"href":"https:\/\/cormac.eu\/it\/wp-json\/wp\/v2\/media?parent=3936"}],"wp:term":[{"taxonomy":"product_brand","embeddable":true,"href":"https:\/\/cormac.eu\/it\/wp-json\/wp\/v2\/product_brand?post=3936"},{"taxonomy":"product_cat","embeddable":true,"href":"https:\/\/cormac.eu\/it\/wp-json\/wp\/v2\/product_cat?post=3936"},{"taxonomy":"product_tag","embeddable":true,"href":"https:\/\/cormac.eu\/it\/wp-json\/wp\/v2\/product_tag?post=3936"}],"curies":[{"name":"wp","href":"https:\/\/api.w.org\/{rel}","templated":true}]}}