{"id":3935,"date":"2023-05-18T23:09:21","date_gmt":"2023-05-18T21:09:21","guid":{"rendered":"https:\/\/cormac.eu\/?post_type=product&#038;p=3935"},"modified":"2023-05-19T10:50:05","modified_gmt":"2023-05-19T08:50:05","slug":"alimentatore-automatico-di-pile-2","status":"publish","type":"product","link":"https:\/\/cormac.eu\/it\/product\/automatic-pile-feeder\/","title":{"rendered":"Alimentatore automatico di pile"},"content":{"rendered":"<p>L'alimentatore automatico di pile appartiene alla categoria dei sistemi di alimentazione per la movimentazione. \u00c8 un'unit\u00e0 di carico e alimentazione orizzontale che viene installata all'uscita delle linee di produzione.  La sua funzione \u00e8 quella di raggruppare i prodotti in piano in pile e di trasferire le pile nelle rampe di alimentazione della\/e macchina\/e flowrapping. Questo caricatore di pile crea delicatamente le pile in altezze variabili, che variano da un singolo strato fino all'altezza massima stabile. I prodotti da trattare sono tipicamente biscotti, cracker, biscotti per sandwich, fette biscottate o pane per cracker.  L'unit\u00e0 di alimentazione orizzontale a quattro assi top di gamma \u00e8 alimentata da 4 servomotori.  Questa versione consente di regolare l'altezza della pila mentre la macchina \u00e8 in funzione senza interruzioni. Esiste anche una versione a due assi alimentata da due servomotori.<\/p>\n<p><strong>Gamma di capacit\u00e0<\/strong> : su misura\/su richiesta<\/p>\n<p>&nbsp;<\/p>\n<table>\n<tbody>\n<tr>\n<td><strong>Caratteristiche<\/strong><\/td>\n<td><strong>Vantaggi<\/strong><\/td>\n<\/tr>\n<tr>\n<td>Regolazione dell'altezza della pila<\/td>\n<td>Compensazione al volo delle deviazioni di spessore del prodotto<\/td>\n<\/tr>\n<tr>\n<td>Design modulare<\/td>\n<td>Disponibile in varie configurazioni<\/td>\n<\/tr>\n<\/tbody>\n<\/table>\n<p>&nbsp;<\/p>","protected":false},"excerpt":{"rendered":"<p>Questa macchina assembla prodotti come biscotti, cracker e fette biscottate in pile e li alimenta al nastro di alimentazione della flowpacker.<\/p>","protected":false},"featured_media":3897,"comment_status":"open","ping_status":"closed","template":"","meta":{"uix_meta_title":"","uix_meta_description":"","uix_canonical_url":""},"product_brand":[],"product_cat":[105],"product_tag":[275,265,271,276],"class_list":{"0":"post-3935","1":"product","2":"type-product","3":"status-publish","4":"has-post-thumbnail","6":"product_cat-packaging","7":"product_tag-feeding","8":"product_tag-flowpack","9":"product_tag-packaging-lines","10":"product_tag-stacking","12":"first","13":"instock","14":"shipping-taxable","15":"product-type-simple"},"_links":{"self":[{"href":"https:\/\/cormac.eu\/it\/wp-json\/wp\/v2\/product\/3935","targetHints":{"allow":["GET"]}}],"collection":[{"href":"https:\/\/cormac.eu\/it\/wp-json\/wp\/v2\/product"}],"about":[{"href":"https:\/\/cormac.eu\/it\/wp-json\/wp\/v2\/types\/product"}],"replies":[{"embeddable":true,"href":"https:\/\/cormac.eu\/it\/wp-json\/wp\/v2\/comments?post=3935"}],"wp:featuredmedia":[{"embeddable":true,"href":"https:\/\/cormac.eu\/it\/wp-json\/wp\/v2\/media\/3897"}],"wp:attachment":[{"href":"https:\/\/cormac.eu\/it\/wp-json\/wp\/v2\/media?parent=3935"}],"wp:term":[{"taxonomy":"product_brand","embeddable":true,"href":"https:\/\/cormac.eu\/it\/wp-json\/wp\/v2\/product_brand?post=3935"},{"taxonomy":"product_cat","embeddable":true,"href":"https:\/\/cormac.eu\/it\/wp-json\/wp\/v2\/product_cat?post=3935"},{"taxonomy":"product_tag","embeddable":true,"href":"https:\/\/cormac.eu\/it\/wp-json\/wp\/v2\/product_tag?post=3935"}],"curies":[{"name":"wp","href":"https:\/\/api.w.org\/{rel}","templated":true}]}}