{"id":3769,"date":"2023-03-03T16:49:01","date_gmt":"2023-03-03T15:49:01","guid":{"rendered":"https:\/\/cormac.eu\/?post_type=product&#038;p=3769"},"modified":"2023-03-03T16:59:06","modified_gmt":"2023-03-03T15:59:06","slug":"macinacaffe-industriale-2-2","status":"publish","type":"product","link":"https:\/\/cormac.eu\/it\/product\/industrial-coffee-grinder-2\/","title":{"rendered":"Macinacaff\u00e8 industriale (medio)"},"content":{"rendered":"<p>Macinacaff\u00e8 industriale, appositamente progettato per la produzione su media e grande scala. Lo speciale design dei dischi di macinazione assicura una macinatura completa e uniforme. La macchina si regola facilmente ruotando la parte circolare superiore, variando cos\u00ec il grado di macinatura. All'interno della camera di macinazione, gli eiettori effettuano la miscelazione e la frantumazione dei frammenti che potrebbero essere macinati. La camera di macinazione \u00e8 ventilata dall'aria, evitando che il caff\u00e8 si surriscaldi per ottenere una qualit\u00e0 e un aroma ottimali. La temperatura del caff\u00e8 \u00e8 controllata da una sonda. Questa macchina pu\u00f2 macinare facilmente il caff\u00e8 da molto fine a spesso e pu\u00f2 lavorare ininterrottamente per molte ore di seguito. La macchina \u00e8 raffreddata ad aria e dispone di un sistema di ventilazione per evitare che il caff\u00e8 si riscaldi.<\/p>\n<p>&nbsp;<\/p>\n<table width=\"586\">\n<tbody>\n<tr>\n<td colspan=\"2\" width=\"586\"><strong>Caratteristiche<\/strong><\/td>\n<\/tr>\n<tr>\n<td width=\"283\">Tramoggia di carico<\/td>\n<td width=\"303\">Porta della pulizia<\/td>\n<\/tr>\n<tr>\n<td width=\"283\">Magnete al neodimio<\/td>\n<td width=\"303\">Motore e pulegge guidate<\/td>\n<\/tr>\n<tr>\n<td width=\"283\">Registro manuale<\/td>\n<td width=\"303\">Protezione termica<\/td>\n<\/tr>\n<tr>\n<td width=\"283\">Circuito di ventilazione<\/td>\n<td width=\"303\">Centralino<\/td>\n<\/tr>\n<tr>\n<td width=\"283\">Dischi di durezza speciale Halb platte<\/td>\n<td width=\"303\">Termometro<\/td>\n<\/tr>\n<tr>\n<td width=\"283\">Telaio monoblocco<\/td>\n<td width=\"303\">Sonda di temperatura<\/td>\n<\/tr>\n<\/tbody>\n<\/table>\n<p>&nbsp;<\/p>\n<table width=\"586\">\n<tbody>\n<tr>\n<td><strong>Dettagli tecnici<\/strong><\/td>\n<td><\/td>\n<\/tr>\n<tr>\n<td>Capacit\u00e0<\/td>\n<td>300 - 600 Kg\/h<\/td>\n<\/tr>\n<tr>\n<td>Potenza<\/td>\n<td>12 CV<\/td>\n<\/tr>\n<tr>\n<td>Tensione<\/td>\n<td>Trifase 230\/400V 50Hz<\/td>\n<\/tr>\n<\/tbody>\n<\/table>","protected":false},"excerpt":{"rendered":"<p>Macinacaff\u00e8 a disco per medie e grandi produzioni con facili impostazioni per macinare il caff\u00e8 da molto fine a grossolano.<\/p>","protected":false},"featured_media":3767,"comment_status":"open","ping_status":"closed","template":"","meta":{"uix_meta_title":"","uix_meta_description":"","uix_canonical_url":""},"product_brand":[],"product_cat":[104],"product_tag":[],"class_list":{"0":"post-3769","1":"product","2":"type-product","3":"status-publish","4":"has-post-thumbnail","6":"product_cat-processing","8":"first","9":"instock","10":"shipping-taxable","11":"product-type-simple"},"_links":{"self":[{"href":"https:\/\/cormac.eu\/it\/wp-json\/wp\/v2\/product\/3769","targetHints":{"allow":["GET"]}}],"collection":[{"href":"https:\/\/cormac.eu\/it\/wp-json\/wp\/v2\/product"}],"about":[{"href":"https:\/\/cormac.eu\/it\/wp-json\/wp\/v2\/types\/product"}],"replies":[{"embeddable":true,"href":"https:\/\/cormac.eu\/it\/wp-json\/wp\/v2\/comments?post=3769"}],"wp:featuredmedia":[{"embeddable":true,"href":"https:\/\/cormac.eu\/it\/wp-json\/wp\/v2\/media\/3767"}],"wp:attachment":[{"href":"https:\/\/cormac.eu\/it\/wp-json\/wp\/v2\/media?parent=3769"}],"wp:term":[{"taxonomy":"product_brand","embeddable":true,"href":"https:\/\/cormac.eu\/it\/wp-json\/wp\/v2\/product_brand?post=3769"},{"taxonomy":"product_cat","embeddable":true,"href":"https:\/\/cormac.eu\/it\/wp-json\/wp\/v2\/product_cat?post=3769"},{"taxonomy":"product_tag","embeddable":true,"href":"https:\/\/cormac.eu\/it\/wp-json\/wp\/v2\/product_tag?post=3769"}],"curies":[{"name":"wp","href":"https:\/\/api.w.org\/{rel}","templated":true}]}}