{"id":3758,"date":"2023-03-03T11:10:45","date_gmt":"2023-03-03T10:10:45","guid":{"rendered":"https:\/\/cormac.eu\/?post_type=product&#038;p=3758"},"modified":"2023-03-03T13:35:24","modified_gmt":"2023-03-03T12:35:24","slug":"tostatrice-industriale-di-caffe-2","status":"publish","type":"product","link":"https:\/\/cormac.eu\/it\/product\/industrial-coffee-roaster\/","title":{"rendered":"Tostatrice industriale per caff\u00e8"},"content":{"rendered":"<p>Macchina per la tostatura naturale di caff\u00e8 verde in grani, frutta secca, cereali con una capacit\u00e0 di tostatura compresa tra 15 kg e 30 kg\/ciclo ottenendo da 3 a 5 cicli di tostatura all'ora, a seconda del tipo di caff\u00e8 e del punto di tostatura. Dispone di un controllo modulante della temperatura, di un PLC con software intelligente e di un touch screen per generare e seguire i profili di tostatura. Tutti i cicli di tostatura ottengono lo stesso profilo di tostatura e le ricette di tostatura possono essere personalizzate e memorizzate in base all'origine del prodotto.<br \/>\nGrazie alle sue dimensioni medie, pu\u00f2 essere montato praticamente ovunque e lavorare sempre in modalit\u00e0 automatica o semiautomatica, mantenendo una qualit\u00e0 eccellente.<\/p>\n<p>&nbsp;<\/p>\n<table width=\"586\">\n<tbody>\n<tr>\n<td width=\"251\"><strong>Caratteristiche<\/strong><\/td>\n<td width=\"335\"><strong>Vantaggi<\/strong><\/td>\n<\/tr>\n<tr>\n<td>Tramoggia di carico<\/td>\n<td>Installazione semplice<\/td>\n<\/tr>\n<tr>\n<td>Riscaldamento a gas<\/td>\n<td>Aspetto elegante<\/td>\n<\/tr>\n<tr>\n<td>Recupero e riciclo dell'aria calda<\/td>\n<td>Basso costo di manutenzione<\/td>\n<\/tr>\n<tr>\n<td>Isolamento con fibra cremaics a 1250 \u00b0C<\/td>\n<td>Sicurezza, risparmio energetico, efficienza<\/td>\n<\/tr>\n<tr>\n<td>Focolare in acciaio refrattario<\/td>\n<td>Nessuna manutenzione<\/td>\n<\/tr>\n<tr>\n<td>Ventole indipendenti per la tostatura e il raffreddamento.<\/td>\n<td>Controllo della temperatura<\/td>\n<\/tr>\n<tr>\n<td>Inceneritore a ciclone per pula.<\/td>\n<td><\/td>\n<\/tr>\n<tr>\n<td>Quadro elettrico indipendente.<\/td>\n<td>Maggiore sicurezza e controllo<\/td>\n<\/tr>\n<tr>\n<td>Bruciatore modulante<\/td>\n<td>Risparmio energetico<\/td>\n<\/tr>\n<tr>\n<td>PLC e touch screen<\/td>\n<td>Pieno controllo dei parametri di processo<\/td>\n<\/tr>\n<\/tbody>\n<\/table>\n<p>&nbsp;<\/p>\n<table width=\"586\">\n<tbody>\n<tr>\n<td><strong>Dettagli tecnici<\/strong><\/td>\n<td><\/td>\n<\/tr>\n<tr>\n<td>Dimensioni<\/td>\n<td>L 2300 x L 1800 x H 2170-2480 MM<\/td>\n<\/tr>\n<tr>\n<td>Peso<\/td>\n<td>1500 kg<\/td>\n<\/tr>\n<tr>\n<td>Tensione<\/td>\n<td>Trifase 380V + N+E 50\/60 Hz<\/td>\n<\/tr>\n<\/tbody>\n<\/table>","protected":false},"excerpt":{"rendered":"<p>Impianto di tostatura da semi-automatico a completamente automatico in grado di tostare un'ampia variet\u00e0 di prodotti in modo naturale.<\/p>","protected":false},"featured_media":3759,"comment_status":"open","ping_status":"closed","template":"","meta":{"uix_meta_title":"","uix_meta_description":"","uix_canonical_url":""},"product_brand":[],"product_cat":[104],"product_tag":[],"class_list":{"0":"post-3758","1":"product","2":"type-product","3":"status-publish","4":"has-post-thumbnail","6":"product_cat-processing","8":"first","9":"instock","10":"shipping-taxable","11":"product-type-simple"},"_links":{"self":[{"href":"https:\/\/cormac.eu\/it\/wp-json\/wp\/v2\/product\/3758","targetHints":{"allow":["GET"]}}],"collection":[{"href":"https:\/\/cormac.eu\/it\/wp-json\/wp\/v2\/product"}],"about":[{"href":"https:\/\/cormac.eu\/it\/wp-json\/wp\/v2\/types\/product"}],"replies":[{"embeddable":true,"href":"https:\/\/cormac.eu\/it\/wp-json\/wp\/v2\/comments?post=3758"}],"wp:featuredmedia":[{"embeddable":true,"href":"https:\/\/cormac.eu\/it\/wp-json\/wp\/v2\/media\/3759"}],"wp:attachment":[{"href":"https:\/\/cormac.eu\/it\/wp-json\/wp\/v2\/media?parent=3758"}],"wp:term":[{"taxonomy":"product_brand","embeddable":true,"href":"https:\/\/cormac.eu\/it\/wp-json\/wp\/v2\/product_brand?post=3758"},{"taxonomy":"product_cat","embeddable":true,"href":"https:\/\/cormac.eu\/it\/wp-json\/wp\/v2\/product_cat?post=3758"},{"taxonomy":"product_tag","embeddable":true,"href":"https:\/\/cormac.eu\/it\/wp-json\/wp\/v2\/product_tag?post=3758"}],"curies":[{"name":"wp","href":"https:\/\/api.w.org\/{rel}","templated":true}]}}