{"id":3756,"date":"2023-03-03T10:19:24","date_gmt":"2023-03-03T09:19:24","guid":{"rendered":"https:\/\/cormac.eu\/?post_type=product&#038;p=3756"},"modified":"2023-03-03T17:14:19","modified_gmt":"2023-03-03T16:14:19","slug":"macchina-per-la-torrefazione-del-caffe","status":"publish","type":"product","link":"https:\/\/cormac.eu\/it\/product\/coffee-roasting-machine\/","title":{"rendered":"Torrefazione per caffetteria (piccola)"},"content":{"rendered":"<p>Questa macchina per la tostatura \u00e8 adatta ai punti vendita di caff\u00e8 o alle strutture di produzione artigianale. Pu\u00f2 tostare non solo i chicchi di caff\u00e8 verde, ma anche altri prodotti come cereali e noci. La macchina ha un aspetto elegante che aggiunge un valore reale alla promozione e al prodotto di un punto vendita. \u00c8 facile da usare e non richiede molta manutenzione. La qualit\u00e0 della tostatura sar\u00e0 eccellente e l'effetto di tostatura sar\u00e0 costante con un punto di tostatura stabile.<\/p>\n<table width=\"586\">\n<tbody>\n<tr>\n<td colspan=\"2\" width=\"586\"><strong>Caratteristiche<\/strong><\/td>\n<\/tr>\n<tr>\n<td width=\"292\">Plug and play<\/td>\n<td width=\"293\">Installazione semplice<\/td>\n<\/tr>\n<tr>\n<td width=\"292\">Vernice nera lucida con accenti dorati<\/td>\n<td width=\"293\">Aspetto elegante<\/td>\n<\/tr>\n<tr>\n<td width=\"292\">Bassa manutenzione<\/td>\n<td width=\"293\">Basso costo di manutenzione<\/td>\n<\/tr>\n<tr>\n<td width=\"292\">Tramoggia di carico<\/td>\n<td width=\"293\">Termostato digitale<\/td>\n<\/tr>\n<tr>\n<td width=\"292\">Cassetto pula<\/td>\n<td width=\"293\">Contenitore campione<\/td>\n<\/tr>\n<\/tbody>\n<\/table>\n<p>&nbsp;<\/p>\n<table width=\"586\">\n<tbody>\n<tr>\n<td width=\"292\"><strong>Dettagli tecnici<\/strong><\/td>\n<td width=\"293\"><\/td>\n<\/tr>\n<tr>\n<td width=\"292\">Capacit\u00e0<\/td>\n<td width=\"293\">Fino a 2 kg\/ora<\/td>\n<\/tr>\n<tr>\n<td width=\"292\">Dimensioni<\/td>\n<td width=\"293\">67 x 44 x 68 cm<\/td>\n<\/tr>\n<tr>\n<td width=\"292\">Peso<\/td>\n<td width=\"293\">65 kg<\/td>\n<\/tr>\n<tr>\n<td width=\"292\">Tensione<\/td>\n<td width=\"293\">220V 50 Hz<\/td>\n<\/tr>\n<tr>\n<td width=\"292\">potenza<\/td>\n<td width=\"293\">1,5 kW<\/td>\n<\/tr>\n<\/tbody>\n<\/table>\n<p>&nbsp;<\/p>","protected":false},"excerpt":{"rendered":"<p>Macchina per la tostatura del caff\u00e8 di piccolo ingombro per gourmet e caffetterie<\/p>","protected":false},"featured_media":3748,"comment_status":"open","ping_status":"closed","template":"","meta":{"uix_meta_title":"","uix_meta_description":"","uix_canonical_url":""},"product_brand":[],"product_cat":[107],"product_tag":[],"class_list":{"0":"post-3756","1":"product","2":"type-product","3":"status-publish","4":"has-post-thumbnail","6":"product_cat-artisanal","8":"first","9":"instock","10":"shipping-taxable","11":"product-type-simple"},"_links":{"self":[{"href":"https:\/\/cormac.eu\/it\/wp-json\/wp\/v2\/product\/3756","targetHints":{"allow":["GET"]}}],"collection":[{"href":"https:\/\/cormac.eu\/it\/wp-json\/wp\/v2\/product"}],"about":[{"href":"https:\/\/cormac.eu\/it\/wp-json\/wp\/v2\/types\/product"}],"replies":[{"embeddable":true,"href":"https:\/\/cormac.eu\/it\/wp-json\/wp\/v2\/comments?post=3756"}],"wp:featuredmedia":[{"embeddable":true,"href":"https:\/\/cormac.eu\/it\/wp-json\/wp\/v2\/media\/3748"}],"wp:attachment":[{"href":"https:\/\/cormac.eu\/it\/wp-json\/wp\/v2\/media?parent=3756"}],"wp:term":[{"taxonomy":"product_brand","embeddable":true,"href":"https:\/\/cormac.eu\/it\/wp-json\/wp\/v2\/product_brand?post=3756"},{"taxonomy":"product_cat","embeddable":true,"href":"https:\/\/cormac.eu\/it\/wp-json\/wp\/v2\/product_cat?post=3756"},{"taxonomy":"product_tag","embeddable":true,"href":"https:\/\/cormac.eu\/it\/wp-json\/wp\/v2\/product_tag?post=3756"}],"curies":[{"name":"wp","href":"https:\/\/api.w.org\/{rel}","templated":true}]}}