{"id":3178,"date":"2022-05-29T15:22:36","date_gmt":"2022-05-29T13:22:36","guid":{"rendered":"https:\/\/cormac.eu\/?post_type=product&#038;p=3178"},"modified":"2022-06-05T19:09:17","modified_gmt":"2022-06-05T17:09:17","slug":"tunnel-di-raffreddamento-2","status":"publish","type":"product","link":"https:\/\/cormac.eu\/it\/product\/cooling-tunnel\/","title":{"rendered":"Tunnel di raffreddamento"},"content":{"rendered":"<p>Tunnel di raffreddamento con 2 o 4 zone di raffreddamento diverse con controlli indipendenti dell'acqua e dell'aria di raffreddamento. Il tunnel dal design speciale trasferisce la temperatura al prodotto per convezione e conduzione e garantisce il massimo raffreddamento con un basso consumo energetico.<\/p>\n<p>Il raffreddamento avviene per mezzo di aria a temperatura controllata e a velocit\u00e0\/flusso costante. Ogni zona di raffreddamento \u00e8 dotata di un gruppo di raffreddamento composto da uno scambiatore di calore che trasferisce la temperatura dall'acqua di raffreddamento all'aria di raffreddamento, un ventilatore centrifugo ad alta efficienza per creare il flusso d'aria necessario e un filtro dell'aria con efficienza G4. La temperatura dell'aria \u00e8 controllata da una sonda di temperatura che comanda le valvole modulanti a 3 vie del sistema di raffreddamento ad acqua. Il raffreddamento del fondo \u00e8 ottenuto mediante il ricircolo di acqua fredda attraverso lastre fredde montate sulla superficie del sistema di trasporto a nastro. \u00c8 possibile fornire un essiccatore d'aria per l'immissione nel tunnel di aria secca al fine di controllare l'umidit\u00e0 all'interno del tunnel.<\/p>\n<p>Le coperture di tipo Sandwhich sono costruite in acciaio inossidabile, iniettato con isolamento in poliuretano ad alta densit\u00e0. Le coperture possono essere facilmente sollevate da entrambi i lati del tunnel di raffreddamento con l'ausilio di bombole di gas. Il nastro trasportatore \u00e8 in poliuretano alimentare e antistatico. La superficie di scorrimento del nastro \u00e8 in acciaio inox. Il tunnel di raffreddamento \u00e8 dotato di dispositivi di tracciamento automatico situati all'ingresso e all'uscita del tunnel di raffreddamento, con sensori laser e cilindri pneumatici. Ci\u00f2 consente di controllare adeguatamente la tensione del nastro e di evitarne lo slittamento.<\/p>\n<p>La lunghezza del tunnel di raffreddamento viene calcolata e adattata in base al processo del cliente.<\/p>\n<p><strong>Esempi di applicazione<\/strong><\/p>\n<p><img decoding=\"async\" class=\"alignnone wp-image-3176\" src=\"https:\/\/cormac.eu\/wp-content\/uploads\/2022\/05\/candy-3665529_1920-1024x732-1-300x214.jpg\" alt=\"\" width=\"177\" height=\"127\" srcset=\"https:\/\/cormac.eu\/wp-content\/uploads\/2022\/05\/candy-3665529_1920-1024x732-1-300x214.jpg 300w, https:\/\/cormac.eu\/wp-content\/uploads\/2022\/05\/candy-3665529_1920-1024x732-1-768x549.jpg 768w, https:\/\/cormac.eu\/wp-content\/uploads\/2022\/05\/candy-3665529_1920-1024x732-1-600x429.jpg 600w, https:\/\/cormac.eu\/wp-content\/uploads\/2022\/05\/candy-3665529_1920-1024x732-1.jpg 1024w\" sizes=\"(max-width: 177px) 100vw, 177px\" \/>\u00a0 \u00a0<img decoding=\"async\" class=\"wp-image-3175\" src=\"https:\/\/cormac.eu\/wp-content\/uploads\/2022\/05\/granola-bar-with-nuts-fruit-and-berries-on-white-D7QCZ5B-V2-300x300.jpg\" alt=\"\" width=\"143\" height=\"143\" srcset=\"https:\/\/cormac.eu\/wp-content\/uploads\/2022\/05\/granola-bar-with-nuts-fruit-and-berries-on-white-D7QCZ5B-V2-300x300.jpg 300w, https:\/\/cormac.eu\/wp-content\/uploads\/2022\/05\/granola-bar-with-nuts-fruit-and-berries-on-white-D7QCZ5B-V2.jpg 1024w, https:\/\/cormac.eu\/wp-content\/uploads\/2022\/05\/granola-bar-with-nuts-fruit-and-berries-on-white-D7QCZ5B-V2-150x150.jpg 150w, https:\/\/cormac.eu\/wp-content\/uploads\/2022\/05\/granola-bar-with-nuts-fruit-and-berries-on-white-D7QCZ5B-V2-768x768.jpg 768w, https:\/\/cormac.eu\/wp-content\/uploads\/2022\/05\/granola-bar-with-nuts-fruit-and-berries-on-white-D7QCZ5B-V2-600x600.jpg 600w, https:\/\/cormac.eu\/wp-content\/uploads\/2022\/05\/granola-bar-with-nuts-fruit-and-berries-on-white-D7QCZ5B-V2-100x100.jpg 100w\" sizes=\"(max-width: 143px) 100vw, 143px\" \/> <img decoding=\"async\" class=\"alignnone wp-image-3168\" src=\"https:\/\/cormac.eu\/wp-content\/uploads\/2022\/05\/chocolate-rice-cakes-PZY8PSN-V2-300x300.jpg\" alt=\"\" width=\"156\" height=\"156\" srcset=\"https:\/\/cormac.eu\/wp-content\/uploads\/2022\/05\/chocolate-rice-cakes-PZY8PSN-V2-300x300.jpg 300w, https:\/\/cormac.eu\/wp-content\/uploads\/2022\/05\/chocolate-rice-cakes-PZY8PSN-V2.jpg 1024w, https:\/\/cormac.eu\/wp-content\/uploads\/2022\/05\/chocolate-rice-cakes-PZY8PSN-V2-150x150.jpg 150w, https:\/\/cormac.eu\/wp-content\/uploads\/2022\/05\/chocolate-rice-cakes-PZY8PSN-V2-768x768.jpg 768w, https:\/\/cormac.eu\/wp-content\/uploads\/2022\/05\/chocolate-rice-cakes-PZY8PSN-V2-600x600.jpg 600w, https:\/\/cormac.eu\/wp-content\/uploads\/2022\/05\/chocolate-rice-cakes-PZY8PSN-V2-100x100.jpg 100w\" sizes=\"(max-width: 156px) 100vw, 156px\" \/><img loading=\"lazy\" decoding=\"async\" class=\"alignnone wp-image-2956\" src=\"https:\/\/cormac.eu\/wp-content\/uploads\/2022\/05\/Wymbs-Picture-1-pressurized-DMF-300x168.jpg\" alt=\"\" width=\"192\" height=\"108\" srcset=\"https:\/\/cormac.eu\/wp-content\/uploads\/2022\/05\/Wymbs-Picture-1-pressurized-DMF-300x168.jpg 300w, https:\/\/cormac.eu\/wp-content\/uploads\/2022\/05\/Wymbs-Picture-1-pressurized-DMF.jpg 337w\" sizes=\"(max-width: 192px) 100vw, 192px\" \/><\/p>\n<table>\n<tbody>\n<tr>\n<td width=\"264\"><strong>F<\/strong><strong>caratteristiche<\/strong><\/td>\n<td width=\"340\"><strong>Vantaggi<\/strong><\/td>\n<\/tr>\n<tr>\n<td width=\"264\">2-4 zone di raffreddamento<\/td>\n<td width=\"340\">\n<ul>\n<li>Controllo della temperatura a zone indipendenti<\/li>\n<\/ul>\n<\/td>\n<\/tr>\n<tr>\n<td width=\"264\">Nastro trasportatore in poliuretano<\/td>\n<td width=\"340\">\n<ul>\n<li>Grado alimentare<\/li>\n<li>Antistatico<\/li>\n<\/ul>\n<\/td>\n<\/tr>\n<tr>\n<td width=\"264\">Motore di azionamento SEW con convertitore di frequenza<\/td>\n<td width=\"340\">\n<ul>\n<li>Regolazione della velocit\u00e0 del nastro<\/li>\n<\/ul>\n<\/td>\n<\/tr>\n<tr>\n<td width=\"264\">Tracciamento e tensionamento automatico del nastro<\/td>\n<td width=\"340\">\n<ul>\n<li>Tensione costante del nastro trasportatore<\/li>\n<li>Prevenzione dello scivolamento<\/li>\n<\/ul>\n<\/td>\n<\/tr>\n<tr>\n<td width=\"264\">Costruzione in acciaio inox AISI304<\/td>\n<td width=\"340\">\n<ul>\n<li>Igienico<\/li>\n<li>Facile da pulire<\/li>\n<\/ul>\n<\/td>\n<\/tr>\n<tr>\n<td width=\"264\">Diverse larghezze<\/td>\n<td width=\"340\">\n<ul>\n<li>Da 350 a 1500 mm<\/li>\n<\/ul>\n<\/td>\n<\/tr>\n<tr>\n<td width=\"264\"><strong>Opzionale<\/strong><\/td>\n<td width=\"340\"><\/td>\n<\/tr>\n<tr>\n<td width=\"264\">\n<ul>\n<li>Iniezione di aria secca<\/li>\n<\/ul>\n<\/td>\n<td width=\"340\">Essiccatore d'aria esterno, che immette aria secca nel tunnel di raffreddamento.<\/td>\n<\/tr>\n<tr>\n<td width=\"264\">\n<ul>\n<li>Lastre fredde a raffreddamento inferiore<\/li>\n<\/ul>\n<\/td>\n<td width=\"340\">Per consentire il raffreddamento dal basso, installato sotto la cinghia e raffreddato ad acqua o a glicole.<\/td>\n<\/tr>\n<tr>\n<td width=\"264\">\n<ul>\n<li>Refrigeratore d'acqua<\/li>\n<\/ul>\n<\/td>\n<td width=\"340\">In assenza di una linea di alimentazione dell'acqua fredda di fabbrica, \u00e8 possibile installare un refrigeratore esterno, funzionante con acqua o glicole.<\/td>\n<\/tr>\n<tr>\n<td width=\"264\">\n<ul>\n<li>Riscaldatore elettrico ad aria<\/li>\n<\/ul>\n<\/td>\n<td width=\"340\">Installato nel punto di ritorno delle cinghie per ridurre l'umidit\u00e0 dell'aria raffreddata riscaldandola nuovamente.<\/td>\n<\/tr>\n<tr>\n<td width=\"264\">\n<ul>\n<li>Carrello di lavaggio automatico del nastro<\/li>\n<\/ul>\n<\/td>\n<td width=\"340\">Installato nel punto di ritorno del nastro, per asciugare il nastro. Il suo telaio \u00e8 montato su ruote, in modo da poter essere facilmente rimosso. Con raschiatori di asciugatura, tramoggia per l'acqua calda, spazzole motorizzate e cilindri pneumatici che sollevano il carrello in posizione di lavaggio e lo abbassano per la rimozione.<\/td>\n<\/tr>\n<\/tbody>\n<\/table>\n<p>&nbsp;<\/p>\n<p>&nbsp;<\/p>","protected":false},"excerpt":{"rendered":"<p>Tunnel di raffreddamento per il raffreddamento di prodotti ricoperti di cioccolato, composti o massa grassa<\/p>","protected":false},"featured_media":3179,"comment_status":"open","ping_status":"closed","template":"","meta":{"uix_meta_title":"","uix_meta_description":"","uix_canonical_url":""},"product_brand":[],"product_cat":[104],"product_tag":[205,206,208,207],"class_list":{"0":"post-3178","1":"product","2":"type-product","3":"status-publish","4":"has-post-thumbnail","6":"product_cat-processing","7":"product_tag-candy-bars","8":"product_tag-chocolate-tablets","9":"product_tag-chocolates","10":"product_tag-pralines","12":"first","13":"instock","14":"shipping-taxable","15":"product-type-simple"},"_links":{"self":[{"href":"https:\/\/cormac.eu\/it\/wp-json\/wp\/v2\/product\/3178","targetHints":{"allow":["GET"]}}],"collection":[{"href":"https:\/\/cormac.eu\/it\/wp-json\/wp\/v2\/product"}],"about":[{"href":"https:\/\/cormac.eu\/it\/wp-json\/wp\/v2\/types\/product"}],"replies":[{"embeddable":true,"href":"https:\/\/cormac.eu\/it\/wp-json\/wp\/v2\/comments?post=3178"}],"wp:featuredmedia":[{"embeddable":true,"href":"https:\/\/cormac.eu\/it\/wp-json\/wp\/v2\/media\/3179"}],"wp:attachment":[{"href":"https:\/\/cormac.eu\/it\/wp-json\/wp\/v2\/media?parent=3178"}],"wp:term":[{"taxonomy":"product_brand","embeddable":true,"href":"https:\/\/cormac.eu\/it\/wp-json\/wp\/v2\/product_brand?post=3178"},{"taxonomy":"product_cat","embeddable":true,"href":"https:\/\/cormac.eu\/it\/wp-json\/wp\/v2\/product_cat?post=3178"},{"taxonomy":"product_tag","embeddable":true,"href":"https:\/\/cormac.eu\/it\/wp-json\/wp\/v2\/product_tag?post=3178"}],"curies":[{"name":"wp","href":"https:\/\/api.w.org\/{rel}","templated":true}]}}