{"id":3173,"date":"2022-05-29T14:14:17","date_gmt":"2022-05-29T12:14:17","guid":{"rendered":"https:\/\/cormac.eu\/?post_type=product&#038;p=3173"},"modified":"2022-06-01T11:39:16","modified_gmt":"2022-06-01T09:39:16","slug":"macchina-per-lingozzamento","status":"publish","type":"product","link":"https:\/\/cormac.eu\/it\/product\/enrobing-machine\/","title":{"rendered":"Macchina per l'inghiottimento"},"content":{"rendered":"<p>Macchina per l'incannucciatura, disponibile con larghezze di lavoro da 350 a 1500 mm e velocit\u00e0 di maglia da 1,5 a 12 metri all'ora. Questa macchina \u00e8 dotata di una doppia tenda per il cioccolato ed \u00e8 progettata per lavorare 24 ore su 24, 7 giorni su 7. Rimozione rapida della tramoggia del cioccolato e del set di maglie, compresi tutti gli alberi e le parti. Il set di maglie \u00e8 sostenuto da guide e la tramoggia \u00e8 utilizzata per sostenere il set di maglie. La tramoggia del cioccolato non presenta elementi elettrici che potrebbero essere danneggiati durante la pulizia. Sul retro della macchina, di fronte al lato operatore, \u00e8 presente un'area di servizio accessibile semplicemente ruotando il quadro elettrico. Grazie a un circuito di circolazione dell'acqua integrato, tutte le parti a contatto con il prodotto vengono mantenute alla temperatura desiderata.<\/p>\n<p><strong>Applicazione<\/strong><\/p>\n<p>Rivestimento di prodotti con vero cioccolato, composti o masse grasse<\/p>\n<p><img decoding=\"async\" class=\"wp-image-3171\" src=\"https:\/\/cormac.eu\/wp-content\/uploads\/2022\/05\/waffles-with-chocolate-topping-GUSW6FC-V2-300x300.jpg\" alt=\"\" width=\"125\" height=\"125\" srcset=\"https:\/\/cormac.eu\/wp-content\/uploads\/2022\/05\/waffles-with-chocolate-topping-GUSW6FC-V2-300x300.jpg 300w, https:\/\/cormac.eu\/wp-content\/uploads\/2022\/05\/waffles-with-chocolate-topping-GUSW6FC-V2.jpg 1024w, https:\/\/cormac.eu\/wp-content\/uploads\/2022\/05\/waffles-with-chocolate-topping-GUSW6FC-V2-150x150.jpg 150w, https:\/\/cormac.eu\/wp-content\/uploads\/2022\/05\/waffles-with-chocolate-topping-GUSW6FC-V2-768x768.jpg 768w, https:\/\/cormac.eu\/wp-content\/uploads\/2022\/05\/waffles-with-chocolate-topping-GUSW6FC-V2-600x600.jpg 600w, https:\/\/cormac.eu\/wp-content\/uploads\/2022\/05\/waffles-with-chocolate-topping-GUSW6FC-V2-100x100.jpg 100w\" sizes=\"(max-width: 125px) 100vw, 125px\" \/>\u00a0 \u00a0<img decoding=\"async\" class=\"wp-image-3170\" src=\"https:\/\/cormac.eu\/wp-content\/uploads\/2022\/05\/glazed-donuts-PB5CCQD-V2-300x300.jpg\" alt=\"\" width=\"133\" height=\"133\" srcset=\"https:\/\/cormac.eu\/wp-content\/uploads\/2022\/05\/glazed-donuts-PB5CCQD-V2-300x300.jpg 300w, https:\/\/cormac.eu\/wp-content\/uploads\/2022\/05\/glazed-donuts-PB5CCQD-V2.jpg 1024w, https:\/\/cormac.eu\/wp-content\/uploads\/2022\/05\/glazed-donuts-PB5CCQD-V2-150x150.jpg 150w, https:\/\/cormac.eu\/wp-content\/uploads\/2022\/05\/glazed-donuts-PB5CCQD-V2-768x768.jpg 768w, https:\/\/cormac.eu\/wp-content\/uploads\/2022\/05\/glazed-donuts-PB5CCQD-V2-600x600.jpg 600w, https:\/\/cormac.eu\/wp-content\/uploads\/2022\/05\/glazed-donuts-PB5CCQD-V2-100x100.jpg 100w\" sizes=\"(max-width: 133px) 100vw, 133px\" \/> \u00a0\u00a0<img decoding=\"async\" class=\"alignnone wp-image-3168\" src=\"https:\/\/cormac.eu\/wp-content\/uploads\/2022\/05\/chocolate-rice-cakes-PZY8PSN-V2-300x300.jpg\" alt=\"\" width=\"152\" height=\"152\" srcset=\"https:\/\/cormac.eu\/wp-content\/uploads\/2022\/05\/chocolate-rice-cakes-PZY8PSN-V2-300x300.jpg 300w, https:\/\/cormac.eu\/wp-content\/uploads\/2022\/05\/chocolate-rice-cakes-PZY8PSN-V2.jpg 1024w, https:\/\/cormac.eu\/wp-content\/uploads\/2022\/05\/chocolate-rice-cakes-PZY8PSN-V2-150x150.jpg 150w, https:\/\/cormac.eu\/wp-content\/uploads\/2022\/05\/chocolate-rice-cakes-PZY8PSN-V2-768x768.jpg 768w, https:\/\/cormac.eu\/wp-content\/uploads\/2022\/05\/chocolate-rice-cakes-PZY8PSN-V2-600x600.jpg 600w, https:\/\/cormac.eu\/wp-content\/uploads\/2022\/05\/chocolate-rice-cakes-PZY8PSN-V2-100x100.jpg 100w\" sizes=\"(max-width: 152px) 100vw, 152px\" \/><img loading=\"lazy\" decoding=\"async\" class=\"wp-image-3166\" src=\"https:\/\/cormac.eu\/wp-content\/uploads\/2022\/05\/chocolate-dessert-PURBMSE-V3-300x300.jpg\" alt=\"\" width=\"149\" height=\"149\" srcset=\"https:\/\/cormac.eu\/wp-content\/uploads\/2022\/05\/chocolate-dessert-PURBMSE-V3-300x300.jpg 300w, https:\/\/cormac.eu\/wp-content\/uploads\/2022\/05\/chocolate-dessert-PURBMSE-V3.jpg 1024w, https:\/\/cormac.eu\/wp-content\/uploads\/2022\/05\/chocolate-dessert-PURBMSE-V3-150x150.jpg 150w, https:\/\/cormac.eu\/wp-content\/uploads\/2022\/05\/chocolate-dessert-PURBMSE-V3-768x768.jpg 768w, https:\/\/cormac.eu\/wp-content\/uploads\/2022\/05\/chocolate-dessert-PURBMSE-V3-600x600.jpg 600w, https:\/\/cormac.eu\/wp-content\/uploads\/2022\/05\/chocolate-dessert-PURBMSE-V3-100x100.jpg 100w\" sizes=\"(max-width: 149px) 100vw, 149px\" \/><\/p>\n<table width=\"586\">\n<tbody>\n<tr>\n<td width=\"245\"><strong>Caratteristiche<\/strong><\/td>\n<td width=\"340\"><strong>Vantaggi<\/strong><\/td>\n<\/tr>\n<tr>\n<td>Tenda a doppio cioccolato<\/td>\n<td>\n<ul>\n<li>Rivestimento uniforme<\/li>\n<\/ul>\n<\/td>\n<\/tr>\n<tr>\n<td>Distribuzione uniforme dell'aria alog side enrober<\/td>\n<td>\n<ul>\n<li>Controllo della temperatura<\/li>\n<\/ul>\n<\/td>\n<\/tr>\n<tr>\n<td>Parti di contatto del prodotto a doppio rivestimento<\/td>\n<td>\n<ul>\n<li>Mantenimento della temperatura del cioccolato per una copertura uniforme<\/li>\n<\/ul>\n<\/td>\n<\/tr>\n<tr>\n<td>Controllori di temperatura PID<\/td>\n<td>\n<ul>\n<li>Caratteristiche di tenuta del cioccolato temperato<\/li>\n<\/ul>\n<\/td>\n<\/tr>\n<tr>\n<td>Struttura in acciaio inox<\/td>\n<td>\n<ul>\n<li>Igiene e facilit\u00e0 di pulizia<\/li>\n<\/ul>\n<\/td>\n<\/tr>\n<tr>\n<td>Tramoggia prodotto rimovibile<\/td>\n<td>\n<ul>\n<li>Cambio rapido del tipo di cioccolato, meno tempi morti<\/li>\n<\/ul>\n<\/td>\n<\/tr>\n<tr>\n<td>Set completo di maglie rimovibili<\/td>\n<td>\n<ul>\n<li>Rapido cambio di prodotto<\/li>\n<li>facile da pulire<\/li>\n<li>Meno tempo di inattivit\u00e0<\/li>\n<\/ul>\n<\/td>\n<\/tr>\n<tr>\n<td>Tubi per prodotti a connessione rapida<\/td>\n<td>\n<ul>\n<li>Facile pulizia e manutenzione<\/li>\n<\/ul>\n<\/td>\n<\/tr>\n<tr>\n<td>Design senza tetto<\/td>\n<td>\n<ul>\n<li>Accesso facile<\/li>\n<\/ul>\n<\/td>\n<\/tr>\n<tr>\n<td>Controllato da PLC<\/td>\n<td>\n<ul>\n<li>Controllo preciso dei parametri-ricettacolo<\/li>\n<li>Stoccaggio del livello di cioccolato<\/li>\n<\/ul>\n<\/td>\n<\/tr>\n<tr>\n<td>Vassoio vibrante, pneumatico<\/td>\n<td>\n<ul>\n<li>Effetto di rivestimento uniforme<\/li>\n<li>Frequenza controllata<\/li>\n<\/ul>\n<\/td>\n<\/tr>\n<tr>\n<td>Opzioni<\/td>\n<td>\n<ul>\n<li>Sistemi di filtrazione<\/li>\n<li>Serbatoi di miscelazione e fusione<\/li>\n<li>Sistemi di decorazione<\/li>\n<li>Sistemi di irrigazione a pioggia<\/li>\n<li>Macchine per la tempra<\/li>\n<li>Tavola di alimentazione<\/li>\n<li>Materiale alternativo per la cintura<\/li>\n<\/ul>\n<\/td>\n<\/tr>\n<\/tbody>\n<\/table>\n<div class=\"mceTemp\"><\/div>\n<div class=\"mceTemp\"><\/div>","protected":false},"excerpt":{"rendered":"<p>Macchina per la ricopertura di prodotti con cioccolato, composti o masse grasse<\/p>","protected":false},"featured_media":3167,"comment_status":"open","ping_status":"closed","template":"","meta":{"uix_meta_title":"","uix_meta_description":"","uix_canonical_url":""},"product_brand":[],"product_cat":[104],"product_tag":[205,211,210,209],"class_list":{"0":"post-3173","1":"product","2":"type-product","3":"status-publish","4":"has-post-thumbnail","6":"product_cat-processing","7":"product_tag-candy-bars","8":"product_tag-chocolate-coated-products","9":"product_tag-cookies","10":"product_tag-wafers","12":"first","13":"instock","14":"shipping-taxable","15":"product-type-simple"},"_links":{"self":[{"href":"https:\/\/cormac.eu\/it\/wp-json\/wp\/v2\/product\/3173","targetHints":{"allow":["GET"]}}],"collection":[{"href":"https:\/\/cormac.eu\/it\/wp-json\/wp\/v2\/product"}],"about":[{"href":"https:\/\/cormac.eu\/it\/wp-json\/wp\/v2\/types\/product"}],"replies":[{"embeddable":true,"href":"https:\/\/cormac.eu\/it\/wp-json\/wp\/v2\/comments?post=3173"}],"wp:featuredmedia":[{"embeddable":true,"href":"https:\/\/cormac.eu\/it\/wp-json\/wp\/v2\/media\/3167"}],"wp:attachment":[{"href":"https:\/\/cormac.eu\/it\/wp-json\/wp\/v2\/media?parent=3173"}],"wp:term":[{"taxonomy":"product_brand","embeddable":true,"href":"https:\/\/cormac.eu\/it\/wp-json\/wp\/v2\/product_brand?post=3173"},{"taxonomy":"product_cat","embeddable":true,"href":"https:\/\/cormac.eu\/it\/wp-json\/wp\/v2\/product_cat?post=3173"},{"taxonomy":"product_tag","embeddable":true,"href":"https:\/\/cormac.eu\/it\/wp-json\/wp\/v2\/product_tag?post=3173"}],"curies":[{"name":"wp","href":"https:\/\/api.w.org\/{rel}","templated":true}]}}