{"id":3160,"date":"2022-05-26T20:38:05","date_gmt":"2022-05-26T18:38:05","guid":{"rendered":"https:\/\/cormac.eu\/?post_type=product&#038;p=3160"},"modified":"2022-06-01T11:42:22","modified_gmt":"2022-06-01T09:42:22","slug":"temperimetro-intelligente","status":"publish","type":"product","link":"https:\/\/cormac.eu\/it\/product\/smart-tempermeter\/","title":{"rendered":"Temperimetro intelligente"},"content":{"rendered":"<p>Questo TEMPERMETRO ad alta tecnologia misura la cristallizzazione del cioccolato e calcola automaticamente le quattro caratteristiche del punto di inflessione: pendenza, temperatura, tempo e RSI (indice da 1 a 10). \u00c8 paragonabile alla maggior parte delle macchine presenti sul mercato per quanto riguarda la sonda di temperatura PT100, il tipo di tazze, il blocco freddo e il calcolo dell'indice. Il blocco freddo da tavolo garantisce un'elevata ripetibilit\u00e0 e la curva dell'indice \u00e8 direttamente visibile sullo schermo. Tracciabilit\u00e0, controllo della produzione, miglioramento continuo e controllo della qualit\u00e0 sono gli importanti vantaggi di questo temperametro.<\/p>\n<p><img decoding=\"async\" class=\"alignnone wp-image-3158\" src=\"https:\/\/cormac.eu\/wp-content\/uploads\/2022\/05\/tempered-chocolate-300x298.jpg\" alt=\"\" width=\"149\" height=\"148\" srcset=\"https:\/\/cormac.eu\/wp-content\/uploads\/2022\/05\/tempered-chocolate-300x300.jpg 300w, https:\/\/cormac.eu\/wp-content\/uploads\/2022\/05\/tempered-chocolate-150x150.jpg 150w, https:\/\/cormac.eu\/wp-content\/uploads\/2022\/05\/tempered-chocolate-100x100.jpg 100w, https:\/\/cormac.eu\/wp-content\/uploads\/2022\/05\/tempered-chocolate.jpg 498w\" sizes=\"(max-width: 149px) 100vw, 149px\" \/>\u00a0 <img decoding=\"async\" class=\"alignnone wp-image-3156\" src=\"https:\/\/cormac.eu\/wp-content\/uploads\/2022\/05\/cups-300x206.jpg\" alt=\"\" width=\"213\" height=\"146\" srcset=\"https:\/\/cormac.eu\/wp-content\/uploads\/2022\/05\/cups-300x206.jpg 300w, https:\/\/cormac.eu\/wp-content\/uploads\/2022\/05\/cups.jpg 392w\" sizes=\"(max-width: 213px) 100vw, 213px\" \/><\/p>\n<p>&nbsp;<\/p>\n<table>\n<tbody>\n<tr>\n<td width=\"295\">\u00a0<strong>Caratteristiche<\/strong><\/td>\n<td width=\"266\">\u00a0<strong>Vantaggi<\/strong><\/td>\n<\/tr>\n<tr>\n<td><\/td>\n<td><\/td>\n<\/tr>\n<tr>\n<td>Blocco freddo da tavola<\/td>\n<td>\n<ul>\n<li>Misura accurata<\/li>\n<li>Elevata ripetibilit\u00e0<\/li>\n<\/ul>\n<\/td>\n<\/tr>\n<tr>\n<td>Sonda di temperatura preriscaldata<\/td>\n<td>\n<ul>\n<li>Misurazione in base alla temperatura del cioccolato<\/li>\n<\/ul>\n<\/td>\n<\/tr>\n<tr>\n<td>Schermo LCD a colori con stampante incorporata<\/td>\n<td>\n<ul>\n<li>Curva immediatamente visibile<\/li>\n<li>Stampa immediata della curva<\/li>\n<li>Specifiche su un biglietto<\/li>\n<\/ul>\n<\/td>\n<\/tr>\n<tr>\n<td>Utilizzo di tazze in alluminio<\/td>\n<td>\n<ul>\n<li>Migliori prestazioni termiche<\/li>\n<\/ul>\n<\/td>\n<\/tr>\n<tr>\n<td>Compatto<\/td>\n<td>\n<ul>\n<li>Solo 5,5 KG<\/li>\n<li>Una connessione<\/li>\n<li>Facilmente trasportabile<\/li>\n<\/ul>\n<\/td>\n<\/tr>\n<\/tbody>\n<\/table>","protected":false},"excerpt":{"rendered":"<p>Temperametro compatto ed efficiente per misurare la cristallizzazione del cioccolato .<\/p>","protected":false},"featured_media":3157,"comment_status":"open","ping_status":"closed","template":"","meta":{"uix_meta_title":"","uix_meta_description":"","uix_canonical_url":""},"product_brand":[],"product_cat":[107,135,104],"product_tag":[208,212],"class_list":{"0":"post-3160","1":"product","2":"type-product","3":"status-publish","4":"has-post-thumbnail","6":"product_cat-artisanal","7":"product_cat-laboratory","8":"product_cat-processing","9":"product_tag-chocolates","10":"product_tag-tempermeter","12":"first","13":"instock","14":"shipping-taxable","15":"product-type-simple"},"_links":{"self":[{"href":"https:\/\/cormac.eu\/it\/wp-json\/wp\/v2\/product\/3160","targetHints":{"allow":["GET"]}}],"collection":[{"href":"https:\/\/cormac.eu\/it\/wp-json\/wp\/v2\/product"}],"about":[{"href":"https:\/\/cormac.eu\/it\/wp-json\/wp\/v2\/types\/product"}],"replies":[{"embeddable":true,"href":"https:\/\/cormac.eu\/it\/wp-json\/wp\/v2\/comments?post=3160"}],"wp:featuredmedia":[{"embeddable":true,"href":"https:\/\/cormac.eu\/it\/wp-json\/wp\/v2\/media\/3157"}],"wp:attachment":[{"href":"https:\/\/cormac.eu\/it\/wp-json\/wp\/v2\/media?parent=3160"}],"wp:term":[{"taxonomy":"product_brand","embeddable":true,"href":"https:\/\/cormac.eu\/it\/wp-json\/wp\/v2\/product_brand?post=3160"},{"taxonomy":"product_cat","embeddable":true,"href":"https:\/\/cormac.eu\/it\/wp-json\/wp\/v2\/product_cat?post=3160"},{"taxonomy":"product_tag","embeddable":true,"href":"https:\/\/cormac.eu\/it\/wp-json\/wp\/v2\/product_tag?post=3160"}],"curies":[{"name":"wp","href":"https:\/\/api.w.org\/{rel}","templated":true}]}}