{"id":2922,"date":"2022-04-24T19:56:31","date_gmt":"2022-04-24T17:56:31","guid":{"rendered":"https:\/\/cormac.eu\/?post_type=product&#038;p=2922"},"modified":"2022-06-01T12:08:38","modified_gmt":"2022-06-01T10:08:38","slug":"depositante-di-cioccolato-kcm-eta-theta","status":"publish","type":"product","link":"https:\/\/cormac.eu\/it\/product\/chocolate-depositor-kcm-eta-theta\/","title":{"rendered":"Depositante di cioccolato KCM Eta\/Theta"},"content":{"rendered":"<p>Il modello Eta\/Theta a due file \u00e8 un depositatore di cioccolato industriale con design a sbalzo, adatto alla produzione di articoli di cioccolato solido e prodotti one shot. Pu\u00f2 essere utilizzato anche per il deposito di decorazioni. Il design di questa macchina consente di inserirla facilmente in linee di formatura del cioccolato esistenti, anche se di produzione esterna. Grazie all'esclusivo sistema di valvole di rotazione Knobel, \u00e8 possibile ottenere un'impressionante precisione di deposito. Tutte le macchine KCM Eta\/Theta possono essere dotate di tre assi (CAD), il che significa che la testa di deposito pu\u00f2 muoversi tridimensionalmente.  Se si sceglie la funzione opzionale di deposito delle noci, il cioccolatiere pu\u00f2 dosare noci intere e altri ingredienti. Rispetto al modello ETA, in cui l'asse X (orizzontale) pu\u00f2 raggiungere un massimo di 300 mm, la THETA pu\u00f2 raggiungere i 500 mm sull'asse X. \u00c8 la macchina pi\u00f9 grande dell'assortimento di dosatori Knobel ed \u00e8 particolarmente adatta per l'uso in linee di formatura pi\u00f9 grandi e nastri forno di larghezza fino a 1500 mm.<\/p>\n<p><img decoding=\"async\" class=\"alignnone wp-image-2929\" src=\"https:\/\/cormac.eu\/wp-content\/uploads\/2022\/04\/Chocolate-tablet-with-nuts-300x267.png\" alt=\"\" width=\"170\" height=\"151\" srcset=\"https:\/\/cormac.eu\/wp-content\/uploads\/2022\/04\/Chocolate-tablet-with-nuts-300x267.png 300w, https:\/\/cormac.eu\/wp-content\/uploads\/2022\/04\/Chocolate-tablet-with-nuts.png 600w\" sizes=\"(max-width: 170px) 100vw, 170px\" \/> <img decoding=\"async\" class=\"alignnone wp-image-2928\" src=\"https:\/\/cormac.eu\/wp-content\/uploads\/2022\/04\/Knobel-KCM-Cad-decoration-3.jpg\" alt=\"\" width=\"199\" height=\"133\" \/> <img decoding=\"async\" class=\"alignnone wp-image-2927\" src=\"https:\/\/cormac.eu\/wp-content\/uploads\/2022\/04\/Knobel-KCM-Cad-decoration-2.jpg\" alt=\"\" width=\"127\" height=\"124\" \/>\u00a0 \u00a0\u00a0 <img loading=\"lazy\" decoding=\"async\" class=\"alignnone wp-image-2925\" src=\"https:\/\/cormac.eu\/wp-content\/uploads\/2022\/04\/Knobel-one-shot-app-1.jpg\" alt=\"\" width=\"123\" height=\"115\" \/><\/p>\n<p>&nbsp;<\/p>\n<table style=\"height: 520px\" width=\"676\">\n<tbody>\n<tr>\n<td width=\"226\">\u00a0<strong>Caratteristiche<\/strong><\/td>\n<td width=\"227\">\u00a0<strong>Vantaggi<\/strong><\/td>\n<\/tr>\n<tr>\n<td>Azionamento del servomotore<\/td>\n<td>\n<ul>\n<li>accurata<\/li>\n<li>veloce<\/li>\n<li>affidabile<\/li>\n<\/ul>\n<\/td>\n<\/tr>\n<tr>\n<td>\u00a0Progettato per l'integrazione in linea<\/td>\n<td>\n<ul>\n<li>adatto per il retrofit<\/li>\n<li>parte dei sistemi modulari Knobel<\/li>\n<li>consente di utilizzare le attrezzature di produzione esistenti<\/li>\n<\/ul>\n<\/td>\n<\/tr>\n<tr>\n<td>\u00a0Sistema brevettato di pistoni rotanti<\/td>\n<td>\n<ul>\n<li>facile da pulire<\/li>\n<li>cambio rapido<\/li>\n<li>superba precisione di deposito<\/li>\n<li>inclusioni possibili<\/li>\n<\/ul>\n<\/td>\n<\/tr>\n<tr>\n<td>Costruito per un raggio d'azione vario<\/td>\n<td>\n<ul>\n<li>Possibilit\u00e0 di vestirsi liberamente<\/li>\n<li>Produzione di prodotti stratificati<\/li>\n<\/ul>\n<\/td>\n<\/tr>\n<\/tbody>\n<\/table>\n<p>&nbsp;<\/p>","protected":false},"excerpt":{"rendered":"<p>Il depositatore di cioccolato industriale con design a sbalzo pu\u00f2 essere facilmente installato su linee di formatura esistenti ed \u00e8 adatto alla produzione di articoli di cioccolato solido, prodotti one shot e lavori di decorazione.<\/p>","protected":false},"featured_media":2924,"comment_status":"open","ping_status":"closed","template":"","meta":{"uix_meta_title":"","uix_meta_description":"","uix_canonical_url":""},"product_brand":[],"product_cat":[104],"product_tag":[216,206,208,207],"class_list":{"0":"post-2922","1":"product","2":"type-product","3":"status-publish","4":"has-post-thumbnail","6":"product_cat-processing","7":"product_tag-chocolate-lollies","8":"product_tag-chocolate-tablets","9":"product_tag-chocolates","10":"product_tag-pralines","12":"first","13":"instock","14":"shipping-taxable","15":"product-type-simple"},"_links":{"self":[{"href":"https:\/\/cormac.eu\/it\/wp-json\/wp\/v2\/product\/2922","targetHints":{"allow":["GET"]}}],"collection":[{"href":"https:\/\/cormac.eu\/it\/wp-json\/wp\/v2\/product"}],"about":[{"href":"https:\/\/cormac.eu\/it\/wp-json\/wp\/v2\/types\/product"}],"replies":[{"embeddable":true,"href":"https:\/\/cormac.eu\/it\/wp-json\/wp\/v2\/comments?post=2922"}],"wp:featuredmedia":[{"embeddable":true,"href":"https:\/\/cormac.eu\/it\/wp-json\/wp\/v2\/media\/2924"}],"wp:attachment":[{"href":"https:\/\/cormac.eu\/it\/wp-json\/wp\/v2\/media?parent=2922"}],"wp:term":[{"taxonomy":"product_brand","embeddable":true,"href":"https:\/\/cormac.eu\/it\/wp-json\/wp\/v2\/product_brand?post=2922"},{"taxonomy":"product_cat","embeddable":true,"href":"https:\/\/cormac.eu\/it\/wp-json\/wp\/v2\/product_cat?post=2922"},{"taxonomy":"product_tag","embeddable":true,"href":"https:\/\/cormac.eu\/it\/wp-json\/wp\/v2\/product_tag?post=2922"}],"curies":[{"name":"wp","href":"https:\/\/api.w.org\/{rel}","templated":true}]}}