{"id":2915,"date":"2022-04-24T14:28:14","date_gmt":"2022-04-24T12:28:14","guid":{"rendered":"https:\/\/cormac.eu\/?post_type=product&#038;p=2915"},"modified":"2022-06-01T12:24:06","modified_gmt":"2022-06-01T10:24:06","slug":"depositante-di-cioccolato-kcm-beta-2","status":"publish","type":"product","link":"https:\/\/cormac.eu\/it\/product\/chocolate-depositer-kcm-beta\/","title":{"rendered":"Depositario di cioccolato KCM Beta"},"content":{"rendered":"<p>Grazie al suo design a sbalzo, il modello Beta a una fila viene spesso utilizzato come depositatore retrofit in linee di stampaggio del cioccolato industriali esistenti.  \u00c8 stato progettato appositamente per essere posizionato sopra i nastri di trasporto esistenti o per essere integrato in linee di produzione di terzi. Ci\u00f2 offre al cliente un'opzione interessante per sostituire facilmente i depositatori usurati. Questa macchina \u00e8 adatta per il deposito di prodotti solidi e per applicazioni di decorazione. Il vantaggio rispetto ai modelli a due file come Eta \/ Theta \u00e8 il design sottile del corpo, grazie al quale la macchina Beta pu\u00f2 essere installata in luoghi con spazio limitato. I modelli Beta sono dotati della pi\u00f9 recente tecnologia di servoassistenza e il design a sbalzo consente una facile movimentazione, pulizia e un rapido passaggio ad altri prodotti. Grazie all'esclusivo sistema di pistoni rotanti, \u00e8 possibile ottenere un volume molto preciso.<\/p>\n<p><img fetchpriority=\"high\" decoding=\"async\" class=\"alignnone size-medium wp-image-2920\" src=\"https:\/\/cormac.eu\/wp-content\/uploads\/2022\/04\/Knobel-Piston-system-pic_800031-300x200.jpg\" alt=\"\" width=\"300\" height=\"200\" srcset=\"https:\/\/cormac.eu\/wp-content\/uploads\/2022\/04\/Knobel-Piston-system-pic_800031-300x200.jpg 300w, https:\/\/cormac.eu\/wp-content\/uploads\/2022\/04\/Knobel-Piston-system-pic_800031.jpg 540w\" sizes=\"(max-width: 300px) 100vw, 300px\" \/><\/p>\n<p>Con l'opzione Nut-execution, il Beta pu\u00f2 essere utilizzato anche per il deposito di noci intere e altre inclusioni. Le noci, l'uvetta, il riso, la frutta secca o altre inclusioni vengono introdotte nella tramoggia KCM nella miscela desiderata. Il sistema di agitazione orizzontale programmabile all'interno della tramoggia assicura che gli ingredienti siano ben distribuiti nella miscela. \u00c8 possibile miscelare contemporaneamente diverse inclusioni.<\/p>\n<div data-row=\"1\">\n<div>\n<p>\u00a0 <img decoding=\"async\" class=\"alignnone wp-image-2921\" src=\"https:\/\/cormac.eu\/wp-content\/uploads\/2022\/04\/chocolate-with-nuts-pic_809973-300x225.jpg\" alt=\"\" width=\"263\" height=\"197\" srcset=\"https:\/\/cormac.eu\/wp-content\/uploads\/2022\/04\/chocolate-with-nuts-pic_809973-300x225.jpg 300w, https:\/\/cormac.eu\/wp-content\/uploads\/2022\/04\/chocolate-with-nuts-pic_809973.jpg 540w\" sizes=\"(max-width: 263px) 100vw, 263px\" \/> <img decoding=\"async\" class=\"alignnone wp-image-2917\" src=\"https:\/\/cormac.eu\/wp-content\/uploads\/2022\/04\/Bij-KCM-beta-pic_800033-300x200.png\" alt=\"\" width=\"327\" height=\"218\" srcset=\"https:\/\/cormac.eu\/wp-content\/uploads\/2022\/04\/Bij-KCM-beta-pic_800033-300x200.png 300w, https:\/\/cormac.eu\/wp-content\/uploads\/2022\/04\/Bij-KCM-beta-pic_800033.png 540w\" sizes=\"(max-width: 327px) 100vw, 327px\" \/><\/p>\n<\/div>\n<p>&nbsp;<\/p>\n<p>Tutti i modelli Beta possono essere dotati di movimento a 3 assi (CAD), che consente di spostare la testa di deposito in tutte le direzioni.<\/p>\n<\/div>\n<table style=\"height: 544px\" width=\"792\">\n<tbody>\n<tr>\n<td width=\"226\">\u00a0<strong>Caratteristiche<\/strong><\/td>\n<td width=\"227\">\u00a0<strong>Vantaggi<\/strong><\/td>\n<\/tr>\n<tr>\n<td>Completamente elettrificato<\/td>\n<td>\n<ul>\n<li>accurata<\/li>\n<li>veloce<\/li>\n<li>affidabile<\/li>\n<\/ul>\n<\/td>\n<\/tr>\n<tr>\n<td>\u00a0Progettato per l'integrazione in linea<\/td>\n<td>\n<ul>\n<li>adatto per il retrofit<\/li>\n<li>parte dei sistemi modulari Knobel<\/li>\n<li>consente di utilizzare le attrezzature di produzione esistenti<\/li>\n<\/ul>\n<\/td>\n<\/tr>\n<tr>\n<td>\u00a0Sistema brevettato di pistoni rotanti<\/td>\n<td>\n<ul>\n<li>facile da pulire<\/li>\n<li>cambio rapido<\/li>\n<li>superba precisione di deposito<\/li>\n<\/ul>\n<\/td>\n<\/tr>\n<tr>\n<td>Costruito per un raggio d'azione vario<\/td>\n<td>\n<ul>\n<li>Possibilit\u00e0 di vestirsi liberamente<\/li>\n<li>Produzione di prodotti stratificati<\/li>\n<\/ul>\n<\/td>\n<\/tr>\n<\/tbody>\n<\/table>\n<div data-row=\"1\">\n<p>&nbsp;<\/p>\n<\/div>","protected":false},"excerpt":{"rendered":"<p>Depositatore industriale di cioccolato con movimento a 3 assi per la produzione di prodotti solidi e solidi con ingredienti. Questo depositatore \u00e8 particolarmente adatto per essere adattato a linee gi\u00e0 esistenti, anche di produttori terzi.<\/p>","protected":false},"featured_media":2916,"comment_status":"open","ping_status":"closed","template":"","meta":{"uix_meta_title":"","uix_meta_description":"","uix_canonical_url":""},"product_brand":[],"product_cat":[104],"product_tag":[206,217,208,218],"class_list":{"0":"post-2915","1":"product","2":"type-product","3":"status-publish","4":"has-post-thumbnail","6":"product_cat-processing","7":"product_tag-chocolate-tablets","8":"product_tag-chocolate-tablets-with-whole-nuts","9":"product_tag-chocolates","10":"product_tag-chocolates-with-inclusions","12":"first","13":"instock","14":"shipping-taxable","15":"product-type-simple"},"_links":{"self":[{"href":"https:\/\/cormac.eu\/it\/wp-json\/wp\/v2\/product\/2915","targetHints":{"allow":["GET"]}}],"collection":[{"href":"https:\/\/cormac.eu\/it\/wp-json\/wp\/v2\/product"}],"about":[{"href":"https:\/\/cormac.eu\/it\/wp-json\/wp\/v2\/types\/product"}],"replies":[{"embeddable":true,"href":"https:\/\/cormac.eu\/it\/wp-json\/wp\/v2\/comments?post=2915"}],"wp:featuredmedia":[{"embeddable":true,"href":"https:\/\/cormac.eu\/it\/wp-json\/wp\/v2\/media\/2916"}],"wp:attachment":[{"href":"https:\/\/cormac.eu\/it\/wp-json\/wp\/v2\/media?parent=2915"}],"wp:term":[{"taxonomy":"product_brand","embeddable":true,"href":"https:\/\/cormac.eu\/it\/wp-json\/wp\/v2\/product_brand?post=2915"},{"taxonomy":"product_cat","embeddable":true,"href":"https:\/\/cormac.eu\/it\/wp-json\/wp\/v2\/product_cat?post=2915"},{"taxonomy":"product_tag","embeddable":true,"href":"https:\/\/cormac.eu\/it\/wp-json\/wp\/v2\/product_tag?post=2915"}],"curies":[{"name":"wp","href":"https:\/\/api.w.org\/{rel}","templated":true}]}}