{"id":2908,"date":"2022-04-24T13:38:47","date_gmt":"2022-04-24T11:38:47","guid":{"rendered":"https:\/\/cormac.eu\/?post_type=product&#038;p=2908"},"modified":"2022-05-30T16:22:12","modified_gmt":"2022-05-30T14:22:12","slug":"depositatore-di-cioccolato-kcm-alpha-compact","status":"publish","type":"product","link":"https:\/\/cormac.eu\/it\/product\/chocolate-depositor-kcm-alpha-compact\/","title":{"rendered":"Depositante di cioccolato KCM Alpha Compact"},"content":{"rendered":"<p>Le formatrici di cioccolato della serie KCM di Knobel sono lo strumento perfetto per la produzione artigianale. La macchina \u00e8 disponibile in diverse versioni, come le KCM 9, 12, 9\/18 e 12\/24. Tutte queste macchine utilizzano le stesse canne cilindri standard da 35 mm con pistoni da 6, 8, 10, 17, 25 e 30 mm, oltre alla KCM 24\/48, che utilizza un pistone da 18 mm. La lunghezza della corsa \u00e8 di 52 mm. L'asse Z \u00e8 di 100 mm. Tutti i sistemi Knobel consentono un facile utilizzo, una facile pulizia e una rapida sostituzione. Non \u00e8 necessario estrarre l'albero n\u00e9 sostituire le teste, ma \u00e8 sufficiente estrarre un blocco di pistoni dopo l'altro.<\/p>\n<p>&nbsp;<\/p>\n<table style=\"height: 284px;\" width=\"613\">\n<tbody>\n<tr>\n<td width=\"159\">\u00a0<strong>Caratteristiche<\/strong><\/td>\n<td width=\"159\">\u00a0<strong>Vantaggi<\/strong><\/td>\n<\/tr>\n<tr>\n<td>\u00a0Elettrico Servoassistito<\/td>\n<td>\n<ul>\n<li>perfetto controllo del movimento<\/li>\n<li>accurata<\/li>\n<\/ul>\n<\/td>\n<\/tr>\n<tr>\n<td>\u00a0Design a sbalzo<\/td>\n<td>\n<ul>\n<li>Maneggevolezza<\/li>\n<li>Facile da pulire<\/li>\n<li>Accesso facile<\/li>\n<\/ul>\n<\/td>\n<\/tr>\n<\/tbody>\n<\/table>","protected":false},"excerpt":{"rendered":"<p>Depositatore di colato perfetto per la produzione su piccola e media scala di praline solide o ripiene.<\/p>","protected":false},"featured_media":2912,"comment_status":"open","ping_status":"closed","template":"","meta":{"uix_meta_title":"","uix_meta_description":"","uix_canonical_url":""},"product_brand":[],"product_cat":[104],"product_tag":[],"class_list":{"0":"post-2908","1":"product","2":"type-product","3":"status-publish","4":"has-post-thumbnail","6":"product_cat-processing","8":"first","9":"instock","10":"shipping-taxable","11":"product-type-simple"},"_links":{"self":[{"href":"https:\/\/cormac.eu\/it\/wp-json\/wp\/v2\/product\/2908","targetHints":{"allow":["GET"]}}],"collection":[{"href":"https:\/\/cormac.eu\/it\/wp-json\/wp\/v2\/product"}],"about":[{"href":"https:\/\/cormac.eu\/it\/wp-json\/wp\/v2\/types\/product"}],"replies":[{"embeddable":true,"href":"https:\/\/cormac.eu\/it\/wp-json\/wp\/v2\/comments?post=2908"}],"wp:featuredmedia":[{"embeddable":true,"href":"https:\/\/cormac.eu\/it\/wp-json\/wp\/v2\/media\/2912"}],"wp:attachment":[{"href":"https:\/\/cormac.eu\/it\/wp-json\/wp\/v2\/media?parent=2908"}],"wp:term":[{"taxonomy":"product_brand","embeddable":true,"href":"https:\/\/cormac.eu\/it\/wp-json\/wp\/v2\/product_brand?post=2908"},{"taxonomy":"product_cat","embeddable":true,"href":"https:\/\/cormac.eu\/it\/wp-json\/wp\/v2\/product_cat?post=2908"},{"taxonomy":"product_tag","embeddable":true,"href":"https:\/\/cormac.eu\/it\/wp-json\/wp\/v2\/product_tag?post=2908"}],"curies":[{"name":"wp","href":"https:\/\/api.w.org\/{rel}","templated":true}]}}