{"id":2897,"date":"2022-04-24T12:40:29","date_gmt":"2022-04-24T10:40:29","guid":{"rendered":"https:\/\/cormac.eu\/?post_type=product&#038;p=2897"},"modified":"2022-04-24T12:40:29","modified_gmt":"2022-04-24T10:40:29","slug":"macchina-di-rivestimento-da-laboratorio-estesa","status":"publish","type":"product","link":"https:\/\/cormac.eu\/it\/product\/extended-laboratory-coating-machine\/","title":{"rendered":"Macchina di rivestimento da laboratorio estesa"},"content":{"rendered":"<p>La spalmatrice ADG \u00e8 una macchina da laboratorio dotata di un dispositivo di riscaldamento e\/o raffreddamento dell'aria di processo. L'intero sistema di condizionamento dell'aria \u00e8 racchiuso in un'unit\u00e0 di base su cui \u00e8 fissata la vasca di rivestimento del laboratorio. Il pannello di controllo \u00e8 installato vicino alla macchina di spalmatura, in modo che il pannello di controllo e la macchina siano un'unica unit\u00e0 di facile utilizzo. Come la spalmatrice ADO, tutte le vaschette hanno lo stesso attacco flangiato. Sono quindi facilmente intercambiabili. L'angolo della vasca \u00e8 compreso tra 0\u00b0 e 50\u00b0 rispetto alla linea orizzontale e pu\u00f2 essere modificato mediante una leva azionata manualmente. Pertanto, l'angolo della vasca pu\u00f2 essere adattato a diversi prodotti.<\/p>\n<p>&nbsp;<\/p>\n<table style=\"height: 356px\" width=\"633\">\n<tbody>\n<tr>\n<td width=\"171\">\u00a0<strong>Caratteristiche<\/strong><\/td>\n<td width=\"171\">\u00a0<strong>Vantaggi<\/strong><\/td>\n<\/tr>\n<tr>\n<td>Acciaio inox 1.4301<\/td>\n<td>\n<ul>\n<li>Esecuzione igienica<\/li>\n<\/ul>\n<\/td>\n<\/tr>\n<tr>\n<td>\u00a0Azionamento a controllo di frequenza<\/td>\n<td>\n<ul>\n<li>controllo della velocit\u00e0<\/li>\n<\/ul>\n<\/td>\n<\/tr>\n<tr>\n<td>\u00a0Indicatore digitale di velocit\u00e0<\/td>\n<td>\n<ul>\n<li>controllo del processo<\/li>\n<\/ul>\n<\/td>\n<\/tr>\n<tr>\n<td>controllo delle ricette su richiesta<\/td>\n<td>\n<ul>\n<li>attivit\u00e0 di laboratorio diversificate<\/li>\n<\/ul>\n<\/td>\n<\/tr>\n<\/tbody>\n<\/table>","protected":false},"excerpt":{"rendered":"<p>Vasca di rivestimento da laboratorio, completamente attrezzata con dispositivo di riscaldamento e\/o raffreddamento dell'aria di processo.<\/p>","protected":false},"featured_media":2896,"comment_status":"open","ping_status":"closed","template":"","meta":{"uix_meta_title":"","uix_meta_description":"","uix_canonical_url":""},"product_brand":[],"product_cat":[107,135,104],"product_tag":[],"class_list":{"0":"post-2897","1":"product","2":"type-product","3":"status-publish","4":"has-post-thumbnail","6":"product_cat-artisanal","7":"product_cat-laboratory","8":"product_cat-processing","10":"first","11":"instock","12":"shipping-taxable","13":"product-type-simple"},"_links":{"self":[{"href":"https:\/\/cormac.eu\/it\/wp-json\/wp\/v2\/product\/2897","targetHints":{"allow":["GET"]}}],"collection":[{"href":"https:\/\/cormac.eu\/it\/wp-json\/wp\/v2\/product"}],"about":[{"href":"https:\/\/cormac.eu\/it\/wp-json\/wp\/v2\/types\/product"}],"replies":[{"embeddable":true,"href":"https:\/\/cormac.eu\/it\/wp-json\/wp\/v2\/comments?post=2897"}],"wp:featuredmedia":[{"embeddable":true,"href":"https:\/\/cormac.eu\/it\/wp-json\/wp\/v2\/media\/2896"}],"wp:attachment":[{"href":"https:\/\/cormac.eu\/it\/wp-json\/wp\/v2\/media?parent=2897"}],"wp:term":[{"taxonomy":"product_brand","embeddable":true,"href":"https:\/\/cormac.eu\/it\/wp-json\/wp\/v2\/product_brand?post=2897"},{"taxonomy":"product_cat","embeddable":true,"href":"https:\/\/cormac.eu\/it\/wp-json\/wp\/v2\/product_cat?post=2897"},{"taxonomy":"product_tag","embeddable":true,"href":"https:\/\/cormac.eu\/it\/wp-json\/wp\/v2\/product_tag?post=2897"}],"curies":[{"name":"wp","href":"https:\/\/api.w.org\/{rel}","templated":true}]}}