{"id":2895,"date":"2022-04-24T12:37:20","date_gmt":"2022-04-24T10:37:20","guid":{"rendered":"https:\/\/cormac.eu\/?post_type=product&#038;p=2895"},"modified":"2022-04-24T12:37:20","modified_gmt":"2022-04-24T10:37:20","slug":"tegame-da-laboratorio-per-la-copertura-dello-zucchero","status":"publish","type":"product","link":"https:\/\/cormac.eu\/it\/product\/laboratory-sugar-coating-pan\/","title":{"rendered":"Padella da laboratorio per la copertura dello zucchero"},"content":{"rendered":"<p>La macchina di verniciatura tipo ADO \u00e8 una macchina pi\u00f9 piccola adatta al laboratorio. L'angolo di inclinazione \u00e8 compreso tra 0\u00b0 e 50\u00b0 rispetto alla linea orizzontale e pu\u00f2 essere modificato mediante una leva azionata manualmente. Pertanto, l'angolo del piatto pu\u00f2 essere adattato a diversi prodotti. Il retro del piatto, gli alberi, i cuscinetti, ecc. sono rivestiti con vernice bicomponente. Su richiesta, il retro della vasca e gli alberi possono essere realizzati in acciaio inox. \u00c8 possibile la fornitura di macchinari per il rivestimento controllati da ricetta.<\/p>\n<p>&nbsp;<\/p>\n<table style=\"height: 350px\" width=\"620\">\n<tbody>\n<tr>\n<td width=\"153\">\u00a0<strong>Caratteristiche<\/strong><\/td>\n<td width=\"153\">\u00a0<strong>Vantaggi<\/strong><\/td>\n<\/tr>\n<tr>\n<td>Esecuzione in acciaio inox<\/td>\n<td>\n<ul>\n<li>Igenico<\/li>\n<\/ul>\n<\/td>\n<\/tr>\n<tr>\n<td>Costruzione robusta<\/td>\n<td>\n<ul>\n<li>Durevole<\/li>\n<\/ul>\n<\/td>\n<\/tr>\n<tr>\n<td>Azionamento a controllo di frequenza<\/td>\n<td>\n<ul>\n<li>controllo della velocit\u00e0<\/li>\n<\/ul>\n<\/td>\n<\/tr>\n<tr>\n<td>Indicatore digitale di velocit\u00e0<\/td>\n<td>\n<ul>\n<li>controllo del processo<\/li>\n<\/ul>\n<\/td>\n<\/tr>\n<\/tbody>\n<\/table>","protected":false},"excerpt":{"rendered":"<p>Padella per zuccheraggio per laboratorio e scala artigianale.<\/p>","protected":false},"featured_media":2894,"comment_status":"open","ping_status":"closed","template":"","meta":{"uix_meta_title":"","uix_meta_description":"","uix_canonical_url":""},"product_brand":[],"product_cat":[107,135,104],"product_tag":[],"class_list":{"0":"post-2895","1":"product","2":"type-product","3":"status-publish","4":"has-post-thumbnail","6":"product_cat-artisanal","7":"product_cat-laboratory","8":"product_cat-processing","10":"first","11":"instock","12":"shipping-taxable","13":"product-type-simple"},"_links":{"self":[{"href":"https:\/\/cormac.eu\/it\/wp-json\/wp\/v2\/product\/2895","targetHints":{"allow":["GET"]}}],"collection":[{"href":"https:\/\/cormac.eu\/it\/wp-json\/wp\/v2\/product"}],"about":[{"href":"https:\/\/cormac.eu\/it\/wp-json\/wp\/v2\/types\/product"}],"replies":[{"embeddable":true,"href":"https:\/\/cormac.eu\/it\/wp-json\/wp\/v2\/comments?post=2895"}],"wp:featuredmedia":[{"embeddable":true,"href":"https:\/\/cormac.eu\/it\/wp-json\/wp\/v2\/media\/2894"}],"wp:attachment":[{"href":"https:\/\/cormac.eu\/it\/wp-json\/wp\/v2\/media?parent=2895"}],"wp:term":[{"taxonomy":"product_brand","embeddable":true,"href":"https:\/\/cormac.eu\/it\/wp-json\/wp\/v2\/product_brand?post=2895"},{"taxonomy":"product_cat","embeddable":true,"href":"https:\/\/cormac.eu\/it\/wp-json\/wp\/v2\/product_cat?post=2895"},{"taxonomy":"product_tag","embeddable":true,"href":"https:\/\/cormac.eu\/it\/wp-json\/wp\/v2\/product_tag?post=2895"}],"curies":[{"name":"wp","href":"https:\/\/api.w.org\/{rel}","templated":true}]}}