{"id":2883,"date":"2022-04-24T12:12:35","date_gmt":"2022-04-24T10:12:35","guid":{"rendered":"https:\/\/cormac.eu\/?post_type=product&#038;p=2883"},"modified":"2022-04-24T12:12:46","modified_gmt":"2022-04-24T10:12:46","slug":"rivestimento-padella-kc","status":"publish","type":"product","link":"https:\/\/cormac.eu\/it\/product\/coating-pan-kc\/","title":{"rendered":"Vaschetta di rivestimento KC"},"content":{"rendered":"<p>La torre di verniciatura KC \u00e8 montata in un alloggiamento ed \u00e8 interamente perforata. L'aria viene condotta direttamente attraverso il letto del prodotto grazie a un raccordo d'aria sigillato alla vasca. Per la direzione del flusso d'aria di essiccazione sono possibili sia la co-corrente che il flusso inverso. L'intera vasca pu\u00f2 essere ruotata di 180\u00b0, in modo che il riempimento e lo svuotamento possano essere facilmente automatizzati, ad esempio con nastri trasportatori. Durante il processo di rivestimento, la vasca pu\u00f2 essere orientata in modo continuo o discontinuo per una migliore miscelazione del lotto. Non sono necessari ulteriori deflettori. Poich\u00e9 l'aria di essiccazione viene condotta direttamente attraverso il lotto, l'essiccazione del prodotto \u00e8 ottimizzata. I tempi di essiccazione e quindi di produzione si riducono drasticamente. L'aria viene condizionata in un sistema di condizionamento dell'aria (LAA) che comprende i filtri necessari, i ventilatori e un riscaldatore. In base alle esigenze dei nostri clienti, \u00e8 possibile integrare un dispositivo di raffreddamento o deumidificazione. Il Pan Coater KC \u00e8 utilizzato principalmente nell'industria dolciaria e farmaceutica. Pu\u00f2 essere utilizzata anche nell'industria chimica, ad esempio per rivestire i catalizzatori. Anche i granuli, come il t\u00e8, possono essere essiccati con questa pannellatrice. Produzione o laboratorio: le sue applicazioni versatili non conoscono limiti. Capacit\u00e0 da 7 a 700 litri.<\/p>\n<p>&nbsp;<\/p>\n<table style=\"height: 442px\" width=\"661\">\n<tbody>\n<tr>\n<td width=\"169\">\u00a0<strong>Caratteristiche<\/strong><\/td>\n<td width=\"169\">\u00a0<strong>Vantaggi<\/strong><\/td>\n<\/tr>\n<tr>\n<td>Alloggiamento perforato<\/td>\n<td>\n<ul>\n<li>asciugatura ottimale<\/li>\n<li>controllo del processo<\/li>\n<\/ul>\n<\/td>\n<\/tr>\n<tr>\n<td>Girevole a 180\u00b0<\/td>\n<td>\n<ul>\n<li>Facile da riempire e svuotare<\/li>\n<li>migliore miscelazione<\/li>\n<\/ul>\n<\/td>\n<\/tr>\n<tr>\n<td>\u00a0Acciaio inox 1.4301<\/td>\n<td>\n<ul>\n<li>igienico<\/li>\n<\/ul>\n<\/td>\n<\/tr>\n<tr>\n<td>\u00a0Azionamento a controllo di frequenza con<br \/>\nindicazione della velocit\u00e0<\/td>\n<td>\n<ul>\n<li>controllo della velocit\u00e0<\/li>\n<\/ul>\n<\/td>\n<\/tr>\n<\/tbody>\n<\/table>\n<p>&nbsp;<\/p>\n<p>&nbsp;<\/p>\n<p>&nbsp;<\/p>\n<p>&nbsp;<\/p>","protected":false},"excerpt":{"rendered":"<p>Vaschetta di zuccheraggio per applicazioni su scala industriale e di laboratorio.<\/p>","protected":false},"featured_media":2881,"comment_status":"open","ping_status":"closed","template":"","meta":{"uix_meta_title":"","uix_meta_description":"","uix_canonical_url":""},"product_brand":[],"product_cat":[104],"product_tag":[],"class_list":{"0":"post-2883","1":"product","2":"type-product","3":"status-publish","4":"has-post-thumbnail","6":"product_cat-processing","8":"first","9":"instock","10":"shipping-taxable","11":"product-type-simple"},"_links":{"self":[{"href":"https:\/\/cormac.eu\/it\/wp-json\/wp\/v2\/product\/2883","targetHints":{"allow":["GET"]}}],"collection":[{"href":"https:\/\/cormac.eu\/it\/wp-json\/wp\/v2\/product"}],"about":[{"href":"https:\/\/cormac.eu\/it\/wp-json\/wp\/v2\/types\/product"}],"replies":[{"embeddable":true,"href":"https:\/\/cormac.eu\/it\/wp-json\/wp\/v2\/comments?post=2883"}],"wp:featuredmedia":[{"embeddable":true,"href":"https:\/\/cormac.eu\/it\/wp-json\/wp\/v2\/media\/2881"}],"wp:attachment":[{"href":"https:\/\/cormac.eu\/it\/wp-json\/wp\/v2\/media?parent=2883"}],"wp:term":[{"taxonomy":"product_brand","embeddable":true,"href":"https:\/\/cormac.eu\/it\/wp-json\/wp\/v2\/product_brand?post=2883"},{"taxonomy":"product_cat","embeddable":true,"href":"https:\/\/cormac.eu\/it\/wp-json\/wp\/v2\/product_cat?post=2883"},{"taxonomy":"product_tag","embeddable":true,"href":"https:\/\/cormac.eu\/it\/wp-json\/wp\/v2\/product_tag?post=2883"}],"curies":[{"name":"wp","href":"https:\/\/api.w.org\/{rel}","templated":true}]}}