{"id":2868,"date":"2022-04-24T11:30:16","date_gmt":"2022-04-24T09:30:16","guid":{"rendered":"https:\/\/cormac.eu\/?post_type=product&#038;p=2868"},"modified":"2022-07-04T16:44:13","modified_gmt":"2022-07-04T14:44:13","slug":"tamburo-di-rivestimento-2","status":"publish","type":"product","link":"https:\/\/cormac.eu\/it\/product\/coating-drum\/","title":{"rendered":"Tamburo di rivestimento"},"content":{"rendered":"<p>Il tamburo di zuccheraggio Vomacoat applica un rivestimento di zucchero a cristalli fini su gelatine e gomme. Attraverso il nastro di vaporizzazione, i prodotti depolverizzati vengono introdotti nel vano vapore, dove vengono resi appiccicosi esponendoli al vapore secco. Quindi, i prodotti vengono introdotti nel tamburo di zuccheraggio.  La scanalatura di trasporto all'interno del tamburo muove il prodotto e lo zucchero cristallino attraverso il tamburo. All'estremit\u00e0 di scarico, il tamburo a doppia parete presenta una zona perforata. Qui il prodotto e lo zucchero in eccesso vengono separati. Lo zucchero in eccesso viene mescolato con zucchero fresco e, mentre viene asciugato, viene trasportato di nuovo nella zona di distribuzione dello zucchero attraverso una struttura a spirale tra il tamburo interno e quello esterno. Il prodotto ricoperto di zucchero lascia il tamburo. Questo impianto \u00e8 dotato di un essiccatore ad aria calda riscaldato a vapore per eliminare l'umidit\u00e0. Il tamburo pu\u00f2 ruotare a destra e a sinistra. Ci\u00f2 \u00e8 necessario per rimuovere lo zucchero dal tamburo durante la pulizia. La velocit\u00e0 di rotazione del tamburo \u00e8 controllata in frequenza. Queste macchine hanno un design igienico e sono costruite interamente in acciaio inox. La capacit\u00e0 varia da 1.000 a 5.000 kg\/ora.<\/p>\n<p>&nbsp;<\/p>\n<p><img decoding=\"async\" class=\"alignnone size-full wp-image-2876\" src=\"https:\/\/cormac.eu\/wp-content\/uploads\/2022\/04\/Vomacoat-product-sample-2.jpg\" alt=\"\" width=\"220\" height=\"220\" srcset=\"https:\/\/cormac.eu\/wp-content\/uploads\/2022\/04\/Vomacoat-product-sample-2.jpg 220w, https:\/\/cormac.eu\/wp-content\/uploads\/2022\/04\/Vomacoat-product-sample-2-150x150.jpg 150w, https:\/\/cormac.eu\/wp-content\/uploads\/2022\/04\/Vomacoat-product-sample-2-100x100.jpg 100w\" sizes=\"(max-width: 220px) 100vw, 220px\" \/> <img decoding=\"async\" class=\"alignnone wp-image-2875\" src=\"https:\/\/cormac.eu\/wp-content\/uploads\/2022\/04\/sugar-coated-candy-300x300.jpg\" alt=\"\" width=\"222\" height=\"222\" srcset=\"https:\/\/cormac.eu\/wp-content\/uploads\/2022\/04\/sugar-coated-candy-300x300.jpg 300w, https:\/\/cormac.eu\/wp-content\/uploads\/2022\/04\/sugar-coated-candy-150x150.jpg 150w, https:\/\/cormac.eu\/wp-content\/uploads\/2022\/04\/sugar-coated-candy-100x100.jpg 100w, https:\/\/cormac.eu\/wp-content\/uploads\/2022\/04\/sugar-coated-candy.jpg 600w\" sizes=\"(max-width: 222px) 100vw, 222px\" \/>\u00a0 <img fetchpriority=\"high\" decoding=\"async\" class=\"alignnone wp-image-2874\" src=\"https:\/\/cormac.eu\/wp-content\/uploads\/2022\/04\/sugar-coated-2-300x233.jpg\" alt=\"\" width=\"291\" height=\"226\" srcset=\"https:\/\/cormac.eu\/wp-content\/uploads\/2022\/04\/sugar-coated-2-300x233.jpg 300w, https:\/\/cormac.eu\/wp-content\/uploads\/2022\/04\/sugar-coated-2.jpg 518w\" sizes=\"(max-width: 291px) 100vw, 291px\" \/><\/p>\n<p>&nbsp;<\/p>\n<table style=\"height: 687px\" width=\"771\">\n<tbody>\n<tr>\n<td width=\"197\">\u00a0<strong>Caratteristiche<\/strong><\/td>\n<td width=\"249\">\u00a0<strong>Vantaggi<\/strong><\/td>\n<\/tr>\n<tr>\n<td>\u00a0Inserti del nastro di alimentazione del prodotto<br \/>\nnel tamburo<\/td>\n<td>\n<ul>\n<li>esposizione diretta alla nebbia di zucchero<\/li>\n<\/ul>\n<\/td>\n<\/tr>\n<tr>\n<td>\u00a0Eccellente tecnologia di saldatura<\/td>\n<td>\n<ul>\n<li>esecuzione sanitaria<\/li>\n<li>nessun strappo di capelli nell'acciaio<\/li>\n<li>Facile pulizia e risciacquo<\/li>\n<\/ul>\n<\/td>\n<\/tr>\n<tr>\n<td>\u00a0Aria calda e riscaldamento a spirale<\/td>\n<td>\n<ul>\n<li>essiccazione efficiente della miscela di zucchero<\/li>\n<\/ul>\n<\/td>\n<\/tr>\n<tr>\n<td>\u00a0Cunei di trasporto<\/td>\n<td>\n<ul>\n<li>manipolazione delicata dei prodotti<\/li>\n<\/ul>\n<\/td>\n<\/tr>\n<tr>\n<td>Aria tiepida e zucchero fresco<\/td>\n<td>\n<ul>\n<li>tempo di permanenza dello zucchero pi\u00f9 lungo<\/li>\n<li>cortina di zucchero intera e costante<\/li>\n<\/ul>\n<\/td>\n<\/tr>\n<tr>\n<td>Anello del battistrada della ruota<\/td>\n<td>\n<ul>\n<li>Nessuna deformazione del tamburo<\/li>\n<\/ul>\n<\/td>\n<\/tr>\n<tr>\n<td>Anello di centraggio della ruota<\/td>\n<td>\n<ul>\n<li>rotazione fluida del tamburo<\/li>\n<\/ul>\n<\/td>\n<\/tr>\n<tr>\n<td>Struttura per impieghi gravosi<\/td>\n<td>\n<ul>\n<li>bassa manutenzione<\/li>\n<\/ul>\n<\/td>\n<\/tr>\n<\/tbody>\n<\/table>\n<p>&nbsp;<\/p>\n<p>&nbsp;<\/p>\n<p>&nbsp;<\/p>\n<p>&nbsp;<\/p>","protected":false},"excerpt":{"rendered":"<p>Tamburo di rivestimento per l'applicazione di un rivestimento zuccherino a prodotti stampati in amido come gelatine e gomme.<\/p>","protected":false},"featured_media":2866,"comment_status":"open","ping_status":"closed","template":"","meta":{"uix_meta_title":"","uix_meta_description":"","uix_canonical_url":""},"product_brand":[],"product_cat":[104],"product_tag":[],"class_list":{"0":"post-2868","1":"product","2":"type-product","3":"status-publish","4":"has-post-thumbnail","6":"product_cat-processing","8":"first","9":"instock","10":"shipping-taxable","11":"product-type-simple"},"_links":{"self":[{"href":"https:\/\/cormac.eu\/it\/wp-json\/wp\/v2\/product\/2868","targetHints":{"allow":["GET"]}}],"collection":[{"href":"https:\/\/cormac.eu\/it\/wp-json\/wp\/v2\/product"}],"about":[{"href":"https:\/\/cormac.eu\/it\/wp-json\/wp\/v2\/types\/product"}],"replies":[{"embeddable":true,"href":"https:\/\/cormac.eu\/it\/wp-json\/wp\/v2\/comments?post=2868"}],"wp:featuredmedia":[{"embeddable":true,"href":"https:\/\/cormac.eu\/it\/wp-json\/wp\/v2\/media\/2866"}],"wp:attachment":[{"href":"https:\/\/cormac.eu\/it\/wp-json\/wp\/v2\/media?parent=2868"}],"wp:term":[{"taxonomy":"product_brand","embeddable":true,"href":"https:\/\/cormac.eu\/it\/wp-json\/wp\/v2\/product_brand?post=2868"},{"taxonomy":"product_cat","embeddable":true,"href":"https:\/\/cormac.eu\/it\/wp-json\/wp\/v2\/product_cat?post=2868"},{"taxonomy":"product_tag","embeddable":true,"href":"https:\/\/cormac.eu\/it\/wp-json\/wp\/v2\/product_tag?post=2868"}],"curies":[{"name":"wp","href":"https:\/\/api.w.org\/{rel}","templated":true}]}}