{"id":2863,"date":"2022-04-24T11:20:17","date_gmt":"2022-04-24T09:20:17","guid":{"rendered":"https:\/\/cormac.eu\/?post_type=product&#038;p=2863"},"modified":"2022-04-24T11:20:17","modified_gmt":"2022-04-24T09:20:17","slug":"fornello-a-lotti","status":"publish","type":"product","link":"https:\/\/cormac.eu\/it\/product\/batch-cooker\/","title":{"rendered":"Cuocitore a lotti"},"content":{"rendered":"<p>La pentola batch ha la forma di una mezza sfera con camicie di vapore (a doppia parete). Sono dotati di agitatori ad ancora, con o senza raschiatori in teflon. I bollitori sono forniti con o senza vuoto e possono essere costruiti per lo scarico sotto pressione. Questi bollitori sono realizzati in acciaio inox e possono essere azionati manualmente o automaticamente. Sono disponibili in diverse dimensioni e in una grande variet\u00e0 di esecuzioni. \u00c8 anche possibile avere un'esecuzione doppia per aumentare la capacit\u00e0 e consentire una cottura semi-continua. Gamma di capacit\u00e0: 100 kg, 250 kg, 500 kg.  Per capacit\u00e0 superiori a 500 kg\/ora si consiglia di solito un cuocitore continuo.<\/p>\n<p>&nbsp;<\/p>\n<table style=\"height: 386px\" width=\"612\">\n<tbody>\n<tr>\n<td width=\"165\">\u00a0<strong>Caratteristiche<\/strong><\/td>\n<td width=\"165\">\u00a0<strong>Vantaggi<\/strong><\/td>\n<\/tr>\n<tr>\n<td>\u00a0Acciaio inox<\/td>\n<td>\n<ul>\n<li>igienico<\/li>\n<li>facile da pulire<\/li>\n<li>robusto<\/li>\n<\/ul>\n<\/td>\n<\/tr>\n<tr>\n<td>\u00a0a doppia parete<\/td>\n<td>\n<ul>\n<li>eccellente trasferimento di calore<\/li>\n<\/ul>\n<\/td>\n<\/tr>\n<tr>\n<td>\u00a0agitatore ad ancora, a scelta con<br \/>\nraschietto in teflon<\/td>\n<td>\n<ul>\n<li>buona miscelazione<\/li>\n<li>nessuna combustione<\/li>\n<li>pulire le pareti interne<\/li>\n<\/ul>\n<\/td>\n<\/tr>\n<\/tbody>\n<\/table>\n<p>&nbsp;<\/p>","protected":false},"excerpt":{"rendered":"<p>Cuocitore batch per masse di zucchero.<\/p>","protected":false},"featured_media":2862,"comment_status":"open","ping_status":"closed","template":"","meta":{"uix_meta_title":"","uix_meta_description":"","uix_canonical_url":""},"product_brand":[],"product_cat":[104],"product_tag":[],"class_list":{"0":"post-2863","1":"product","2":"type-product","3":"status-publish","4":"has-post-thumbnail","6":"product_cat-processing","8":"first","9":"instock","10":"shipping-taxable","11":"product-type-simple"},"_links":{"self":[{"href":"https:\/\/cormac.eu\/it\/wp-json\/wp\/v2\/product\/2863","targetHints":{"allow":["GET"]}}],"collection":[{"href":"https:\/\/cormac.eu\/it\/wp-json\/wp\/v2\/product"}],"about":[{"href":"https:\/\/cormac.eu\/it\/wp-json\/wp\/v2\/types\/product"}],"replies":[{"embeddable":true,"href":"https:\/\/cormac.eu\/it\/wp-json\/wp\/v2\/comments?post=2863"}],"wp:featuredmedia":[{"embeddable":true,"href":"https:\/\/cormac.eu\/it\/wp-json\/wp\/v2\/media\/2862"}],"wp:attachment":[{"href":"https:\/\/cormac.eu\/it\/wp-json\/wp\/v2\/media?parent=2863"}],"wp:term":[{"taxonomy":"product_brand","embeddable":true,"href":"https:\/\/cormac.eu\/it\/wp-json\/wp\/v2\/product_brand?post=2863"},{"taxonomy":"product_cat","embeddable":true,"href":"https:\/\/cormac.eu\/it\/wp-json\/wp\/v2\/product_cat?post=2863"},{"taxonomy":"product_tag","embeddable":true,"href":"https:\/\/cormac.eu\/it\/wp-json\/wp\/v2\/product_tag?post=2863"}],"curies":[{"name":"wp","href":"https:\/\/api.w.org\/{rel}","templated":true}]}}