{"id":2847,"date":"2022-04-24T09:58:59","date_gmt":"2022-04-24T07:58:59","guid":{"rendered":"https:\/\/cormac.eu\/?post_type=product&#038;p=2847"},"modified":"2022-04-24T09:58:59","modified_gmt":"2022-04-24T07:58:59","slug":"miscelatore","status":"publish","type":"product","link":"https:\/\/cormac.eu\/it\/product\/speedmixer\/","title":{"rendered":"Miscelatore"},"content":{"rendered":"<p>Lo speedmix \u00e8 una buona soluzione per molti problemi di miscelazione.  Nella turbina di miscelazione speedmix l'albero di rotazione \u00e8 protetto da un tubo rivestito. Al di sotto di questo tubo \u00e8 montata una saracinesca di contenimento in cui gira l'elica. Questa saracinesca di contenimento funziona come una pompa e provoca una corrente assiale. Il tubo rivestito evita un fortex che sale lungo l'albero in rapida rotazione. La cartuccia a corrente assiale dello speedmix garantisce una miscelazione intensiva senza impatto d'aria tra i liquidi da miscelare con polveri e granulati, anche ad alti giri. Lo speedmix pu\u00f2 essere utilizzato per miscelare, omogeneizzare, disperdere, sospendere e sciogliere un'ampia gamma di masse. Gamma di capacit\u00e0: da 0,75 a 30 kW, 750 - 3000 giri\/min.<\/p>\n<p><img fetchpriority=\"high\" decoding=\"async\" class=\"alignnone size-medium wp-image-2846\" src=\"https:\/\/cormac.eu\/wp-content\/uploads\/2022\/04\/Speedmix4-200x300.jpg\" alt=\"\" width=\"200\" height=\"300\" srcset=\"https:\/\/cormac.eu\/wp-content\/uploads\/2022\/04\/Speedmix4-200x300.jpg 200w, https:\/\/cormac.eu\/wp-content\/uploads\/2022\/04\/Speedmix4-681x1024.jpg 681w, https:\/\/cormac.eu\/wp-content\/uploads\/2022\/04\/Speedmix4-768x1154.jpg 768w, https:\/\/cormac.eu\/wp-content\/uploads\/2022\/04\/Speedmix4-1022x1536.jpg 1022w, https:\/\/cormac.eu\/wp-content\/uploads\/2022\/04\/Speedmix4-1363x2048.jpg 1363w, https:\/\/cormac.eu\/wp-content\/uploads\/2022\/04\/Speedmix4-600x902.jpg 600w, https:\/\/cormac.eu\/wp-content\/uploads\/2022\/04\/Speedmix4-scaled.jpg 1703w\" sizes=\"(max-width: 200px) 100vw, 200px\" \/><\/p>\n<table style=\"height: 514px\" width=\"653\">\n<tbody>\n<tr>\n<td width=\"252\">\u00a0<strong>Caratteristiche<\/strong><\/td>\n<td width=\"249\">\u00a0<strong>Vantaggi<\/strong><\/td>\n<\/tr>\n<tr>\n<td>\u00a0Azionamenti a velocit\u00e0 controllata a frequenza continua<\/td>\n<td>\n<ul>\n<li>Controllo della velocit\u00e0<\/li>\n<\/ul>\n<\/td>\n<\/tr>\n<tr>\n<td>\u00a0Eccellente tecnologia di saldatura<\/td>\n<td>\n<ul>\n<li>esecuzione sanitaria<\/li>\n<li>nessun strappo di capelli nell'acciaio<\/li>\n<li>Facile pulizia e risciacquo<\/li>\n<\/ul>\n<\/td>\n<\/tr>\n<tr>\n<td>\u00a0costruzione in acciaio inox<\/td>\n<td>\n<ul>\n<li>igienico<\/li>\n<li>facile da pulire<\/li>\n<\/ul>\n<\/td>\n<\/tr>\n<tr>\n<td>\u00a0Prodotto senza contatto<\/td>\n<td>\n<ul>\n<li>nessuna contaminazione<\/li>\n<li>igiene<\/li>\n<\/ul>\n<\/td>\n<\/tr>\n<tr>\n<td>Flange standardizzate<\/td>\n<td>\n<ul>\n<li>Facile sostituzione e manutenzione<\/li>\n<\/ul>\n<\/td>\n<\/tr>\n<\/tbody>\n<\/table>\n<p>&nbsp;<\/p>\n<p>&nbsp;<\/p>","protected":false},"excerpt":{"rendered":"<p>Miscelatore per miscelare, omogeneizzare, disperdere, sospendere e sciogliere un'ampia gamma di masse.<\/p>","protected":false},"featured_media":2845,"comment_status":"open","ping_status":"closed","template":"","meta":{"uix_meta_title":"","uix_meta_description":"","uix_canonical_url":""},"product_brand":[],"product_cat":[104],"product_tag":[],"class_list":{"0":"post-2847","1":"product","2":"type-product","3":"status-publish","4":"has-post-thumbnail","6":"product_cat-processing","8":"first","9":"instock","10":"shipping-taxable","11":"product-type-simple"},"_links":{"self":[{"href":"https:\/\/cormac.eu\/it\/wp-json\/wp\/v2\/product\/2847","targetHints":{"allow":["GET"]}}],"collection":[{"href":"https:\/\/cormac.eu\/it\/wp-json\/wp\/v2\/product"}],"about":[{"href":"https:\/\/cormac.eu\/it\/wp-json\/wp\/v2\/types\/product"}],"replies":[{"embeddable":true,"href":"https:\/\/cormac.eu\/it\/wp-json\/wp\/v2\/comments?post=2847"}],"wp:featuredmedia":[{"embeddable":true,"href":"https:\/\/cormac.eu\/it\/wp-json\/wp\/v2\/media\/2845"}],"wp:attachment":[{"href":"https:\/\/cormac.eu\/it\/wp-json\/wp\/v2\/media?parent=2847"}],"wp:term":[{"taxonomy":"product_brand","embeddable":true,"href":"https:\/\/cormac.eu\/it\/wp-json\/wp\/v2\/product_brand?post=2847"},{"taxonomy":"product_cat","embeddable":true,"href":"https:\/\/cormac.eu\/it\/wp-json\/wp\/v2\/product_cat?post=2847"},{"taxonomy":"product_tag","embeddable":true,"href":"https:\/\/cormac.eu\/it\/wp-json\/wp\/v2\/product_tag?post=2847"}],"curies":[{"name":"wp","href":"https:\/\/api.w.org\/{rel}","templated":true}]}}