{"id":2790,"date":"2022-04-22T11:31:49","date_gmt":"2022-04-22T09:31:49","guid":{"rendered":"https:\/\/cormac.eu\/?post_type=product&#038;p=2790"},"modified":"2022-06-07T18:35:43","modified_gmt":"2022-06-07T16:35:43","slug":"serbatoio-tampone","status":"publish","type":"product","link":"https:\/\/cormac.eu\/it\/product\/buffer-tank\/","title":{"rendered":"Serbatoio tampone"},"content":{"rendered":"<p>Serbatoio tampone come parte di una linea di produzione, pu\u00f2 essere eseguito a parete singola o doppia, isolato, con o senza agitatore, con scarico per prodotti a bassa o alta viscosit\u00e0. In opzione, il serbatoio tampone pu\u00f2 essere corredato da un'adeguata pompa. Naturalmente sar\u00e0 possibile predisporre il serbatoio per la pulizia manuale o per il collegamento a un sistema CIP.<\/p>\n<p>&nbsp;<\/p>\n<table style=\"height: 269px\" width=\"509\">\n<tbody>\n<tr>\n<td width=\"143\">\n<p style=\"text-align: center\">\u00a0<strong>Caratteristiche<\/strong><\/p>\n<\/td>\n<td width=\"143\">\n<p style=\"text-align: center\">\u00a0<strong>Vantaggi<\/strong><\/p>\n<\/td>\n<\/tr>\n<tr>\n<td>Esecuzione in acciaio inox<\/td>\n<td>\n<ul>\n<li>Igienico<\/li>\n<li>Facile da pulire<\/li>\n<\/ul>\n<\/td>\n<\/tr>\n<tr>\n<td>Costruzione robusta<\/td>\n<td>\n<ul>\n<li>Lunga durata<\/li>\n<li>Funzionamento per impieghi gravosi<\/li>\n<\/ul>\n<\/td>\n<\/tr>\n<\/tbody>\n<\/table>","protected":false},"excerpt":{"rendered":"<p>Serbatoio tampone per l'integrazione nel processo produttivo.<\/p>","protected":false},"featured_media":2791,"comment_status":"open","ping_status":"closed","template":"","meta":{"uix_meta_title":"","uix_meta_description":"","uix_canonical_url":""},"product_brand":[],"product_cat":[104],"product_tag":[],"class_list":{"0":"post-2790","1":"product","2":"type-product","3":"status-publish","4":"has-post-thumbnail","6":"product_cat-processing","8":"first","9":"instock","10":"shipping-taxable","11":"product-type-simple"},"_links":{"self":[{"href":"https:\/\/cormac.eu\/it\/wp-json\/wp\/v2\/product\/2790","targetHints":{"allow":["GET"]}}],"collection":[{"href":"https:\/\/cormac.eu\/it\/wp-json\/wp\/v2\/product"}],"about":[{"href":"https:\/\/cormac.eu\/it\/wp-json\/wp\/v2\/types\/product"}],"replies":[{"embeddable":true,"href":"https:\/\/cormac.eu\/it\/wp-json\/wp\/v2\/comments?post=2790"}],"wp:featuredmedia":[{"embeddable":true,"href":"https:\/\/cormac.eu\/it\/wp-json\/wp\/v2\/media\/2791"}],"wp:attachment":[{"href":"https:\/\/cormac.eu\/it\/wp-json\/wp\/v2\/media?parent=2790"}],"wp:term":[{"taxonomy":"product_brand","embeddable":true,"href":"https:\/\/cormac.eu\/it\/wp-json\/wp\/v2\/product_brand?post=2790"},{"taxonomy":"product_cat","embeddable":true,"href":"https:\/\/cormac.eu\/it\/wp-json\/wp\/v2\/product_cat?post=2790"},{"taxonomy":"product_tag","embeddable":true,"href":"https:\/\/cormac.eu\/it\/wp-json\/wp\/v2\/product_tag?post=2790"}],"curies":[{"name":"wp","href":"https:\/\/api.w.org\/{rel}","templated":true}]}}