{"id":2740,"date":"2022-04-21T21:48:27","date_gmt":"2022-04-21T19:48:27","guid":{"rendered":"https:\/\/cormac.eu\/?post_type=product&#038;p=2740"},"modified":"2022-04-21T22:36:58","modified_gmt":"2022-04-21T20:36:58","slug":"macchina-avvolgitrice-tipo-rz","status":"publish","type":"product","link":"https:\/\/cormac.eu\/it\/product\/wrapping-machine-type-rz\/","title":{"rendered":"Macchina avvolgitrice RZ"},"content":{"rendered":"<p>Incartatrice per articoli di cioccolato di piccole dimensioni, modellati o infornati, con fondo piatto in piega inferiore, come praline, prodotti rotondi come ad esempio le palline di Mozart, cioccolatini ovali, prodotti rettangolari, quadrati.  La confezionatrice Rasch RZ pu\u00f2 essere eseguita con una piegatura a fustella o con un avvolgimento a busta, sia con matrice a spazzola che con scatola ad alta piegatura. Sono disponibili diversi sistemi di alimentazione. Questa macchina pu\u00f2 funzionare sia in modalit\u00e0 stand alone che in linea. Nel corso degli anni questa macchina \u00e8 stata utilizzata, in esecuzione speciale, anche per articoli non alimentari come gli articoli in gomma, per avvolgerli con imballaggi termosaldati a prova di manomissione con striscia a strappo. Peso circa 1300 kg; potenza 1,5 kVA;<\/p>\n<p>Stile di confezionamento: piegatura sul fondo, avvolgimento a mazzo, termosaldatura<\/p>\n<p><img decoding=\"async\" class=\"alignnone wp-image-2700\" src=\"https:\/\/cormac.eu\/wp-content\/uploads\/2022\/04\/sample-4.jpg\" alt=\"\" width=\"135\" height=\"98\" \/><img decoding=\"async\" class=\"alignnone wp-image-2701\" src=\"https:\/\/cormac.eu\/wp-content\/uploads\/2022\/04\/sample-5.jpg\" alt=\"\" width=\"85\" height=\"107\" \/><img decoding=\"async\" class=\"alignnone size-full wp-image-2728\" src=\"https:\/\/cormac.eu\/wp-content\/uploads\/2022\/04\/style-Knipsel.jpg\" alt=\"\" width=\"148\" height=\"104\" \/><\/p>\n<p>Gamma di capacit\u00e0: fino a 200 pezzi al minuto (tipo RZ) o 230 pezzi al minuto (tipo RZ II) a seconda delle caratteristiche del prodotto e del metodo di alimentazione.<\/p>\n<table>\n<tbody>\n<tr>\n<td width=\"293\">\n<p style=\"text-align: center\"><strong>Caratteristiche (alcune opzionali)<\/strong><\/p>\n<\/td>\n<td width=\"293\">\n<p style=\"text-align: center\"><strong>Vantaggi<\/strong><\/p>\n<\/td>\n<\/tr>\n<tr>\n<td width=\"293\">Testa di controllo del registro<\/td>\n<td width=\"293\">\n<ul>\n<li>Controllo completo di tutte le funzioni della macchina<\/li>\n<\/ul>\n<\/td>\n<\/tr>\n<tr>\n<td width=\"293\">Scatola ingranaggi chiusa con sistema di lubrificazione centralizzato e filtraggio costante dell'olio<\/td>\n<td width=\"293\">\n<ul>\n<li>Prevenzione della contaminazione dell'olio, manutenzione ridotta<\/li>\n<\/ul>\n<\/td>\n<\/tr>\n<tr>\n<td width=\"293\">Regolazione continua della velocit\u00e0 con convertitore di frequenza<\/td>\n<td width=\"293\">\n<ul>\n<li>Controllo perfetto della velocit\u00e0<\/li>\n<\/ul>\n<\/td>\n<\/tr>\n<tr>\n<td width=\"293\">Trasporto di scarico<\/td>\n<td width=\"293\">\n<ul>\n<li>Scarico controllato del prodotto<\/li>\n<\/ul>\n<\/td>\n<\/tr>\n<tr>\n<td width=\"293\">Nastro di alimentazione e sistemi di alimentazione automatica<\/td>\n<td width=\"293\">\n<ul>\n<li>Maggiore efficienza<\/li>\n<\/ul>\n<\/td>\n<\/tr>\n<tr>\n<td width=\"293\">Controllo spot delle fotocellule<\/td>\n<td width=\"293\">\n<ul>\n<li>Controllo del posizionamento della stampa<\/li>\n<\/ul>\n<\/td>\n<\/tr>\n<tr>\n<td width=\"293\">Contatore di pezzi e tatti<\/td>\n<td width=\"293\">\n<ul>\n<li>Misurazione accurata del prodotto<\/li>\n<\/ul>\n<\/td>\n<\/tr>\n<tr>\n<td width=\"293\">Parti di formato, alimentazione, piegatura e scarico facilmente accessibili<\/td>\n<td width=\"293\">\n<ul>\n<li>Cambio rapido<\/li>\n<li>Manutenzione semplice<\/li>\n<\/ul>\n<\/td>\n<\/tr>\n<tr>\n<td width=\"293\">Arresto automatico dell'alimentazione del foglio<\/td>\n<td width=\"293\">\n<ul>\n<li>Nessun prodotto - nessun involucro<\/li>\n<li>Prevenire gli inceppamenti della pellicola<\/li>\n<\/ul>\n<\/td>\n<\/tr>\n<tr>\n<td width=\"293\">Secondo dispositivo di srotolamento della lamina<\/td>\n<td width=\"293\">\n<ul>\n<li>Applicazione di un materiale di rivestimento interno ed esterno<\/li>\n<\/ul>\n<\/td>\n<\/tr>\n<tr>\n<td width=\"293\">Unit\u00e0 di giunzione<\/td>\n<td width=\"293\">\n<ul>\n<li>Cambio automatico della bobina per una maggiore efficienza<\/li>\n<\/ul>\n<\/td>\n<\/tr>\n<tr>\n<td width=\"293\">Dispositivo di etichettatura<\/td>\n<td width=\"293\">\n<ul>\n<li>Informazioni pi\u00f9 elaborate sui prodotti<\/li>\n<\/ul>\n<\/td>\n<\/tr>\n<tr>\n<td width=\"293\">Quadro elettrico con SPS<\/td>\n<td width=\"293\">\n<ul>\n<li>Eccellente controllo centrale della macchina<\/li>\n<\/ul>\n<\/td>\n<\/tr>\n<\/tbody>\n<\/table>\n<p>&nbsp;<\/p>\n<table>\n<tbody>\n<tr>\n<td colspan=\"4\" width=\"585\">\n<p style=\"text-align: center\">Dimensioni del prodotto<\/p>\n<\/td>\n<\/tr>\n<tr>\n<td width=\"146\">\n<p style=\"text-align: center\">Lunghezza<\/p>\n<\/td>\n<td style=\"text-align: center\" width=\"146\">Larghezza<\/td>\n<td style=\"text-align: center\" width=\"146\">Altezza<\/td>\n<td style=\"text-align: center\" width=\"146\">Diametro<\/td>\n<\/tr>\n<tr>\n<td style=\"text-align: center\" width=\"146\">20- 55 mm<\/td>\n<td style=\"text-align: center\" width=\"146\">15 - 35 mm<\/td>\n<td style=\"text-align: center\" width=\"146\">5 - 30 mm<\/td>\n<td width=\"146\">\n<p style=\"text-align: center\">20 - 40 mm<\/p>\n<\/td>\n<\/tr>\n<\/tbody>\n<\/table>\n<table>\n<tbody>\n<tr>\n<td colspan=\"4\" width=\"585\">\n<p style=\"text-align: center\">Dimensioni del materiale di imballaggio<\/p>\n<\/td>\n<\/tr>\n<tr>\n<td width=\"146\">\n<p style=\"text-align: center\">Larghezza<\/p>\n<\/td>\n<td style=\"text-align: center\" width=\"146\">Lunghezza di taglio<\/td>\n<td style=\"text-align: center\" width=\"146\">\u00d8 bobina<\/td>\n<td style=\"text-align: center\" width=\"146\">\u00d8 del nucleo<\/td>\n<\/tr>\n<tr>\n<td style=\"text-align: center\" width=\"146\">40-120 mm<\/td>\n<td style=\"text-align: center\" width=\"146\">40-120 mm<\/td>\n<td style=\"text-align: center\" width=\"146\">250 mm<\/td>\n<td width=\"146\">\n<p style=\"text-align: center\">35-78 mm<\/p>\n<\/td>\n<\/tr>\n<\/tbody>\n<\/table>","protected":false},"excerpt":{"rendered":"<p>Macchina avvolgitrice per articoli di cioccolato di piccole dimensioni, stampati o infornati, con fondo piatto<\/p>","protected":false},"featured_media":2737,"comment_status":"open","ping_status":"closed","template":"","meta":{"uix_meta_title":"","uix_meta_description":"","uix_canonical_url":""},"product_brand":[],"product_cat":[105],"product_tag":[],"class_list":{"0":"post-2740","1":"product","2":"type-product","3":"status-publish","4":"has-post-thumbnail","6":"product_cat-packaging","8":"first","9":"instock","10":"shipping-taxable","11":"product-type-simple"},"_links":{"self":[{"href":"https:\/\/cormac.eu\/it\/wp-json\/wp\/v2\/product\/2740","targetHints":{"allow":["GET"]}}],"collection":[{"href":"https:\/\/cormac.eu\/it\/wp-json\/wp\/v2\/product"}],"about":[{"href":"https:\/\/cormac.eu\/it\/wp-json\/wp\/v2\/types\/product"}],"replies":[{"embeddable":true,"href":"https:\/\/cormac.eu\/it\/wp-json\/wp\/v2\/comments?post=2740"}],"wp:featuredmedia":[{"embeddable":true,"href":"https:\/\/cormac.eu\/it\/wp-json\/wp\/v2\/media\/2737"}],"wp:attachment":[{"href":"https:\/\/cormac.eu\/it\/wp-json\/wp\/v2\/media?parent=2740"}],"wp:term":[{"taxonomy":"product_brand","embeddable":true,"href":"https:\/\/cormac.eu\/it\/wp-json\/wp\/v2\/product_brand?post=2740"},{"taxonomy":"product_cat","embeddable":true,"href":"https:\/\/cormac.eu\/it\/wp-json\/wp\/v2\/product_cat?post=2740"},{"taxonomy":"product_tag","embeddable":true,"href":"https:\/\/cormac.eu\/it\/wp-json\/wp\/v2\/product_tag?post=2740"}],"curies":[{"name":"wp","href":"https:\/\/api.w.org\/{rel}","templated":true}]}}