{"id":2725,"date":"2022-04-21T16:56:38","date_gmt":"2022-04-21T14:56:38","guid":{"rendered":"https:\/\/cormac.eu\/?post_type=product&#038;p=2725"},"modified":"2022-04-21T22:39:30","modified_gmt":"2022-04-21T20:39:30","slug":"macchina-avvolgitrice-rge","status":"publish","type":"product","link":"https:\/\/cormac.eu\/it\/product\/rge-wrapping-machine\/","title":{"rendered":"Macchina avvolgitrice RGE"},"content":{"rendered":"<p>Macchina per l'avvolgimento di prodotti come uova e palline (vuote o ripiene) con piegatura frontale, avvolgimento a spago ritorto e a doppia torsione. Questa confezionatrice di cioccolato pu\u00f2 raggiungere velocit\u00e0 fino a 55 pezzi al minuto. La versione standard RGE pu\u00f2 gestire prodotti con diametro fino a 70 mm. , mentre il tipo RGE-100 avvolge prodotti con un diametro massimo di 100 mm. La macchina Rasch RGE pu\u00f2 essere alimentata manualmente o dotata di un sistema di alimentazione automatico che pu\u00f2 includere, ad esempio, nastri di alimentazione, sistemi di allineamento e sistemi robotizzati pick &amp; place. \u00c8 possibile montare pezzi di formato personalizzato e i cambi di formato non sono complicati.<\/p>\n<p>&nbsp;<\/p>\n<table style=\"height: 924px\" width=\"949\">\n<tbody>\n<tr>\n<td width=\"197\"><strong>Caratteristiche<\/strong><\/td>\n<td width=\"197\"><strong>Vantaggi<\/strong><\/td>\n<\/tr>\n<tr>\n<td>Tavola di alimentazione e sistemi di alimentazione automatica opzionali<\/p>\n<p>&nbsp;<\/td>\n<td>\n<ul>\n<li>Maggiore efficienza<\/li>\n<\/ul>\n<\/td>\n<\/tr>\n<tr>\n<td>Testa di controllo del registro<\/td>\n<td>\n<ul>\n<li>controllo della stampa<\/li>\n<\/ul>\n<\/td>\n<\/tr>\n<tr>\n<td>Arresto automatico dell'alimentazione del foglio<\/td>\n<td>\n<ul>\n<li>Nessun prodotto - nessun involucro<\/li>\n<li>prevenire gli inceppamenti della pellicola<\/li>\n<\/ul>\n<\/td>\n<\/tr>\n<tr>\n<td>&nbsp;<\/p>\n<p>Regolazione continua della velocit\u00e0 con convertitore di frequenza<\/td>\n<td>\n<ul>\n<li>Controllo perfetto della velocit\u00e0<\/li>\n<\/ul>\n<\/td>\n<\/tr>\n<tr>\n<td>Secondo dispositivo di srotolamento della lamina<\/td>\n<td>\n<ul>\n<li>Applicazione di un materiale di rivestimento interno ed esterno<\/li>\n<\/ul>\n<\/td>\n<\/tr>\n<tr>\n<td>Scatola ingranaggi chiusa con sistema di lubrificazione centralizzato<\/td>\n<td>\n<ul>\n<li>Bassa manutenzione<\/li>\n<\/ul>\n<\/td>\n<\/tr>\n<tr>\n<td>Unit\u00e0 di giunzione opzionale<\/td>\n<td>\n<ul>\n<li>Cambio automatico della bobina<\/li>\n<li>maggiore efficienza<\/li>\n<\/ul>\n<\/td>\n<\/tr>\n<tr>\n<td>Quadro elettrico con SPS<\/td>\n<td>\n<ul>\n<li>Eccellente controllo della macchina<\/li>\n<\/ul>\n<\/td>\n<\/tr>\n<\/tbody>\n<\/table>\n<p>&nbsp;<\/p>","protected":false},"excerpt":{"rendered":"<p>Macchina per avvolgere uova e palline di cioccolato<\/p>","protected":false},"featured_media":2724,"comment_status":"open","ping_status":"closed","template":"","meta":{"uix_meta_title":"","uix_meta_description":"","uix_canonical_url":""},"product_brand":[],"product_cat":[105],"product_tag":[],"class_list":{"0":"post-2725","1":"product","2":"type-product","3":"status-publish","4":"has-post-thumbnail","6":"product_cat-packaging","8":"first","9":"instock","10":"shipping-taxable","11":"product-type-simple"},"_links":{"self":[{"href":"https:\/\/cormac.eu\/it\/wp-json\/wp\/v2\/product\/2725","targetHints":{"allow":["GET"]}}],"collection":[{"href":"https:\/\/cormac.eu\/it\/wp-json\/wp\/v2\/product"}],"about":[{"href":"https:\/\/cormac.eu\/it\/wp-json\/wp\/v2\/types\/product"}],"replies":[{"embeddable":true,"href":"https:\/\/cormac.eu\/it\/wp-json\/wp\/v2\/comments?post=2725"}],"wp:featuredmedia":[{"embeddable":true,"href":"https:\/\/cormac.eu\/it\/wp-json\/wp\/v2\/media\/2724"}],"wp:attachment":[{"href":"https:\/\/cormac.eu\/it\/wp-json\/wp\/v2\/media?parent=2725"}],"wp:term":[{"taxonomy":"product_brand","embeddable":true,"href":"https:\/\/cormac.eu\/it\/wp-json\/wp\/v2\/product_brand?post=2725"},{"taxonomy":"product_cat","embeddable":true,"href":"https:\/\/cormac.eu\/it\/wp-json\/wp\/v2\/product_cat?post=2725"},{"taxonomy":"product_tag","embeddable":true,"href":"https:\/\/cormac.eu\/it\/wp-json\/wp\/v2\/product_tag?post=2725"}],"curies":[{"name":"wp","href":"https:\/\/api.w.org\/{rel}","templated":true}]}}