{"id":2673,"date":"2022-04-12T21:10:13","date_gmt":"2022-04-12T19:10:13","guid":{"rendered":"https:\/\/cormac.eu\/?post_type=product&#038;p=2673"},"modified":"2022-05-30T23:42:10","modified_gmt":"2022-05-30T21:42:10","slug":"miscelatore-a-lama-sigma-2","status":"publish","type":"product","link":"https:\/\/cormac.eu\/it\/product\/sigma-blade-mixer\/","title":{"rendered":"Miscelatore a lama Sigma"},"content":{"rendered":"<p>Miscelatore con lame impastatrici sigma a doppio braccio che offre un'impastatura intensiva di masse ad alta viscosit\u00e0. Con questo mixer \u00e8 possibile ottenere tempi di lavorazione pi\u00f9 brevi senza compromettere la qualit\u00e0. Tutte le macchine della Serie Super Strong sono dotate di una vasca a doppia parete per il riscaldamento e il raffreddamento. La vasca di miscelazione pu\u00f2 essere inclinata idraulicamente verso l'alto e in avanti. Lo scarico pu\u00f2 avvenire tramite l'inclinazione della vasca o per mezzo di una vite di estrusione. Le guarnizioni anteriori e posteriori della vasca impediscono le perdite e contribuiscono a mantenere la qualit\u00e0 del prodotto. Le guarnizioni sono realizzate in materiale di alta qualit\u00e0.<\/p>\n<p><img decoding=\"async\" class=\"alignnone wp-image-2671\" src=\"https:\/\/cormac.eu\/wp-content\/uploads\/2022\/04\/Gum-center-filled2-275x300.jpg\" alt=\"\" width=\"185\" height=\"202\" srcset=\"https:\/\/cormac.eu\/wp-content\/uploads\/2022\/04\/Gum-center-filled2-275x300.jpg 275w, https:\/\/cormac.eu\/wp-content\/uploads\/2022\/04\/Gum-center-filled2.jpg 600w\" sizes=\"(max-width: 185px) 100vw, 185px\" \/><img decoding=\"async\" class=\"alignnone wp-image-2670\" src=\"https:\/\/cormac.eu\/wp-content\/uploads\/2022\/04\/Gum-bazooka-1.jpg\" alt=\"\" width=\"239\" height=\"150\" \/><img decoding=\"async\" class=\"alignnone wp-image-2669\" src=\"https:\/\/cormac.eu\/wp-content\/uploads\/2022\/04\/Chewy-cubes.jpg\" alt=\"\" width=\"225\" height=\"191\" \/><\/p>\n<table>\n<tbody>\n<tr>\n<td width=\"302\"><strong>Caratteristiche<\/strong><\/td>\n<td width=\"302\"><strong>Vantaggi<\/strong><\/td>\n<\/tr>\n<tr>\n<td width=\"302\">Lame in acciaio inox e lucidatura Sigma<\/td>\n<td width=\"302\">\n<ul>\n<li style=\"text-align: left\">Igienico<\/li>\n<li style=\"text-align: left\">Facile da pulire<\/li>\n<\/ul>\n<\/td>\n<\/tr>\n<tr>\n<td width=\"302\">Ciotola a doppio rivestimento<\/td>\n<td width=\"302\">\n<ul>\n<li>Controllo del riscaldamento e del raffreddamento<\/li>\n<\/ul>\n<\/td>\n<\/tr>\n<tr>\n<td width=\"302\">Costruzione robusta<\/td>\n<td width=\"302\">\n<ul>\n<li>Macchina super resistente<\/li>\n<\/ul>\n<\/td>\n<\/tr>\n<tr>\n<td width=\"302\">Guarnizioni di alta qualit\u00e0 sulla parte anteriore e posteriore della vasca<\/td>\n<td width=\"302\">\n<ul>\n<li>Nessuna perdita<\/li>\n<\/ul>\n<\/td>\n<\/tr>\n<tr>\n<td width=\"302\">Opzioni<\/td>\n<td width=\"302\">\n<ul>\n<li>Vasca di miscelazione rivestita per il controllo della temperatura di massa<\/li>\n<li>Isolamento termico della vasca<\/li>\n<li>Azionamento a frequenza variabile<\/li>\n<li>Teste di stampo speciali<\/li>\n<li>Automazione del coperchio tramite pistone idraulico<\/li>\n<\/ul>\n<\/td>\n<\/tr>\n<\/tbody>\n<\/table>\n<p>&nbsp;<\/p>\n<table>\n<tbody>\n<tr>\n<td width=\"138\"><strong>\u00a0\u00a0\u00a0\u00a0\u00a0\u00a0\u00a0 \u00a0\u00a0\u00a0\u00a0\u00a0\u00a0\u00a0\u00a0\u00a0\u00a0\u00a0\u00a0\u00a0\u00a0\u00a0\u00a0\u00a0Modello<\/strong><\/td>\n<td width=\"126\">\n<p style=\"text-align: center\"><strong>SS 240<\/strong><\/p>\n<\/td>\n<td style=\"text-align: center\" width=\"126\"><strong>SS400\/AH400<\/strong><\/td>\n<td style=\"text-align: center\" width=\"107\"><strong>SS600\/AH600<\/strong><\/td>\n<td width=\"107\">\n<p style=\"text-align: center\"><strong>SS2000<\/strong><\/p>\n<\/td>\n<\/tr>\n<tr>\n<td width=\"138\"><strong>Capacit\u00e0 della ciotola<\/strong><\/td>\n<td width=\"126\">\n<p style=\"text-align: center\">240 litri<\/p>\n<\/td>\n<td style=\"text-align: center\" width=\"126\">240 litri<\/td>\n<td style=\"text-align: center\" width=\"107\">600 litri<\/td>\n<td width=\"107\">\n<p style=\"text-align: center\">2000 litri<\/p>\n<\/td>\n<\/tr>\n<tr>\n<td width=\"138\"><strong>Capacit\u00e0 utilizzabile<\/strong><\/td>\n<td width=\"126\">\n<p style=\"text-align: center\">150 litri<\/p>\n<\/td>\n<td style=\"text-align: center\" width=\"126\">300 litri<\/td>\n<td style=\"text-align: center\" width=\"107\">450 litri<\/td>\n<td width=\"107\">\n<p style=\"text-align: center\">1300 litri<\/p>\n<\/td>\n<\/tr>\n<tr>\n<td width=\"138\"><strong>Scarico<\/strong><\/td>\n<td width=\"126\">\n<p style=\"text-align: center\">Inclinazione<\/p>\n<\/td>\n<td style=\"text-align: center\" width=\"126\">Inclinazione\/vite<\/td>\n<td style=\"text-align: center\" width=\"107\">Tiliting \/ vite<\/td>\n<td width=\"107\">\n<p style=\"text-align: center\">Inclinazione<\/p>\n<\/td>\n<\/tr>\n<\/tbody>\n<\/table>","protected":false},"excerpt":{"rendered":"<p>Miscelatore Sigma a doppio braccio per l'impastamento intensivo di masse ad alta viscosit\u00e0.<\/p>","protected":false},"featured_media":2672,"comment_status":"open","ping_status":"closed","template":"","meta":{"uix_meta_title":"","uix_meta_description":"","uix_canonical_url":""},"product_brand":[],"product_cat":[104],"product_tag":[],"class_list":{"0":"post-2673","1":"product","2":"type-product","3":"status-publish","4":"has-post-thumbnail","6":"product_cat-processing","8":"first","9":"instock","10":"shipping-taxable","11":"product-type-simple"},"_links":{"self":[{"href":"https:\/\/cormac.eu\/it\/wp-json\/wp\/v2\/product\/2673","targetHints":{"allow":["GET"]}}],"collection":[{"href":"https:\/\/cormac.eu\/it\/wp-json\/wp\/v2\/product"}],"about":[{"href":"https:\/\/cormac.eu\/it\/wp-json\/wp\/v2\/types\/product"}],"replies":[{"embeddable":true,"href":"https:\/\/cormac.eu\/it\/wp-json\/wp\/v2\/comments?post=2673"}],"wp:featuredmedia":[{"embeddable":true,"href":"https:\/\/cormac.eu\/it\/wp-json\/wp\/v2\/media\/2672"}],"wp:attachment":[{"href":"https:\/\/cormac.eu\/it\/wp-json\/wp\/v2\/media?parent=2673"}],"wp:term":[{"taxonomy":"product_brand","embeddable":true,"href":"https:\/\/cormac.eu\/it\/wp-json\/wp\/v2\/product_brand?post=2673"},{"taxonomy":"product_cat","embeddable":true,"href":"https:\/\/cormac.eu\/it\/wp-json\/wp\/v2\/product_cat?post=2673"},{"taxonomy":"product_tag","embeddable":true,"href":"https:\/\/cormac.eu\/it\/wp-json\/wp\/v2\/product_tag?post=2673"}],"curies":[{"name":"wp","href":"https:\/\/api.w.org\/{rel}","templated":true}]}}