{"id":2665,"date":"2022-04-12T20:53:35","date_gmt":"2022-04-12T18:53:35","guid":{"rendered":"https:\/\/cormac.eu\/?post_type=product&#038;p=2665"},"modified":"2022-05-30T16:24:43","modified_gmt":"2022-05-30T14:24:43","slug":"confezionatrice-a-4-lati-con-sigillo-2","status":"publish","type":"product","link":"https:\/\/cormac.eu\/it\/product\/4-sided-seal-wrapper-cwls\/","title":{"rendered":"Confezionatrice a 4 lati CWLS"},"content":{"rendered":"<p>La confezionatrice a quattro lati \u00e8 una macchina speciale per avvolgere palline, prodotti 3D e lecca-lecca piatti. Consente al produttore di lecca-lecca di offrire al mercato un imballaggio alternativo, contenente pi\u00f9 informazioni sull'etichetta del prodotto ed effetti visivi, colori, ecc. Il modello CWL-4S 600 \u00e8 stato progettato per i produttori entry level e di medie dimensioni, mentre il modello CWL-4S 800 \u00e8 pi\u00f9 adatto alle applicazioni ad alta velocit\u00e0 del settore. Poich\u00e9 questa confezionatrice non \u00e8 collegata meccanicamente al tunnel di raffreddamento dei lecca-lecca, pu\u00f2 lavorare indipendentemente dai macchinari a monte. Il formato di confezionamento con quattro lati sigillati garantisce un elevato grado di integrit\u00e0 della confezione.<\/p>\n<p><img decoding=\"async\" class=\"alignnone wp-image-2666\" src=\"https:\/\/cormac.eu\/wp-content\/uploads\/2022\/04\/application-Knipsel.jpg\" alt=\"\" width=\"205\" height=\"223\" \/><\/p>\n<p>&nbsp;<\/p>\n<table style=\"height: 231px;\" width=\"619\">\n<tbody>\n<tr>\n<td width=\"302\"><strong>Caratteristiche<\/strong><\/td>\n<td width=\"302\"><strong>Vantaggi<\/strong><\/td>\n<\/tr>\n<tr>\n<td width=\"302\">Esecuzione in acciaio inox<\/td>\n<td width=\"302\">\n<ul>\n<li>Facile da pulire<\/li>\n<li>Design igienico<\/li>\n<\/ul>\n<\/td>\n<\/tr>\n<tr>\n<td width=\"302\">Robusto telaio della macchina<\/td>\n<td width=\"302\">\n<ul>\n<li>Affidabile<\/li>\n<li>Lunga durata tecnica<\/li>\n<\/ul>\n<\/td>\n<\/tr>\n<\/tbody>\n<\/table>\n<p>&nbsp;<\/p>\n<table>\n<tbody>\n<tr>\n<td width=\"201\"><strong>\u00a0 \u00a0 \u00a0 \u00a0 \u00a0 \u00a0 \u00a0 \u00a0 \u00a0 \u00a0 \u00a0 \u00a0 \u00a0 \u00a0 \u00a0 \u00a0 \u00a0 \u00a0\u00a0<\/strong><\/p>\n<p><strong>Modello<\/strong><\/td>\n<td width=\"201\">\n<p style=\"text-align: center;\"><strong>CWLS-600<\/strong><\/p>\n<\/td>\n<td width=\"201\">\n<p style=\"text-align: center;\"><strong>CWLS-800<\/strong><\/p>\n<\/td>\n<\/tr>\n<tr>\n<td width=\"201\"><strong>Capacit\u00e0<\/strong><\/td>\n<td width=\"201\">\n<p style=\"text-align: center;\">600 ppm<\/p>\n<\/td>\n<td width=\"201\">\n<p style=\"text-align: center;\">800 ppm<\/p>\n<\/td>\n<\/tr>\n<tr>\n<td width=\"201\"><strong>Gamma di diametri del prodotto<\/strong><\/td>\n<td width=\"201\">\n<p style=\"text-align: center;\">18-35 mm<\/p>\n<\/td>\n<td width=\"201\">\n<p style=\"text-align: center;\">18-35 mm<\/p>\n<\/td>\n<\/tr>\n<tr>\n<td width=\"201\"><strong>Gamma del diametro del bastone<\/strong><\/td>\n<td width=\"201\">\n<p style=\"text-align: center;\">3,2 - 6,0 mm<\/p>\n<\/td>\n<td width=\"201\">\n<p style=\"text-align: center;\">3,2-6,0 mm<\/p>\n<\/td>\n<\/tr>\n<tr>\n<td width=\"201\"><strong>Potenza<\/strong><\/td>\n<td width=\"201\">\n<p style=\"text-align: center;\">8,5 kW<\/p>\n<\/td>\n<td width=\"201\">\n<p style=\"text-align: center;\">9,5 kW<\/p>\n<\/td>\n<\/tr>\n<\/tbody>\n<\/table>","protected":false},"excerpt":{"rendered":"<p>Macchina avvolgitrice a quattro lati per avvolgere palline, prodotti 3D e lecca-lecca piatti, biscotti, ecc.<\/p>","protected":false},"featured_media":2667,"comment_status":"open","ping_status":"closed","template":"","meta":{"uix_meta_title":"","uix_meta_description":"","uix_canonical_url":""},"product_brand":[],"product_cat":[105],"product_tag":[],"class_list":{"0":"post-2665","1":"product","2":"type-product","3":"status-publish","4":"has-post-thumbnail","6":"product_cat-packaging","8":"first","9":"instock","10":"shipping-taxable","11":"product-type-simple"},"_links":{"self":[{"href":"https:\/\/cormac.eu\/it\/wp-json\/wp\/v2\/product\/2665","targetHints":{"allow":["GET"]}}],"collection":[{"href":"https:\/\/cormac.eu\/it\/wp-json\/wp\/v2\/product"}],"about":[{"href":"https:\/\/cormac.eu\/it\/wp-json\/wp\/v2\/types\/product"}],"replies":[{"embeddable":true,"href":"https:\/\/cormac.eu\/it\/wp-json\/wp\/v2\/comments?post=2665"}],"wp:featuredmedia":[{"embeddable":true,"href":"https:\/\/cormac.eu\/it\/wp-json\/wp\/v2\/media\/2667"}],"wp:attachment":[{"href":"https:\/\/cormac.eu\/it\/wp-json\/wp\/v2\/media?parent=2665"}],"wp:term":[{"taxonomy":"product_brand","embeddable":true,"href":"https:\/\/cormac.eu\/it\/wp-json\/wp\/v2\/product_brand?post=2665"},{"taxonomy":"product_cat","embeddable":true,"href":"https:\/\/cormac.eu\/it\/wp-json\/wp\/v2\/product_cat?post=2665"},{"taxonomy":"product_tag","embeddable":true,"href":"https:\/\/cormac.eu\/it\/wp-json\/wp\/v2\/product_tag?post=2665"}],"curies":[{"name":"wp","href":"https:\/\/api.w.org\/{rel}","templated":true}]}}