{"id":2664,"date":"2022-04-12T19:01:48","date_gmt":"2022-04-12T17:01:48","guid":{"rendered":"https:\/\/cormac.eu\/?post_type=product&#038;p=2664"},"modified":"2022-05-23T11:26:12","modified_gmt":"2022-05-23T09:26:12","slug":"confezionatrice-di-mazzi-cwlb-600-800","status":"publish","type":"product","link":"https:\/\/cormac.eu\/it\/product\/bunch-wrapper-cwlb-600-800\/","title":{"rendered":"Avvolgitore di mazzi CWLB 600-800"},"content":{"rendered":"<p>Questa confezionatrice di mazzetti di lecca-lecca ad alta velocit\u00e0 pu\u00f2 raggiungere una velocit\u00e0 di 800 pezzi al minuto, mantenendo l'affidabilit\u00e0 meccanica e la qualit\u00e0 di confezionamento. La grande testa di avvolgimento \u00e8 dotata di 12 stazioni di avvolgimento facilmente smontabili. Un innovativo sistema di sigillatura durevole sfrutta le resistenze con un consumo elettrico minimo e consente uno smontaggio rapido e semplice. La macchina incorpora un sistema che monitora continuamente e regola automaticamente il materiale da avvolgere, evitando cos\u00ec un'inutile usura del rullo di alimentazione. La macchina pu\u00f2 essere fornita con un sistema di alimentazione e raccolta automatica per ridurre i costi di manodopera e aumentare l'efficienza.<\/p>\n<p><img fetchpriority=\"high\" decoding=\"async\" class=\"alignnone wp-image-2660\" src=\"https:\/\/cormac.eu\/wp-content\/uploads\/2022\/04\/Bunch-lollies-300x214.jpg\" alt=\"\" width=\"300\" height=\"214\" srcset=\"https:\/\/cormac.eu\/wp-content\/uploads\/2022\/04\/Bunch-lollies-300x214.jpg 300w, https:\/\/cormac.eu\/wp-content\/uploads\/2022\/04\/Bunch-lollies.jpg 600w\" sizes=\"(max-width: 300px) 100vw, 300px\" \/><img decoding=\"async\" class=\"alignnone size-medium wp-image-2661\" src=\"https:\/\/cormac.eu\/wp-content\/uploads\/2022\/04\/Lollipop-with-flag-142x300.jpg\" alt=\"\" width=\"142\" height=\"300\" srcset=\"https:\/\/cormac.eu\/wp-content\/uploads\/2022\/04\/Lollipop-with-flag-142x300.jpg 142w, https:\/\/cormac.eu\/wp-content\/uploads\/2022\/04\/Lollipop-with-flag-486x1024.jpg 486w, https:\/\/cormac.eu\/wp-content\/uploads\/2022\/04\/Lollipop-with-flag.jpg 600w\" sizes=\"(max-width: 142px) 100vw, 142px\" \/><img decoding=\"async\" class=\"alignnone size-medium wp-image-2662\" src=\"https:\/\/cormac.eu\/wp-content\/uploads\/2022\/04\/Lollipop-with-tattoo-300x260.jpg\" alt=\"\" width=\"300\" height=\"260\" srcset=\"https:\/\/cormac.eu\/wp-content\/uploads\/2022\/04\/Lollipop-with-tattoo-300x260.jpg 300w, https:\/\/cormac.eu\/wp-content\/uploads\/2022\/04\/Lollipop-with-tattoo.jpg 600w\" sizes=\"(max-width: 300px) 100vw, 300px\" \/><\/p>\n<p>&nbsp;<\/p>\n<p>&nbsp;<\/p>\n<table width=\"571\">\n<tbody>\n<tr>\n<td width=\"286\"><strong>Caratteristiche<\/strong><\/td>\n<td width=\"286\"><strong>Vantaggi<\/strong><\/td>\n<\/tr>\n<tr>\n<td width=\"286\">Esecuzione in acciaio inox<\/td>\n<td width=\"286\">\n<ul>\n<li>Facile da pulire<\/li>\n<li>Design igienico<\/li>\n<\/ul>\n<\/td>\n<\/tr>\n<tr>\n<td width=\"286\">Robusto telaio della macchina<\/td>\n<td width=\"286\">\n<ul>\n<li>Affidabile<\/li>\n<li>Lunga durata tecnica<\/li>\n<\/ul>\n<\/td>\n<\/tr>\n<tr>\n<td width=\"286\">Sistema telescopico integrato<\/td>\n<td width=\"286\">\n<ul>\n<li>Stazioni di avvolgimento di facile distacco<\/li>\n<li>Testa di avvolgimento di facile manutenzione<\/li>\n<\/ul>\n<\/td>\n<\/tr>\n<tr>\n<td width=\"286\">Display touch screen<\/td>\n<td width=\"286\">\n<ul>\n<li>Facile controllo della sincronizzazione<\/li>\n<li>visualizzazione dell'allarme<\/li>\n<li>Memorizzazione delle impostazioni<\/li>\n<\/ul>\n<\/td>\n<\/tr>\n<tr>\n<td width=\"286\">Connessione modem<\/td>\n<td width=\"286\">\n<ul>\n<li>Assistenza remota<\/li>\n<li>facile integrazione nell'intranet dell'utente<\/li>\n<\/ul>\n<\/td>\n<\/tr>\n<tr>\n<td width=\"286\">Opzioni di automazione<\/td>\n<td width=\"286\">\n<ul>\n<li>Nastro di alimentazione<\/li>\n<li>nastro di scarico\/raccolta<\/li>\n<li>Conteggio prodotti controllato da PLC<\/li>\n<\/ul>\n<\/td>\n<\/tr>\n<\/tbody>\n<\/table>\n<p>&nbsp;<\/p>\n<table>\n<tbody>\n<tr>\n<td width=\"230\"><\/td>\n<td width=\"115\">\n<p style=\"text-align: center;\"><strong>CLWB 400<\/strong><\/p>\n<\/td>\n<td style=\"text-align: center;\" width=\"115\"><strong>CLWB 600<\/strong><\/td>\n<td width=\"115\">\n<p style=\"text-align: center;\"><strong>CLWB 800<\/strong><\/p>\n<\/td>\n<\/tr>\n<tr>\n<td width=\"230\"><strong>Capacit\u00e0<\/strong><\/td>\n<td width=\"115\">\n<p style=\"text-align: center;\">400 ppm<\/p>\n<\/td>\n<td style=\"text-align: center;\" width=\"115\">600 ppm<\/td>\n<td width=\"115\">\n<p style=\"text-align: center;\">800 ppm<\/p>\n<\/td>\n<\/tr>\n<tr>\n<td width=\"230\"><strong>lecca-lecca <\/strong><strong>Gamma \u00d8<\/strong><\/td>\n<td width=\"115\">\n<p style=\"text-align: center;\">18 - 35 mm<\/p>\n<\/td>\n<td style=\"text-align: center;\" width=\"115\">18 - 35 mm<\/td>\n<td width=\"115\">\n<p style=\"text-align: center;\">18 - 35 mm<\/p>\n<\/td>\n<\/tr>\n<tr>\n<td width=\"230\"><strong>Lunghezza massima della sfera<\/strong><\/td>\n<td width=\"115\">\n<p style=\"text-align: center;\">40 mm<\/p>\n<\/td>\n<td style=\"text-align: center;\" width=\"115\">40 mm<\/td>\n<td width=\"115\">\n<p style=\"text-align: center;\">40 mm<\/p>\n<\/td>\n<\/tr>\n<tr>\n<td width=\"230\"><strong>Bastone <\/strong><strong>Gamma \u00d8<\/strong><\/td>\n<td width=\"115\">\n<p style=\"text-align: center;\">3,2 - 6 mm<\/p>\n<\/td>\n<td style=\"text-align: center;\" width=\"115\">3,2 - 6 mm<\/td>\n<td width=\"115\">\n<p style=\"text-align: center;\">3,2 - 6 mm<\/p>\n<\/td>\n<\/tr>\n<tr>\n<td width=\"230\"><strong>Larghezza del materiale di avvolgimento<\/strong><\/td>\n<td width=\"115\">\n<p style=\"text-align: center;\">80 - 135 mm<\/p>\n<\/td>\n<td style=\"text-align: center;\" width=\"115\">80 - 135 mm<\/td>\n<td width=\"115\">\n<p style=\"text-align: center;\">80 - 135 mm<\/p>\n<\/td>\n<\/tr>\n<tr>\n<td width=\"230\"><strong>Materiale d'imballaggio lunghezza massima<\/strong><\/td>\n<td width=\"115\">\n<p style=\"text-align: center;\">135 mm<\/p>\n<\/td>\n<td style=\"text-align: center;\" width=\"115\">135 mm<\/td>\n<td width=\"115\">\n<p style=\"text-align: center;\">135 mm<\/p>\n<\/td>\n<\/tr>\n<tr>\n<td width=\"230\"><strong>Gamma di peso del materiale da imballaggio<\/strong><\/td>\n<td width=\"115\">\n<p style=\"text-align: center;\">35-45 gr\/m2<\/p>\n<\/td>\n<td style=\"text-align: center;\" width=\"115\">35-45 gr\/m2<\/td>\n<td width=\"115\">\n<p style=\"text-align: center;\">35-45 gr\/m2<\/p>\n<\/td>\n<\/tr>\n<tr>\n<td width=\"230\"><strong>Massimo esterno<\/strong><strong> \u00d8 della bobina <\/strong><\/td>\n<td width=\"115\">\n<p style=\"text-align: center;\">300 mm<\/p>\n<\/td>\n<td style=\"text-align: center;\" width=\"115\">300 mm<\/td>\n<td width=\"115\">\n<p style=\"text-align: center;\">300 mm<\/p>\n<\/td>\n<\/tr>\n<tr>\n<td width=\"230\"><strong>Bobina interna <\/strong><strong>Gamma \u00d8<\/strong><\/td>\n<td width=\"115\">\n<p style=\"text-align: center;\">70 - 76 mm<\/p>\n<\/td>\n<td style=\"text-align: center;\" width=\"115\">70 - 76 mm<\/td>\n<td width=\"115\">\n<p style=\"text-align: center;\">70 - 76 mm<\/p>\n<\/td>\n<\/tr>\n<tr>\n<td width=\"230\"><strong>Macchina del peso<\/strong><\/td>\n<td width=\"115\">\n<p style=\"text-align: center;\">1100 kg<\/p>\n<\/td>\n<td style=\"text-align: center;\" width=\"115\">1200 kg<\/td>\n<td width=\"115\">\n<p style=\"text-align: center;\">2500 kg<\/p>\n<\/td>\n<\/tr>\n<tr>\n<td width=\"230\"><strong>Potenza<\/strong><\/td>\n<td width=\"115\">\n<p style=\"text-align: center;\">5,5 kW<\/p>\n<\/td>\n<td style=\"text-align: center;\" width=\"115\">9,0 kW<\/td>\n<td width=\"115\">\n<p style=\"text-align: center;\">14,0 kW<\/p>\n<\/td>\n<\/tr>\n<\/tbody>\n<\/table>","protected":false},"excerpt":{"rendered":"<p>Macchina avvolgitrice ad alta velocit\u00e0 per lecca-lecca a forma di palla con velocit\u00e0 fino a 800 ppm.<\/p>","protected":false},"featured_media":2659,"comment_status":"open","ping_status":"closed","template":"","meta":{"uix_meta_title":"","uix_meta_description":"","uix_canonical_url":""},"product_brand":[],"product_cat":[104],"product_tag":[],"class_list":{"0":"post-2664","1":"product","2":"type-product","3":"status-publish","4":"has-post-thumbnail","6":"product_cat-processing","8":"first","9":"instock","10":"shipping-taxable","11":"product-type-simple"},"_links":{"self":[{"href":"https:\/\/cormac.eu\/it\/wp-json\/wp\/v2\/product\/2664","targetHints":{"allow":["GET"]}}],"collection":[{"href":"https:\/\/cormac.eu\/it\/wp-json\/wp\/v2\/product"}],"about":[{"href":"https:\/\/cormac.eu\/it\/wp-json\/wp\/v2\/types\/product"}],"replies":[{"embeddable":true,"href":"https:\/\/cormac.eu\/it\/wp-json\/wp\/v2\/comments?post=2664"}],"wp:featuredmedia":[{"embeddable":true,"href":"https:\/\/cormac.eu\/it\/wp-json\/wp\/v2\/media\/2659"}],"wp:attachment":[{"href":"https:\/\/cormac.eu\/it\/wp-json\/wp\/v2\/media?parent=2664"}],"wp:term":[{"taxonomy":"product_brand","embeddable":true,"href":"https:\/\/cormac.eu\/it\/wp-json\/wp\/v2\/product_brand?post=2664"},{"taxonomy":"product_cat","embeddable":true,"href":"https:\/\/cormac.eu\/it\/wp-json\/wp\/v2\/product_cat?post=2664"},{"taxonomy":"product_tag","embeddable":true,"href":"https:\/\/cormac.eu\/it\/wp-json\/wp\/v2\/product_tag?post=2664"}],"curies":[{"name":"wp","href":"https:\/\/api.w.org\/{rel}","templated":true}]}}