{"id":2439,"date":"2022-04-02T15:02:33","date_gmt":"2022-04-02T13:02:33","guid":{"rendered":"https:\/\/cormac.eu\/?post_type=product&#038;p=2439"},"modified":"2022-06-06T00:44:06","modified_gmt":"2022-06-05T22:44:06","slug":"rondella-a-cremagliera","status":"publish","type":"product","link":"https:\/\/cormac.eu\/it\/product\/rack-washer\/","title":{"rendered":"Lavacristalli"},"content":{"rendered":"<p>Questa lavastrumenti flessibile \u00e8 in grado di gestire scaffalature, grandi vassoi e carrelli con risultati di pulizia ottimali. Pu\u00f2 essere realizzata con porte di larghezza e dimensioni diverse in base alle esigenze specifiche del cliente. Anche l'area di lavaggio \u00e8 personalizzabile. Questa efficiente macchina pu\u00f2 essere utilizzata da una sola persona. La macchina pu\u00f2 essere dotata di una rampa se collocata a un livello superiore del pavimento. Inoltre, pu\u00f2 essere montata in una fossa.<\/p>\n<table width=\"604\">\n<tbody>\n<tr>\n<td width=\"302\"><strong>Caratteristiche<\/strong><\/td>\n<td width=\"302\"><strong>Vantaggi<\/strong><\/td>\n<\/tr>\n<tr>\n<td width=\"302\">Costruzione in acciaio inox<\/td>\n<td width=\"302\">\n<ul>\n<li>Rigido<\/li>\n<li>Igenico<\/li>\n<\/ul>\n<\/td>\n<\/tr>\n<tr>\n<td width=\"302\">Getti rotanti<\/td>\n<td width=\"302\">\n<ul>\n<li>Potere lavante intenso<\/li>\n<\/ul>\n<\/td>\n<\/tr>\n<tr>\n<td width=\"302\">Lavaggio del bidone a ricircolo<\/td>\n<td width=\"302\">\n<ul>\n<li>Ridurre il consumo di acqua<\/li>\n<\/ul>\n<\/td>\n<\/tr>\n<tr>\n<td width=\"302\">Controlli touch screen<\/td>\n<td width=\"302\">\n<ul>\n<li>Selezione dei parametri<\/li>\n<li>Registrazione e archiviazione dei dati<\/li>\n<li>Controllo del tempo di lavaggio e risciacquo<\/li>\n<li>Programmi di lavaggio multipli<\/li>\n<\/ul>\n<\/td>\n<\/tr>\n<tr>\n<td width=\"302\">Design a risparmio energetico<\/td>\n<td width=\"302\">\n<ul>\n<li>Riduzione del consumo di detergenti<\/li>\n<li>Costi di gestione ridotti<\/li>\n<li>Minore impatto sull'ambiente<\/li>\n<\/ul>\n<\/td>\n<\/tr>\n<tr>\n<td width=\"302\">Cicli di lavaggio, risciacquo e asciugatura<\/td>\n<td width=\"302\">\n<ul>\n<li>Ottimi risultati di pulizia<\/li>\n<\/ul>\n<\/td>\n<\/tr>\n<tr>\n<td width=\"302\">Opzionale<\/td>\n<td width=\"302\">\n<ul>\n<li>Serbatoio di risciacquo a riscaldamento automatico<\/li>\n<li>Pompa di risciacquo<\/li>\n<li>Ventilatore di estrazione del vapore<\/li>\n<li>Design a due porte passanti<\/li>\n<li>Riscaldamento a vapore, elettrico o a gas<\/li>\n<\/ul>\n<\/td>\n<\/tr>\n<\/tbody>\n<\/table>","protected":false},"excerpt":{"rendered":"<p>Macchina flessibile per il lavaggio di scaffalature, recipienti di grandi dimensioni e carrelli.<\/p>","protected":false},"featured_media":2438,"comment_status":"open","ping_status":"closed","template":"","meta":{"uix_meta_title":"","uix_meta_description":"","uix_canonical_url":""},"product_brand":[],"product_cat":[108],"product_tag":[],"class_list":{"0":"post-2439","1":"product","2":"type-product","3":"status-publish","4":"has-post-thumbnail","6":"product_cat-hygiene","8":"first","9":"instock","10":"shipping-taxable","11":"product-type-simple"},"_links":{"self":[{"href":"https:\/\/cormac.eu\/it\/wp-json\/wp\/v2\/product\/2439","targetHints":{"allow":["GET"]}}],"collection":[{"href":"https:\/\/cormac.eu\/it\/wp-json\/wp\/v2\/product"}],"about":[{"href":"https:\/\/cormac.eu\/it\/wp-json\/wp\/v2\/types\/product"}],"replies":[{"embeddable":true,"href":"https:\/\/cormac.eu\/it\/wp-json\/wp\/v2\/comments?post=2439"}],"wp:featuredmedia":[{"embeddable":true,"href":"https:\/\/cormac.eu\/it\/wp-json\/wp\/v2\/media\/2438"}],"wp:attachment":[{"href":"https:\/\/cormac.eu\/it\/wp-json\/wp\/v2\/media?parent=2439"}],"wp:term":[{"taxonomy":"product_brand","embeddable":true,"href":"https:\/\/cormac.eu\/it\/wp-json\/wp\/v2\/product_brand?post=2439"},{"taxonomy":"product_cat","embeddable":true,"href":"https:\/\/cormac.eu\/it\/wp-json\/wp\/v2\/product_cat?post=2439"},{"taxonomy":"product_tag","embeddable":true,"href":"https:\/\/cormac.eu\/it\/wp-json\/wp\/v2\/product_tag?post=2439"}],"curies":[{"name":"wp","href":"https:\/\/api.w.org\/{rel}","templated":true}]}}