{"id":183,"date":"2021-02-02T11:30:04","date_gmt":"2021-02-02T11:30:04","guid":{"rendered":"https:\/\/cormac.tijdelijk.org\/?post_type=product&#038;p=183"},"modified":"2022-05-30T16:27:39","modified_gmt":"2022-05-30T14:27:39","slug":"tunnel-di-raffreddamento-lloveras-2","status":"publish","type":"product","link":"https:\/\/cormac.eu\/it\/product\/lloveras-cooling-tunnel\/","title":{"rendered":"Tunnel di raffreddamento di Lloveras"},"content":{"rendered":"<p>Il tunnel di raffreddamento Lloveras \u00e8 costituito da un robusto telaio di macchina. Le coperture sono rivestite da una lastra di acciaio decorata con superficie laminata in pvc e isolamento in poliuretano, con il vantaggio di essere leggera. La lunghezza del tunnel di raffreddamento \u00e8 flessibile ed \u00e8 composta da sezioni di dimensioni standard. Il coperchio di ogni sezione pu\u00f2 essere completamente aperto per l'ispezione e la pulizia. La circolazione dell'aria all'interno del tunnel \u00e8 longitudinale e l'unit\u00e0 incorpora tutte le canalizzazioni necessarie per consentire un flusso d'aria ottimale lungo il tunnel e una distribuzione uniforme della temperatura. Il tunnel di raffreddamento \u00e8 predisposto per lavorare con un flusso d'aria fredda a convezione (raffreddamento diretto) o per irraggiamento (raffreddamento indiretto). L'evaporatore e le turbine sono situati nella parte inferiore del tunnel. Il compressore e il condensatore sono forniti come unit\u00e0 indipendenti da collocare secondo le preferenze del cliente. Si consiglia di installare il tunnel di raffreddamento in un'area climatizzata con temperatura di 20-22 \u00b0C e umidit\u00e0 massima di 55%.<\/p>\n<p>&nbsp;<\/p>\n<h3>Applicazione<\/h3>\n<p>Raffreddamento del prodotto ricoperto di cioccolato o composto<\/p>\n<p>&nbsp;<\/p>\n<h3>Gamma di capacit\u00e0<\/h3>\n<p>La capacit\u00e0 \u00e8 determinata dalla lunghezza del tunnel di raffreddamento.<\/p>\n<p>&nbsp;<\/p>\n<table class=\"features\" border=\"0\">\n<tbody>\n<tr>\n<td><strong>Caratteristiche<\/strong><\/td>\n<td><strong>Vantaggi<\/strong><\/td>\n<\/tr>\n<tr>\n<td>Rivestimento in acciaio inox laminato in PVC<\/td>\n<td>\n<ul>\n<li>Design igienico<\/li>\n<li>Facile da ispezionare e da pulire<\/li>\n<\/ul>\n<\/td>\n<\/tr>\n<tr>\n<td>Isolamento in PU<\/td>\n<td>\n<ul>\n<li>consumo energetico ridotto<\/li>\n<\/ul>\n<\/td>\n<\/tr>\n<tr>\n<td>Raffreddamento a convezione o a radiazione<\/td>\n<td>\n<ul>\n<li>Eccellente controllo del flusso d'aria<\/li>\n<li>Ottime capacit\u00e0 di raffreddamento<\/li>\n<\/ul>\n<\/td>\n<\/tr>\n<tr>\n<td>Sistema di autocentraggio del nastro<\/td>\n<td>\n<ul>\n<li>movimento affidabile del nastro<\/li>\n<li>Meno inquinamento da cintura<\/li>\n<\/ul>\n<\/td>\n<\/tr>\n<tr>\n<td>Variazione indipendente della velocit\u00e0 del nastro e della rete<\/td>\n<td>\n<ul>\n<li>buon controllo del processo<\/li>\n<\/ul>\n<\/td>\n<\/tr>\n<tr>\n<td>PLC e LCD<\/td>\n<td>\n<ul>\n<li>facile da usare per l'operatore<\/li>\n<\/ul>\n<\/td>\n<\/tr>\n<\/tbody>\n<\/table>","protected":false},"excerpt":{"rendered":"<p>Il tunnel di raffreddamento Lloveras \u00e8 costituito da un robusto telaio di macchina. Le coperture sono rivestite da una lastra di acciaio decorata con superficie laminata in pvc e isolamento in poliuretano, con il vantaggio di essere leggera.<\/p>","protected":false},"featured_media":996,"comment_status":"open","ping_status":"closed","template":"","meta":{"uix_meta_title":"","uix_meta_description":"","uix_canonical_url":""},"product_brand":[],"product_cat":[104],"product_tag":[],"class_list":{"0":"post-183","1":"product","2":"type-product","3":"status-publish","4":"has-post-thumbnail","6":"product_cat-processing","8":"first","9":"instock","10":"downloadable","11":"virtual","12":"product-type-simple"},"_links":{"self":[{"href":"https:\/\/cormac.eu\/it\/wp-json\/wp\/v2\/product\/183","targetHints":{"allow":["GET"]}}],"collection":[{"href":"https:\/\/cormac.eu\/it\/wp-json\/wp\/v2\/product"}],"about":[{"href":"https:\/\/cormac.eu\/it\/wp-json\/wp\/v2\/types\/product"}],"replies":[{"embeddable":true,"href":"https:\/\/cormac.eu\/it\/wp-json\/wp\/v2\/comments?post=183"}],"wp:featuredmedia":[{"embeddable":true,"href":"https:\/\/cormac.eu\/it\/wp-json\/wp\/v2\/media\/996"}],"wp:attachment":[{"href":"https:\/\/cormac.eu\/it\/wp-json\/wp\/v2\/media?parent=183"}],"wp:term":[{"taxonomy":"product_brand","embeddable":true,"href":"https:\/\/cormac.eu\/it\/wp-json\/wp\/v2\/product_brand?post=183"},{"taxonomy":"product_cat","embeddable":true,"href":"https:\/\/cormac.eu\/it\/wp-json\/wp\/v2\/product_cat?post=183"},{"taxonomy":"product_tag","embeddable":true,"href":"https:\/\/cormac.eu\/it\/wp-json\/wp\/v2\/product_tag?post=183"}],"curies":[{"name":"wp","href":"https:\/\/api.w.org\/{rel}","templated":true}]}}