{"id":4065,"date":"2023-11-10T14:43:58","date_gmt":"2023-11-10T13:43:58","guid":{"rendered":"https:\/\/cormac.eu\/?post_type=product&#038;p=4065"},"modified":"2023-11-10T14:47:56","modified_gmt":"2023-11-10T13:47:56","slug":"kopenyezogep","status":"publish","type":"product","link":"https:\/\/cormac.eu\/hu\/product\/sleeving-machine\/","title":{"rendered":"H\u00fcvelyez\u0151 g\u00e9p"},"content":{"rendered":"<p>A sleeving g\u00e9peket \u00fagy tervezt\u00e9k, hogy kartonh\u00fcvelyt helyezzenek egy term\u00e9k (pl. k\u00e9sz\u00e9telek t\u00e1lc\u00e1i, desszertpoharak stb.) vagy term\u00e9kcsoport (pl. poharak, t\u00e9gl\u00e1k, konzervdobozok stb.) k\u00f6r\u00e9. Ezt a kartonh\u00fcvelyt forr\u00f3 olvad\u00e9kragaszt\u00f3val vagy kamp\u00f3kkal csomagolj\u00e1k \u00e9s r\u00f6gz\u00edtik. A sleeve-g\u00e9pek k\u00fcl\u00f6nb\u00f6z\u0151 t\u00edpus\u00fa lez\u00e1r\u00e1sokkal (alul, oldalt, fel\u00fcl stb.) \u00e9s gyors \u00e9s egyszer\u0171 form\u00e1tumv\u00e1lt\u00e1ssal kaphat\u00f3k. A sebess\u00e9g elektronikusan \u00e1ll\u00edthat\u00f3, maximum 250 h\u00fcvely\/perc sebess\u00e9gig. A VIMCO \u00e1ltal tervezett sleeving g\u00e9pek sz\u00e9les v\u00e1laszt\u00e9ka k\u00fcl\u00f6nb\u00f6z\u0151 g\u00e9poszt\u00e1sokkal kaphat\u00f3, hogy megfeleljen az \u00fcgyfelek k\u00fcl\u00f6nb\u00f6z\u0151 ig\u00e9nyeinek \u00e9s a k\u00fcl\u00f6nb\u00f6z\u0151 term\u00e9kekkel val\u00f3 munkav\u00e9gz\u00e9shez. A Vimco csapata k\u00e9szs\u00e9ggel \u00e1ll rendelkez\u00e9sre a dobozok k\u00fcl\u00f6nleges m\u00e9ret\u00e9hez vagy form\u00e1j\u00e1hoz igaz\u00edtott egyedi g\u00e9pek tanulm\u00e1nyoz\u00e1s\u00e1ban \u00e9s tervez\u00e9s\u00e9ben.<\/p>\n<p><img decoding=\"async\" class=\"alignnone size-medium wp-image-4042\" src=\"https:\/\/cormac.eu\/wp-content\/uploads\/2023\/11\/sleeving-process-300x120.jpg\" alt=\"\" width=\"300\" height=\"120\" srcset=\"https:\/\/cormac.eu\/wp-content\/uploads\/2023\/11\/sleeving-process-300x120.jpg 300w, https:\/\/cormac.eu\/wp-content\/uploads\/2023\/11\/sleeving-process.jpg 582w\" sizes=\"(max-width: 300px) 100vw, 300px\" \/><\/p>\n<p>&nbsp;<\/p>\n<p>EL\u00c9RHET\u0150 MODELLEK:<\/p>\n<ul>\n<li>T\u00e1lc\u00e1k f\u00f3li\u00e1z\u00e1s\u00e1ra szolg\u00e1l\u00f3 g\u00e9pek, max. 120 db\/perc sebess\u00e9ggel<\/li>\n<li>H\u00fcvelyez\u0151g\u00e9pek ed\u00e9nyekhez \u00e9s konzervdobozokhoz, max. sebess\u00e9g ak\u00e1r 250 db\/perc<\/li>\n<li>K\u00dcL\u00d6NLEGES: testreszabott sleeving g\u00e9pek<\/li>\n<\/ul>\n<p>&nbsp;<\/p>\n<table style=\"height: 358px\" width=\"828\">\n<tbody>\n<tr>\n<td width=\"264\"><strong>F<\/strong><strong>eatures<\/strong><\/td>\n<td width=\"340\"><strong>El\u0151ny\u00f6k<\/strong><\/td>\n<\/tr>\n<tr>\n<td width=\"264\">Sebess\u00e9gszab\u00e1lyoz\u00e1s<\/td>\n<td width=\"340\">\u00c1ll\u00edthat\u00f3 sebess\u00e9g<\/td>\n<\/tr>\n<tr>\n<td width=\"264\">Oldals\u00f3, fels\u0151 vagy als\u00f3 z\u00e1r\u00e1s<\/td>\n<td width=\"340\">K\u00fcl\u00f6nb\u00f6z\u0151 z\u00e1r\u00f3rendszerek \u00e1llnak rendelkez\u00e9sre<\/td>\n<\/tr>\n<tr>\n<td width=\"264\">Gyors \u00e1t\u00e1ll\u00e1s<\/td>\n<td width=\"340\">\u00c1tlagos v\u00e1ltoz\u00e1s 5-10 perc alatt<\/td>\n<\/tr>\n<tr>\n<td width=\"264\">R\u00fad n\u00e9lk\u00fcli vagy festett ac\u00e9lszerkezet<\/td>\n<td width=\"340\">Alkalmas k\u00fcl\u00f6nb\u00f6z\u0151 ipar\u00e1gak sz\u00e1m\u00e1ra<\/td>\n<\/tr>\n<\/tbody>\n<\/table>\n<p>&nbsp;<\/p>","protected":false},"excerpt":{"rendered":"<p>A sleeving g\u00e9pet \u00fagy tervezt\u00e9k, hogy kartonh\u00fcvelyt helyezzen egyetlen term\u00e9k, term\u00e9kcsoport vagy t\u00e1lca k\u00f6r\u00e9.<\/p>","protected":false},"featured_media":4041,"comment_status":"open","ping_status":"closed","template":"","meta":{"uix_meta_title":"","uix_meta_description":"","uix_canonical_url":""},"product_brand":[],"product_cat":[114],"product_tag":[],"class_list":{"0":"post-4065","1":"product","2":"type-product","3":"status-publish","4":"has-post-thumbnail","6":"product_cat-secondary-packaging","8":"first","9":"instock","10":"shipping-taxable","11":"product-type-simple"},"_links":{"self":[{"href":"https:\/\/cormac.eu\/hu\/wp-json\/wp\/v2\/product\/4065","targetHints":{"allow":["GET"]}}],"collection":[{"href":"https:\/\/cormac.eu\/hu\/wp-json\/wp\/v2\/product"}],"about":[{"href":"https:\/\/cormac.eu\/hu\/wp-json\/wp\/v2\/types\/product"}],"replies":[{"embeddable":true,"href":"https:\/\/cormac.eu\/hu\/wp-json\/wp\/v2\/comments?post=4065"}],"wp:featuredmedia":[{"embeddable":true,"href":"https:\/\/cormac.eu\/hu\/wp-json\/wp\/v2\/media\/4041"}],"wp:attachment":[{"href":"https:\/\/cormac.eu\/hu\/wp-json\/wp\/v2\/media?parent=4065"}],"wp:term":[{"taxonomy":"product_brand","embeddable":true,"href":"https:\/\/cormac.eu\/hu\/wp-json\/wp\/v2\/product_brand?post=4065"},{"taxonomy":"product_cat","embeddable":true,"href":"https:\/\/cormac.eu\/hu\/wp-json\/wp\/v2\/product_cat?post=4065"},{"taxonomy":"product_tag","embeddable":true,"href":"https:\/\/cormac.eu\/hu\/wp-json\/wp\/v2\/product_tag?post=4065"}],"curies":[{"name":"wp","href":"https:\/\/api.w.org\/{rel}","templated":true}]}}